{"id":352,"date":"2016-11-22T10:29:55","date_gmt":"2016-11-22T09:29:55","guid":{"rendered":"http:\/\/www.hotel-stoecklwirt.at\/?page_id=352"},"modified":"2024-03-28T10:46:55","modified_gmt":"2024-03-28T09:46:55","slug":"hotel-restaurant-stoecklwirt","status":"publish","type":"page","link":"https:\/\/www.hotel-stoecklwirt.at\/en\/hotel-restaurant-stoecklwirt\/","title":{"rendered":"hotel restaurant stoecklwirt"},"content":{"rendered":"<div id=\"pl-352\"  class=\"panel-layout\" ><div id=\"pg-352-0\"  class=\"panel-grid panel-no-style\" ><div id=\"pgc-352-0-0\"  class=\"panel-grid-cell\" ><div id=\"panel-352-0-0-0\" class=\"so-panel widget widget_black-studio-tinymce widget_black_studio_tinymce panel-first-child panel-last-child\" data-index=\"0\" ><div class=\"textwidget\"><p>\n\t\t<!-- MasterSlider -->\n\t\t<div id=\"P_MS6a0602ad49daa\" class=\"master-slider-parent msl ms-parent-id-1\" style=\"\">\n\n\t\t\t\n\t\t\t<!-- MasterSlider Main -->\n\t\t\t<div id=\"MS6a0602ad49daa\" class=\"master-slider ms-skin-light-6 round-skin\" >\n\t\t\t\t \t\t\t\t \n\t\t\t\t<div  class=\"ms-slide\" data-delay=\"3\" data-fill-mode=\"fill\"  >\n\t\t\t\t\t<img decoding=\"async\" src=\"https:\/\/www.hotel-stoecklwirt.at\/wp-content\/plugins\/master-slider\/public\/assets\/css\/blank.gif\" alt=\"Hotel Restaurant St\u00f6cklwirt Ihr Team\" title=\"\" data-src=\"https:\/\/www.hotel-stoecklwirt.at\/wp-content\/uploads\/2016\/12\/Weinspezialita\u0308ten-Stoecklwirt.jpg\" \/>\n\n\n\t<div class=\"ms-thumb\" ><div class=\"ms-tab-context\"><div class=\"&quot;ms-tab-context&quot;\"><\/div><\/div>\n<\/div>\n\t\t\t\t<\/div>\n\t\t\t\t<div  class=\"ms-slide\" data-delay=\"3\" data-fill-mode=\"fill\"  >\n\t\t\t\t\t<img decoding=\"async\" src=\"https:\/\/www.hotel-stoecklwirt.at\/wp-content\/plugins\/master-slider\/public\/assets\/css\/blank.gif\" alt=\"Hotel Restaurant Stoecklwirt, seit Generationen als Familienbetrieb gef\u00fchrt\" title=\"\" data-src=\"https:\/\/www.hotel-stoecklwirt.at\/wp-content\/uploads\/2016\/12\/familienbetrieb-stoecklwirt.jpg\" \/>\n\n\n\t<div class=\"ms-thumb\" ><div class=\"ms-tab-context\"><div class=\"&quot;ms-tab-context&quot;\"><\/div><\/div>\n<\/div>\n\t\t\t\t<\/div>\n\t\t\t\t<div  class=\"ms-slide\" data-delay=\"3\" data-fill-mode=\"fill\"  >\n\t\t\t\t\t<img decoding=\"async\" src=\"https:\/\/www.hotel-stoecklwirt.at\/wp-content\/plugins\/master-slider\/public\/assets\/css\/blank.gif\" alt=\"Weinspezialit\u00e4ten im Restaurant St\u00f6cklwirt - Weinkenner werden es lieben!\" title=\"\" data-src=\"https:\/\/www.hotel-stoecklwirt.at\/wp-content\/uploads\/2016\/12\/Hotel-Restaurant-Stoecklwirt-Gastgeber.jpg\" \/>\n\n\n\t<div class=\"ms-thumb\" ><div class=\"ms-tab-context\"><div class=\"&quot;ms-tab-context&quot;\"><\/div><\/div>\n<\/div>\n\t\t\t\t<\/div>\n\n\t\t\t<\/div>\n\t\t\t<!-- END MasterSlider Main -->\n\n\t\t\t \n\t\t<\/div>\n\t\t<!-- END MasterSlider -->\n\n\t\t<script>\n\t\t(function ( $ ) {\n\t\t\t\"use strict\";\n\n\t\t\t$(function () {\n\t\t\t\tvar masterslider_9daa = new MasterSlider();\n\n\t\t\t\t\/\/ slider controls\n\t\t\t\tmasterslider_9daa.control('arrows'     ,{ autohide:true, overVideo:true  });\t\t\t\tmasterslider_9daa.control('bullets'    ,{ autohide:true, overVideo:true, dir:'h', align:'bottom' , margin:10  });\n\n\t\t\t\tmasterslider_9daa.control('scrollbar'  ,{ autohide:true, overVideo:true, dir:'h', inset:true, align:'top', color:'#404040' , margin:10  , width:4 });\n\t\t\t\t\/\/ slider setup\n\t\t\t\tmasterslider_9daa.setup(\"MS6a0602ad49daa\", {\n\t\t\t\t\t\twidth           : 800,\n\t\t\t\t\t\theight          : 850,\n\t\t\t\t\t\tminHeight       : 0,\n\t\t\t\t\t\tspace           : 0,\n\t\t\t\t\t\tstart           : 1,\n\t\t\t\t\t\tgrabCursor      : true,\n\t\t\t\t\t\tswipe           : true,\n\t\t\t\t\t\tmouse           : true,\n\t\t\t\t\t\tlayout          : \"fullwidth\",\n\t\t\t\t\t\twheel           : false,\n\t\t\t\t\t\tautoplay        : true,\n\t\t\t\t\t\tinstantStartLayers:false,\n\t\t\t\t\t\tloop            : false,\n\t\t\t\t\t\tshuffle         : false,\n\t\t\t\t\t\tpreload         : 0,\n\t\t\t\t\t\theightLimit     : true,\n\t\t\t\t\t\tautoHeight      : true,\n\t\t\t\t\t\tsmoothHeight    : true,\n\t\t\t\t\t\tendPause        : false,\n\t\t\t\t\t\toverPause       : true,\n\t\t\t\t\t\tfillMode        : \"fill\",\n\t\t\t\t\t\tcenterControls  : false,\n\t\t\t\t\t\tstartOnAppear   : false,\n\t\t\t\t\t\tlayersMode      : \"center\",\n\t\t\t\t\t\thideLayers      : false,\n\t\t\t\t\t\tfullscreenMargin: 0,\n\t\t\t\t\t\tspeed           : 20,\n\t\t\t\t\t\tdir             : \"h\",\n\t\t\t\t\t\tparallaxMode    : 'swipe',\n\t\t\t\t\t\tview            : \"basic\"\n\t\t\t\t});\n\n\t\t\t\t\n\t\t\t\twindow.masterslider_instances = window.masterslider_instances || [];\n\t\t\t\twindow.masterslider_instances.push( masterslider_9daa );\n\t\t\t });\n\n\t\t})(jQuery);\n\t\t<\/script>\n\n<\/p>\n<\/div><\/div><\/div><\/div><div id=\"pg-352-1\"  class=\"panel-grid panel-no-style\" ><div id=\"pgc-352-1-0\"  class=\"panel-grid-cell\" ><div id=\"panel-352-1-0-0\" class=\"so-panel widget widget_black-studio-tinymce widget_black_studio_tinymce panel-first-child panel-last-child\" data-index=\"1\" ><div class=\"panel-widget-style panel-widget-style-for-352-1-0-0\" ><div class=\"textwidget\"><p><div id='gallery-1' class='gallery galleryid-352 gallery-columns-1 gallery-size-full'><figure class='gallery-item'>\n\t\t\t<div class='gallery-icon portrait'>\n\t\t\t\t<a href='https:\/\/www.hotel-stoecklwirt.at\/wp-content\/uploads\/2024\/03\/Wir.jpg' title=\"\" data-rl_title=\"\" class=\"rl-gallery-link\" data-rl_caption=\"\" data-rel=\"lightbox-gallery-1\"><img loading=\"lazy\" decoding=\"async\" width=\"1067\" height=\"1068\" src=\"https:\/\/www.hotel-stoecklwirt.at\/wp-content\/uploads\/2024\/03\/Wir.jpg\" class=\"attachment-full size-full\" alt=\"Gastgeber Hotel Stoecklwirt\" srcset=\"https:\/\/www.hotel-stoecklwirt.at\/wp-content\/uploads\/2024\/03\/Wir.jpg 1067w, https:\/\/www.hotel-stoecklwirt.at\/wp-content\/uploads\/2024\/03\/Wir-300x300.jpg 300w, https:\/\/www.hotel-stoecklwirt.at\/wp-content\/uploads\/2024\/03\/Wir-1024x1024.jpg 1024w, https:\/\/www.hotel-stoecklwirt.at\/wp-content\/uploads\/2024\/03\/Wir-150x150.jpg 150w, https:\/\/www.hotel-stoecklwirt.at\/wp-content\/uploads\/2024\/03\/Wir-768x769.jpg 768w\" sizes=\"auto, (max-width: 1067px) 100vw, 1067px\" \/><\/a>\n\t\t\t<\/div><\/figure>\n\t\t<\/div>\n<\/p>\n<\/div><\/div><\/div><\/div><div id=\"pgc-352-1-1\"  class=\"panel-grid-cell\" ><div id=\"panel-352-1-1-0\" class=\"so-panel widget widget_black-studio-tinymce widget_black_studio_tinymce panel-first-child panel-last-child\" data-index=\"2\" ><div class=\"textwidget\"><h4><strong>Ulli, Heli, and Team<\/strong><\/h4>\n<p>The best compliment for us is if you feel comfortable here.<\/p>\n<p>We, the Family Rosian, have been taking care of our guests since1843. We want our St\u00f6cklwirt to become your holiday home. Arrive, feel good, leave your daily routine behind, and come back again and again.<\/p>\n<p>In 2003, Marianne &amp; Peter Rosian passed the St\u00f6cklwirt to Ulrike Rosian. Together with Helmut Gerdenitsch, she has been continually renovating the traditional business and is managing it with much love and passion.<\/p>\n<p>We and our team are always happy to make time for you and look forward to a personal chat and a pleasant time. Personal care is our top priority.<\/p>\n<p><a href=\"https:\/\/hotel-stoecklwirt.at\"><img loading=\"lazy\" decoding=\"async\" class=\"aligncenter wp-image-338 size-full\" src=\"https:\/\/hotel-stoecklwirt.at\/wp-content\/uploads\/2016\/11\/Logo_2-Kopie.png\" alt=\"Logo\" width=\"285\" height=\"145\" \/><\/a><\/p>\n<\/div><\/div><\/div><\/div><\/div>","protected":false},"excerpt":{"rendered":"<p>Ulli, Heli, and Team The best compliment for us is if you feel comfortable here. We, the Family Rosian, have been taking care of our guests since1843. We want our &#8230;<\/p>\n","protected":false},"author":1,"featured_media":4251,"parent":0,"menu_order":0,"comment_status":"closed","ping_status":"closed","template":"","meta":{"_monsterinsights_skip_tracking":false,"_monsterinsights_sitenote_active":false,"_monsterinsights_sitenote_note":"","_monsterinsights_sitenote_category":0,"_themeisle_gutenberg_block_has_review":false,"footnotes":""},"class_list":["post-352","page","type-page","status-publish","has-post-thumbnail","hentry"],"yoast_head":"<!-- This site is optimized with the Yoast SEO plugin v26.4 - https:\/\/yoast.com\/wordpress\/plugins\/seo\/ -->\n<title>hotel restaurant stoecklwirt - stoecklwirt<\/title>\n<meta name=\"description\" content=\"Unser St\u00f6cklwirt soll Ihr Urlaubszuhause werden! Ankommen, wohlf\u00fchlen, Alltag hinter sich lassen und immer wieder gerne zur\u00fcckkommen!\" \/>\n<meta name=\"robots\" content=\"index, follow, max-snippet:-1, max-image-preview:large, max-video-preview:-1\" \/>\n<link rel=\"canonical\" href=\"https:\/\/www.hotel-stoecklwirt.at\/hotel-restaurant-stoecklwirt\/\" \/>\n<meta property=\"og:locale\" content=\"en_US\" \/>\n<meta property=\"og:type\" content=\"article\" \/>\n<meta property=\"og:title\" content=\"hotel restaurant stoecklwirt - stoecklwirt\" \/>\n<meta property=\"og:description\" content=\"{:de}Unser St\u00f6cklwirt soll Ihr Urlaubszuhause werden! Ankommen, wohlf\u00fchlen, Alltag hinter sich lassen und immer wieder gerne zur\u00fcckkommen!{:}\" \/>\n<meta property=\"og:url\" content=\"https:\/\/www.hotel-stoecklwirt.at\/hotel-restaurant-stoecklwirt\/\" \/>\n<meta property=\"og:site_name\" content=\"stoecklwirt\" \/>\n<meta property=\"article:publisher\" content=\"https:\/\/www.facebook.com\/Hotel-Restaurant-St%c3%b6cklwirt-197773290291251\/?fref=ts\" \/>\n<meta property=\"article:modified_time\" content=\"2024-03-28T09:46:55+00:00\" \/>\n<meta property=\"og:image\" content=\"https:\/\/www.hotel-stoecklwirt.at\/wp-content\/uploads\/2024\/03\/SBS-2024-Wir.jpg\" \/>\n\t<meta property=\"og:image:width\" content=\"1067\" \/>\n\t<meta property=\"og:image:height\" content=\"1068\" \/>\n\t<meta property=\"og:image:type\" content=\"image\/jpeg\" \/>\n<meta name=\"twitter:card\" content=\"summary_large_image\" \/>\n<meta name=\"twitter:label1\" content=\"Est. reading time\" \/>\n\t<meta name=\"twitter:data1\" content=\"3 minutes\" \/>\n<script type=\"application\/ld+json\" class=\"yoast-schema-graph\">{\"@context\":\"https:\/\/schema.org\",\"@graph\":[{\"@type\":\"WebPage\",\"@id\":\"https:\/\/www.hotel-stoecklwirt.at\/hotel-restaurant-stoecklwirt\/\",\"url\":\"https:\/\/www.hotel-stoecklwirt.at\/hotel-restaurant-stoecklwirt\/\",\"name\":\"hotel restaurant stoecklwirt - stoecklwirt\",\"isPartOf\":{\"@id\":\"https:\/\/www.hotel-stoecklwirt.at\/#website\"},\"primaryImageOfPage\":{\"@id\":\"https:\/\/www.hotel-stoecklwirt.at\/hotel-restaurant-stoecklwirt\/#primaryimage\"},\"image\":{\"@id\":\"https:\/\/www.hotel-stoecklwirt.at\/hotel-restaurant-stoecklwirt\/#primaryimage\"},\"thumbnailUrl\":\"https:\/\/www.hotel-stoecklwirt.at\/wp-content\/uploads\/2024\/03\/SBS-2024-Wir.jpg\",\"datePublished\":\"2016-11-22T09:29:55+00:00\",\"dateModified\":\"2024-03-28T09:46:55+00:00\",\"description\":\"{:de}Unser St\u00f6cklwirt soll Ihr Urlaubszuhause werden! Ankommen, wohlf\u00fchlen, Alltag hinter sich lassen und immer wieder gerne zur\u00fcckkommen!{:}\",\"breadcrumb\":{\"@id\":\"https:\/\/www.hotel-stoecklwirt.at\/hotel-restaurant-stoecklwirt\/#breadcrumb\"},\"inLanguage\":\"en-US\",\"potentialAction\":[{\"@type\":\"ReadAction\",\"target\":[\"https:\/\/www.hotel-stoecklwirt.at\/hotel-restaurant-stoecklwirt\/\"]}]},{\"@type\":\"ImageObject\",\"inLanguage\":\"en-US\",\"@id\":\"https:\/\/www.hotel-stoecklwirt.at\/hotel-restaurant-stoecklwirt\/#primaryimage\",\"url\":\"https:\/\/www.hotel-stoecklwirt.at\/wp-content\/uploads\/2024\/03\/SBS-2024-Wir.jpg\",\"contentUrl\":\"https:\/\/www.hotel-stoecklwirt.at\/wp-content\/uploads\/2024\/03\/SBS-2024-Wir.jpg\",\"width\":1067,\"height\":1068},{\"@type\":\"BreadcrumbList\",\"@id\":\"https:\/\/www.hotel-stoecklwirt.at\/hotel-restaurant-stoecklwirt\/#breadcrumb\",\"itemListElement\":[{\"@type\":\"ListItem\",\"position\":1,\"name\":\"Startseite\",\"item\":\"https:\/\/www.hotel-stoecklwirt.at\/\"},{\"@type\":\"ListItem\",\"position\":2,\"name\":\"Hotel Restaurant Stoecklwirt herzlich willkommen\"}]},{\"@type\":\"WebSite\",\"@id\":\"https:\/\/www.hotel-stoecklwirt.at\/#website\",\"url\":\"https:\/\/www.hotel-stoecklwirt.at\/\",\"name\":\"stoecklwirt\",\"description\":\"Hotel Restaurant Stoecklwirt - Spitzenk\u00fcche und ansprechende Doppelzimmer in TOP Lage\",\"publisher\":{\"@id\":\"https:\/\/www.hotel-stoecklwirt.at\/#organization\"},\"potentialAction\":[{\"@type\":\"SearchAction\",\"target\":{\"@type\":\"EntryPoint\",\"urlTemplate\":\"https:\/\/www.hotel-stoecklwirt.at\/?s={search_term_string}\"},\"query-input\":{\"@type\":\"PropertyValueSpecification\",\"valueRequired\":true,\"valueName\":\"search_term_string\"}}],\"inLanguage\":\"en-US\"},{\"@type\":\"Organization\",\"@id\":\"https:\/\/www.hotel-stoecklwirt.at\/#organization\",\"name\":\"stoecklwirt\",\"url\":\"https:\/\/www.hotel-stoecklwirt.at\/\",\"logo\":{\"@type\":\"ImageObject\",\"inLanguage\":\"en-US\",\"@id\":\"https:\/\/www.hotel-stoecklwirt.at\/#\/schema\/logo\/image\/\",\"url\":\"https:\/\/www.hotel-stoecklwirt.at\/wp-content\/uploads\/2020\/06\/cropped-stoecklwirt.png\",\"contentUrl\":\"https:\/\/www.hotel-stoecklwirt.at\/wp-content\/uploads\/2020\/06\/cropped-stoecklwirt.png\",\"width\":389,\"height\":115,\"caption\":\"stoecklwirt\"},\"image\":{\"@id\":\"https:\/\/www.hotel-stoecklwirt.at\/#\/schema\/logo\/image\/\"},\"sameAs\":[\"https:\/\/www.facebook.com\/Hotel-Restaurant-St\u00f6cklwirt-197773290291251\/?fref=ts\"]}]}<\/script>\n<!-- \/ Yoast SEO plugin. -->","yoast_head_json":{"title":"hotel restaurant stoecklwirt - stoecklwirt","description":"Unser St\u00f6cklwirt soll Ihr Urlaubszuhause werden! Ankommen, wohlf\u00fchlen, Alltag hinter sich lassen und immer wieder gerne zur\u00fcckkommen!","robots":{"index":"index","follow":"follow","max-snippet":"max-snippet:-1","max-image-preview":"max-image-preview:large","max-video-preview":"max-video-preview:-1"},"canonical":"https:\/\/www.hotel-stoecklwirt.at\/hotel-restaurant-stoecklwirt\/","og_locale":"en_US","og_type":"article","og_title":"hotel restaurant stoecklwirt - stoecklwirt","og_description":"{:de}Unser St\u00f6cklwirt soll Ihr Urlaubszuhause werden! Ankommen, wohlf\u00fchlen, Alltag hinter sich lassen und immer wieder gerne zur\u00fcckkommen!{:}","og_url":"https:\/\/www.hotel-stoecklwirt.at\/hotel-restaurant-stoecklwirt\/","og_site_name":"stoecklwirt","article_publisher":"https:\/\/www.facebook.com\/Hotel-Restaurant-St%c3%b6cklwirt-197773290291251\/?fref=ts","article_modified_time":"2024-03-28T09:46:55+00:00","og_image":[{"width":1067,"height":1068,"url":"https:\/\/www.hotel-stoecklwirt.at\/wp-content\/uploads\/2024\/03\/SBS-2024-Wir.jpg","type":"image\/jpeg"}],"twitter_card":"summary_large_image","twitter_misc":{"Est. reading time":"3 minutes"},"schema":{"@context":"https:\/\/schema.org","@graph":[{"@type":"WebPage","@id":"https:\/\/www.hotel-stoecklwirt.at\/hotel-restaurant-stoecklwirt\/","url":"https:\/\/www.hotel-stoecklwirt.at\/hotel-restaurant-stoecklwirt\/","name":"hotel restaurant stoecklwirt - stoecklwirt","isPartOf":{"@id":"https:\/\/www.hotel-stoecklwirt.at\/#website"},"primaryImageOfPage":{"@id":"https:\/\/www.hotel-stoecklwirt.at\/hotel-restaurant-stoecklwirt\/#primaryimage"},"image":{"@id":"https:\/\/www.hotel-stoecklwirt.at\/hotel-restaurant-stoecklwirt\/#primaryimage"},"thumbnailUrl":"https:\/\/www.hotel-stoecklwirt.at\/wp-content\/uploads\/2024\/03\/SBS-2024-Wir.jpg","datePublished":"2016-11-22T09:29:55+00:00","dateModified":"2024-03-28T09:46:55+00:00","description":"{:de}Unser St\u00f6cklwirt soll Ihr Urlaubszuhause werden! Ankommen, wohlf\u00fchlen, Alltag hinter sich lassen und immer wieder gerne zur\u00fcckkommen!{:}","breadcrumb":{"@id":"https:\/\/www.hotel-stoecklwirt.at\/hotel-restaurant-stoecklwirt\/#breadcrumb"},"inLanguage":"en-US","potentialAction":[{"@type":"ReadAction","target":["https:\/\/www.hotel-stoecklwirt.at\/hotel-restaurant-stoecklwirt\/"]}]},{"@type":"ImageObject","inLanguage":"en-US","@id":"https:\/\/www.hotel-stoecklwirt.at\/hotel-restaurant-stoecklwirt\/#primaryimage","url":"https:\/\/www.hotel-stoecklwirt.at\/wp-content\/uploads\/2024\/03\/SBS-2024-Wir.jpg","contentUrl":"https:\/\/www.hotel-stoecklwirt.at\/wp-content\/uploads\/2024\/03\/SBS-2024-Wir.jpg","width":1067,"height":1068},{"@type":"BreadcrumbList","@id":"https:\/\/www.hotel-stoecklwirt.at\/hotel-restaurant-stoecklwirt\/#breadcrumb","itemListElement":[{"@type":"ListItem","position":1,"name":"Startseite","item":"https:\/\/www.hotel-stoecklwirt.at\/"},{"@type":"ListItem","position":2,"name":"Hotel Restaurant Stoecklwirt herzlich willkommen"}]},{"@type":"WebSite","@id":"https:\/\/www.hotel-stoecklwirt.at\/#website","url":"https:\/\/www.hotel-stoecklwirt.at\/","name":"stoecklwirt","description":"Hotel Restaurant Stoecklwirt - Spitzenk\u00fcche und ansprechende Doppelzimmer in TOP Lage","publisher":{"@id":"https:\/\/www.hotel-stoecklwirt.at\/#organization"},"potentialAction":[{"@type":"SearchAction","target":{"@type":"EntryPoint","urlTemplate":"https:\/\/www.hotel-stoecklwirt.at\/?s={search_term_string}"},"query-input":{"@type":"PropertyValueSpecification","valueRequired":true,"valueName":"search_term_string"}}],"inLanguage":"en-US"},{"@type":"Organization","@id":"https:\/\/www.hotel-stoecklwirt.at\/#organization","name":"stoecklwirt","url":"https:\/\/www.hotel-stoecklwirt.at\/","logo":{"@type":"ImageObject","inLanguage":"en-US","@id":"https:\/\/www.hotel-stoecklwirt.at\/#\/schema\/logo\/image\/","url":"https:\/\/www.hotel-stoecklwirt.at\/wp-content\/uploads\/2020\/06\/cropped-stoecklwirt.png","contentUrl":"https:\/\/www.hotel-stoecklwirt.at\/wp-content\/uploads\/2020\/06\/cropped-stoecklwirt.png","width":389,"height":115,"caption":"stoecklwirt"},"image":{"@id":"https:\/\/www.hotel-stoecklwirt.at\/#\/schema\/logo\/image\/"},"sameAs":["https:\/\/www.facebook.com\/Hotel-Restaurant-St\u00f6cklwirt-197773290291251\/?fref=ts"]}]}},"_links":{"self":[{"href":"https:\/\/www.hotel-stoecklwirt.at\/en\/wp-json\/wp\/v2\/pages\/352","targetHints":{"allow":["GET"]}}],"collection":[{"href":"https:\/\/www.hotel-stoecklwirt.at\/en\/wp-json\/wp\/v2\/pages"}],"about":[{"href":"https:\/\/www.hotel-stoecklwirt.at\/en\/wp-json\/wp\/v2\/types\/page"}],"author":[{"embeddable":true,"href":"https:\/\/www.hotel-stoecklwirt.at\/en\/wp-json\/wp\/v2\/users\/1"}],"replies":[{"embeddable":true,"href":"https:\/\/www.hotel-stoecklwirt.at\/en\/wp-json\/wp\/v2\/comments?post=352"}],"version-history":[{"count":27,"href":"https:\/\/www.hotel-stoecklwirt.at\/en\/wp-json\/wp\/v2\/pages\/352\/revisions"}],"predecessor-version":[{"id":4258,"href":"https:\/\/www.hotel-stoecklwirt.at\/en\/wp-json\/wp\/v2\/pages\/352\/revisions\/4258"}],"wp:featuredmedia":[{"embeddable":true,"href":"https:\/\/www.hotel-stoecklwirt.at\/en\/wp-json\/wp\/v2\/media\/4251"}],"wp:attachment":[{"href":"https:\/\/www.hotel-stoecklwirt.at\/en\/wp-json\/wp\/v2\/media?parent=352"}],"curies":[{"name":"wp","href":"https:\/\/api.w.org\/{rel}","templated":true}]}}