{"id":360,"date":"2016-11-22T10:31:16","date_gmt":"2016-11-22T09:31:16","guid":{"rendered":"http:\/\/www.hotel-stoecklwirt.at\/?page_id=360"},"modified":"2020-06-18T17:16:30","modified_gmt":"2020-06-18T15:16:30","slug":"restaurant-gaststube-stoecklwirt","status":"publish","type":"page","link":"https:\/\/www.hotel-stoecklwirt.at\/en\/restaurant-gaststube-stoecklwirt\/","title":{"rendered":"dining room"},"content":{"rendered":"<div id=\"pl-360\"  class=\"panel-layout\" ><div id=\"pg-360-0\"  class=\"panel-grid panel-no-style\" ><div id=\"pgc-360-0-0\"  class=\"panel-grid-cell\" ><div id=\"panel-360-0-0-0\" class=\"so-panel widget widget_black-studio-tinymce widget_black_studio_tinymce panel-first-child panel-last-child\" data-index=\"0\" ><div class=\"textwidget\"><p>\n\t\t<!-- MasterSlider -->\n\t\t<div id=\"P_MS6a05ffe6a594e\" class=\"master-slider-parent msl ms-parent-id-5\" style=\"\">\n\n\t\t\t\n\t\t\t<!-- MasterSlider Main -->\n\t\t\t<div id=\"MS6a05ffe6a594e\" class=\"master-slider ms-skin-light-6 round-skin\" >\n\t\t\t\t \t\t\t\t \n\t\t\t\t<div  class=\"ms-slide\" data-delay=\"3\" data-fill-mode=\"fill\"  >\n\t\t\t\t\t<img decoding=\"async\" src=\"https:\/\/www.hotel-stoecklwirt.at\/wp-content\/plugins\/master-slider\/public\/assets\/css\/blank.gif\" alt=\"Gasthaus Stoecklwirt St. Johann\" title=\"\" data-src=\"https:\/\/www.hotel-stoecklwirt.at\/wp-content\/uploads\/2018\/05\/gaststube_neu.jpg\" \/>\n\n\n\t<div class=\"ms-thumb\" ><div class=\"ms-tab-context\"><div class=\"&quot;ms-tab-context&quot;\"><\/div><\/div>\n<\/div>\n\t\t\t\t<\/div>\n\t\t\t\t<div  class=\"ms-slide\" data-delay=\"3\" data-fill-mode=\"fill\"  >\n\t\t\t\t\t<img decoding=\"async\" src=\"https:\/\/www.hotel-stoecklwirt.at\/wp-content\/plugins\/master-slider\/public\/assets\/css\/blank.gif\" alt=\"Gasthaus Stoecklwirt St. Johann\" title=\"\" data-src=\"https:\/\/www.hotel-stoecklwirt.at\/wp-content\/uploads\/2018\/05\/Gasthaus.jpg\" \/>\n\n\n\t<div class=\"ms-thumb\" ><div class=\"ms-tab-context\"><div class=\"&quot;ms-tab-context&quot;\"><\/div><\/div>\n<\/div>\n\t\t\t\t<\/div>\n\t\t\t\t<div  class=\"ms-slide\" data-delay=\"3\" data-fill-mode=\"fill\"  >\n\t\t\t\t\t<img decoding=\"async\" src=\"https:\/\/www.hotel-stoecklwirt.at\/wp-content\/plugins\/master-slider\/public\/assets\/css\/blank.gif\" alt=\"Restaurant Gaststube St\u00f6cklwirt\" title=\"\" data-src=\"https:\/\/www.hotel-stoecklwirt.at\/wp-content\/uploads\/2016\/12\/restaurant-stoecklwirt.jpg\" \/>\n\n\n\t<div class=\"ms-thumb\" ><div class=\"ms-tab-context\"><div class=\"&quot;ms-tab-context&quot;\"><\/div><\/div>\n<\/div>\n\t\t\t\t<\/div>\n\t\t\t\t<div  class=\"ms-slide\" data-delay=\"3\" data-fill-mode=\"fill\"  >\n\t\t\t\t\t<img decoding=\"async\" src=\"https:\/\/www.hotel-stoecklwirt.at\/wp-content\/plugins\/master-slider\/public\/assets\/css\/blank.gif\" alt=\"Gasthaus Stoecklwirt St. Johann\" title=\"\" data-src=\"https:\/\/www.hotel-stoecklwirt.at\/wp-content\/uploads\/2018\/05\/Gaststube_Stoecklwirt.jpg\" \/>\n\n\n\t<div class=\"ms-thumb\" ><div class=\"ms-tab-context\"><div class=\"&quot;ms-tab-context&quot;\"><\/div><\/div>\n<\/div>\n\t\t\t\t<\/div>\n\n\t\t\t<\/div>\n\t\t\t<!-- END MasterSlider Main -->\n\n\t\t\t \n\t\t<\/div>\n\t\t<!-- END MasterSlider -->\n\n\t\t<script>\n\t\t(function ( $ ) {\n\t\t\t\"use strict\";\n\n\t\t\t$(function () {\n\t\t\t\tvar masterslider_594e = new MasterSlider();\n\n\t\t\t\t\/\/ slider controls\n\t\t\t\tmasterslider_594e.control('arrows'     ,{ autohide:true, overVideo:true  });\t\t\t\tmasterslider_594e.control('bullets'    ,{ autohide:true, overVideo:true, dir:'h', align:'bottom' , margin:10  });\n\n\t\t\t\tmasterslider_594e.control('scrollbar'  ,{ autohide:true, overVideo:true, dir:'h', inset:true, align:'top', color:'#404040' , margin:10  , width:4 });\n\t\t\t\t\/\/ slider setup\n\t\t\t\tmasterslider_594e.setup(\"MS6a05ffe6a594e\", {\n\t\t\t\t\t\twidth           : 800,\n\t\t\t\t\t\theight          : 800,\n\t\t\t\t\t\tminHeight       : 0,\n\t\t\t\t\t\tspace           : 0,\n\t\t\t\t\t\tstart           : 1,\n\t\t\t\t\t\tgrabCursor      : true,\n\t\t\t\t\t\tswipe           : true,\n\t\t\t\t\t\tmouse           : true,\n\t\t\t\t\t\tlayout          : \"fullwidth\",\n\t\t\t\t\t\twheel           : false,\n\t\t\t\t\t\tautoplay        : true,\n\t\t\t\t\t\tinstantStartLayers:false,\n\t\t\t\t\t\tloop            : false,\n\t\t\t\t\t\tshuffle         : false,\n\t\t\t\t\t\tpreload         : 0,\n\t\t\t\t\t\theightLimit     : true,\n\t\t\t\t\t\tautoHeight      : true,\n\t\t\t\t\t\tsmoothHeight    : true,\n\t\t\t\t\t\tendPause        : false,\n\t\t\t\t\t\toverPause       : true,\n\t\t\t\t\t\tfillMode        : \"fill\",\n\t\t\t\t\t\tcenterControls  : false,\n\t\t\t\t\t\tstartOnAppear   : false,\n\t\t\t\t\t\tlayersMode      : \"center\",\n\t\t\t\t\t\thideLayers      : false,\n\t\t\t\t\t\tfullscreenMargin: 0,\n\t\t\t\t\t\tspeed           : 20,\n\t\t\t\t\t\tdir             : \"h\",\n\t\t\t\t\t\tparallaxMode    : 'swipe',\n\t\t\t\t\t\tview            : \"basic\"\n\t\t\t\t});\n\n\t\t\t\t\n\t\t\t\twindow.masterslider_instances = window.masterslider_instances || [];\n\t\t\t\twindow.masterslider_instances.push( masterslider_594e );\n\t\t\t });\n\n\t\t})(jQuery);\n\t\t<\/script>\n\n<\/p>\n<\/div><\/div><\/div><\/div><div id=\"pg-360-1\"  class=\"panel-grid panel-no-style\" ><div id=\"pgc-360-1-0\"  class=\"panel-grid-cell\" ><div id=\"panel-360-1-0-0\" class=\"so-panel widget widget_black-studio-tinymce widget_black_studio_tinymce panel-first-child panel-last-child\" data-index=\"1\" ><div class=\"textwidget\"><p><div id='gallery-1' class='gallery galleryid-360 gallery-columns-1 gallery-size-full'><figure class='gallery-item'>\n\t\t\t<div class='gallery-icon landscape'>\n\t\t\t\t<a href='https:\/\/www.hotel-stoecklwirt.at\/wp-content\/uploads\/2018\/05\/Gaststube.jpg' title=\"\" data-rl_title=\"\" class=\"rl-gallery-link\" data-rl_caption=\"\" data-rel=\"lightbox-gallery-1\"><img loading=\"lazy\" decoding=\"async\" width=\"1418\" height=\"947\" src=\"https:\/\/www.hotel-stoecklwirt.at\/wp-content\/uploads\/2018\/05\/Gaststube.jpg\" class=\"attachment-full size-full\" alt=\"\" srcset=\"https:\/\/www.hotel-stoecklwirt.at\/wp-content\/uploads\/2018\/05\/Gaststube.jpg 1418w, https:\/\/www.hotel-stoecklwirt.at\/wp-content\/uploads\/2018\/05\/Gaststube-300x200.jpg 300w, https:\/\/www.hotel-stoecklwirt.at\/wp-content\/uploads\/2018\/05\/Gaststube-768x513.jpg 768w, https:\/\/www.hotel-stoecklwirt.at\/wp-content\/uploads\/2018\/05\/Gaststube-1024x684.jpg 1024w, https:\/\/www.hotel-stoecklwirt.at\/wp-content\/uploads\/2018\/05\/Gaststube-272x182.jpg 272w\" sizes=\"auto, (max-width: 1418px) 100vw, 1418px\" \/><\/a>\n\t\t\t<\/div><\/figure>\n\t\t<\/div>\n<\/p>\n<\/div><\/div><\/div><div id=\"pgc-360-1-1\"  class=\"panel-grid-cell\" ><div id=\"panel-360-1-1-0\" class=\"so-panel widget widget_black-studio-tinymce widget_black_studio_tinymce panel-first-child panel-last-child\" data-index=\"2\" ><div class=\"textwidget\"><p><strong><span class=\"\" style=\"display:block;clear:both;height: 0px;padding-top: 30px;border-top-width:0px;border-bottom-width:0px;\"><\/span>Simply cozy...<br \/>\n<\/strong><\/p>\n<p>...our traditional dining room.<\/p>\n<p>With approx. 60 seats, it is a popular spot with locals and guests from all over the world.<\/p>\n<p>The friendly and bright rooms invite you to spend pleasant and relaxing times with us.<\/p>\n<p>Whether traditional cuisine or \"something different\" - there is definitely something for every taste.<br \/>\nThe culinary delights include our \"house beer\" - Trumer beer.<\/p>\n<\/div><\/div><\/div><\/div><\/div>","protected":false},"excerpt":{"rendered":"<p>Simply cozy&#8230; &#8230;our traditional dining room. With approx. 60 seats, it is a popular spot with locals and guests from all over the world. The friendly and bright rooms invite &#8230;<\/p>\n","protected":false},"author":1,"featured_media":1495,"parent":0,"menu_order":0,"comment_status":"closed","ping_status":"closed","template":"","meta":{"_monsterinsights_skip_tracking":false,"_monsterinsights_sitenote_active":false,"_monsterinsights_sitenote_note":"","_monsterinsights_sitenote_category":0,"_themeisle_gutenberg_block_has_review":false,"footnotes":""},"class_list":["post-360","page","type-page","status-publish","has-post-thumbnail","hentry"],"yoast_head":"<!-- This site is optimized with the Yoast SEO plugin v26.4 - https:\/\/yoast.com\/wordpress\/plugins\/seo\/ -->\n<title>dining room - stoecklwirt<\/title>\n<meta name=\"description\" content=\"Restaurant Gaststube Hotel St\u00f6cklwirt; Ob gut-b\u00fcrgerlich oder einmal &quot;etwas Anders&quot; - es ist bestimmt f\u00fcr jeden Geschmack etwas dabei.\" \/>\n<meta name=\"robots\" content=\"index, follow, max-snippet:-1, max-image-preview:large, max-video-preview:-1\" \/>\n<link rel=\"canonical\" href=\"https:\/\/www.hotel-stoecklwirt.at\/restaurant-gaststube-stoecklwirt\/\" \/>\n<meta property=\"og:locale\" content=\"en_US\" \/>\n<meta property=\"og:type\" content=\"article\" \/>\n<meta property=\"og:title\" content=\"dining room - stoecklwirt\" \/>\n<meta property=\"og:description\" content=\"Restaurant Gaststube Hotel St\u00f6cklwirt; Ob gut-b\u00fcrgerlich oder einmal &quot;etwas Anders&quot; - es ist bestimmt f\u00fcr jeden Geschmack etwas dabei.\" \/>\n<meta property=\"og:url\" content=\"https:\/\/www.hotel-stoecklwirt.at\/restaurant-gaststube-stoecklwirt\/\" \/>\n<meta property=\"og:site_name\" content=\"stoecklwirt\" \/>\n<meta property=\"article:publisher\" content=\"https:\/\/www.facebook.com\/Hotel-Restaurant-St%c3%b6cklwirt-197773290291251\/?fref=ts\" \/>\n<meta property=\"article:modified_time\" content=\"2020-06-18T15:16:30+00:00\" \/>\n<meta property=\"og:image\" content=\"https:\/\/www.hotel-stoecklwirt.at\/wp-content\/uploads\/2018\/05\/Stoecklwirt-2018-\u252c\u00aesobietzki-2560px-70-31.jpg\" \/>\n\t<meta property=\"og:image:width\" content=\"2560\" \/>\n\t<meta property=\"og:image:height\" content=\"1709\" \/>\n\t<meta property=\"og:image:type\" content=\"image\/jpeg\" \/>\n<meta name=\"twitter:card\" content=\"summary_large_image\" \/>\n<meta name=\"twitter:label1\" content=\"Est. reading time\" \/>\n\t<meta name=\"twitter:data1\" content=\"1 minute\" \/>\n<script type=\"application\/ld+json\" class=\"yoast-schema-graph\">{\"@context\":\"https:\/\/schema.org\",\"@graph\":[{\"@type\":\"WebPage\",\"@id\":\"https:\/\/www.hotel-stoecklwirt.at\/restaurant-gaststube-stoecklwirt\/\",\"url\":\"https:\/\/www.hotel-stoecklwirt.at\/restaurant-gaststube-stoecklwirt\/\",\"name\":\"dining room - stoecklwirt\",\"isPartOf\":{\"@id\":\"https:\/\/www.hotel-stoecklwirt.at\/#website\"},\"primaryImageOfPage\":{\"@id\":\"https:\/\/www.hotel-stoecklwirt.at\/restaurant-gaststube-stoecklwirt\/#primaryimage\"},\"image\":{\"@id\":\"https:\/\/www.hotel-stoecklwirt.at\/restaurant-gaststube-stoecklwirt\/#primaryimage\"},\"thumbnailUrl\":\"https:\/\/www.hotel-stoecklwirt.at\/wp-content\/uploads\/2018\/05\/Stoecklwirt-2018-\u252c\u00aesobietzki-2560px-70-31.jpg\",\"datePublished\":\"2016-11-22T09:31:16+00:00\",\"dateModified\":\"2020-06-18T15:16:30+00:00\",\"description\":\"Restaurant Gaststube Hotel St\u00f6cklwirt; Ob gut-b\u00fcrgerlich oder einmal \\\"etwas Anders\\\" - es ist bestimmt f\u00fcr jeden Geschmack etwas dabei.\",\"breadcrumb\":{\"@id\":\"https:\/\/www.hotel-stoecklwirt.at\/restaurant-gaststube-stoecklwirt\/#breadcrumb\"},\"inLanguage\":\"en-US\",\"potentialAction\":[{\"@type\":\"ReadAction\",\"target\":[\"https:\/\/www.hotel-stoecklwirt.at\/restaurant-gaststube-stoecklwirt\/\"]}]},{\"@type\":\"ImageObject\",\"inLanguage\":\"en-US\",\"@id\":\"https:\/\/www.hotel-stoecklwirt.at\/restaurant-gaststube-stoecklwirt\/#primaryimage\",\"url\":\"https:\/\/www.hotel-stoecklwirt.at\/wp-content\/uploads\/2018\/05\/Stoecklwirt-2018-\u252c\u00aesobietzki-2560px-70-31.jpg\",\"contentUrl\":\"https:\/\/www.hotel-stoecklwirt.at\/wp-content\/uploads\/2018\/05\/Stoecklwirt-2018-\u252c\u00aesobietzki-2560px-70-31.jpg\",\"width\":2560,\"height\":1709},{\"@type\":\"BreadcrumbList\",\"@id\":\"https:\/\/www.hotel-stoecklwirt.at\/restaurant-gaststube-stoecklwirt\/#breadcrumb\",\"itemListElement\":[{\"@type\":\"ListItem\",\"position\":1,\"name\":\"Startseite\",\"item\":\"https:\/\/www.hotel-stoecklwirt.at\/\"},{\"@type\":\"ListItem\",\"position\":2,\"name\":\"Restaurant Gaststube Stoecklwirt St.Johann\"}]},{\"@type\":\"WebSite\",\"@id\":\"https:\/\/www.hotel-stoecklwirt.at\/#website\",\"url\":\"https:\/\/www.hotel-stoecklwirt.at\/\",\"name\":\"stoecklwirt\",\"description\":\"Hotel Restaurant Stoecklwirt - Spitzenk\u00fcche und ansprechende Doppelzimmer in TOP Lage\",\"publisher\":{\"@id\":\"https:\/\/www.hotel-stoecklwirt.at\/#organization\"},\"potentialAction\":[{\"@type\":\"SearchAction\",\"target\":{\"@type\":\"EntryPoint\",\"urlTemplate\":\"https:\/\/www.hotel-stoecklwirt.at\/?s={search_term_string}\"},\"query-input\":{\"@type\":\"PropertyValueSpecification\",\"valueRequired\":true,\"valueName\":\"search_term_string\"}}],\"inLanguage\":\"en-US\"},{\"@type\":\"Organization\",\"@id\":\"https:\/\/www.hotel-stoecklwirt.at\/#organization\",\"name\":\"stoecklwirt\",\"url\":\"https:\/\/www.hotel-stoecklwirt.at\/\",\"logo\":{\"@type\":\"ImageObject\",\"inLanguage\":\"en-US\",\"@id\":\"https:\/\/www.hotel-stoecklwirt.at\/#\/schema\/logo\/image\/\",\"url\":\"https:\/\/www.hotel-stoecklwirt.at\/wp-content\/uploads\/2020\/06\/cropped-stoecklwirt.png\",\"contentUrl\":\"https:\/\/www.hotel-stoecklwirt.at\/wp-content\/uploads\/2020\/06\/cropped-stoecklwirt.png\",\"width\":389,\"height\":115,\"caption\":\"stoecklwirt\"},\"image\":{\"@id\":\"https:\/\/www.hotel-stoecklwirt.at\/#\/schema\/logo\/image\/\"},\"sameAs\":[\"https:\/\/www.facebook.com\/Hotel-Restaurant-St\u00f6cklwirt-197773290291251\/?fref=ts\"]}]}<\/script>\n<!-- \/ Yoast SEO plugin. -->","yoast_head_json":{"title":"dining room - stoecklwirt","description":"Restaurant Gaststube Hotel St\u00f6cklwirt; Ob gut-b\u00fcrgerlich oder einmal \"etwas Anders\" - es ist bestimmt f\u00fcr jeden Geschmack etwas dabei.","robots":{"index":"index","follow":"follow","max-snippet":"max-snippet:-1","max-image-preview":"max-image-preview:large","max-video-preview":"max-video-preview:-1"},"canonical":"https:\/\/www.hotel-stoecklwirt.at\/restaurant-gaststube-stoecklwirt\/","og_locale":"en_US","og_type":"article","og_title":"dining room - stoecklwirt","og_description":"Restaurant Gaststube Hotel St\u00f6cklwirt; Ob gut-b\u00fcrgerlich oder einmal \"etwas Anders\" - es ist bestimmt f\u00fcr jeden Geschmack etwas dabei.","og_url":"https:\/\/www.hotel-stoecklwirt.at\/restaurant-gaststube-stoecklwirt\/","og_site_name":"stoecklwirt","article_publisher":"https:\/\/www.facebook.com\/Hotel-Restaurant-St%c3%b6cklwirt-197773290291251\/?fref=ts","article_modified_time":"2020-06-18T15:16:30+00:00","og_image":[{"width":2560,"height":1709,"url":"https:\/\/www.hotel-stoecklwirt.at\/wp-content\/uploads\/2018\/05\/Stoecklwirt-2018-\u252c\u00aesobietzki-2560px-70-31.jpg","type":"image\/jpeg"}],"twitter_card":"summary_large_image","twitter_misc":{"Est. reading time":"1 minute"},"schema":{"@context":"https:\/\/schema.org","@graph":[{"@type":"WebPage","@id":"https:\/\/www.hotel-stoecklwirt.at\/restaurant-gaststube-stoecklwirt\/","url":"https:\/\/www.hotel-stoecklwirt.at\/restaurant-gaststube-stoecklwirt\/","name":"dining room - stoecklwirt","isPartOf":{"@id":"https:\/\/www.hotel-stoecklwirt.at\/#website"},"primaryImageOfPage":{"@id":"https:\/\/www.hotel-stoecklwirt.at\/restaurant-gaststube-stoecklwirt\/#primaryimage"},"image":{"@id":"https:\/\/www.hotel-stoecklwirt.at\/restaurant-gaststube-stoecklwirt\/#primaryimage"},"thumbnailUrl":"https:\/\/www.hotel-stoecklwirt.at\/wp-content\/uploads\/2018\/05\/Stoecklwirt-2018-\u252c\u00aesobietzki-2560px-70-31.jpg","datePublished":"2016-11-22T09:31:16+00:00","dateModified":"2020-06-18T15:16:30+00:00","description":"Restaurant Gaststube Hotel St\u00f6cklwirt; Ob gut-b\u00fcrgerlich oder einmal \"etwas Anders\" - es ist bestimmt f\u00fcr jeden Geschmack etwas dabei.","breadcrumb":{"@id":"https:\/\/www.hotel-stoecklwirt.at\/restaurant-gaststube-stoecklwirt\/#breadcrumb"},"inLanguage":"en-US","potentialAction":[{"@type":"ReadAction","target":["https:\/\/www.hotel-stoecklwirt.at\/restaurant-gaststube-stoecklwirt\/"]}]},{"@type":"ImageObject","inLanguage":"en-US","@id":"https:\/\/www.hotel-stoecklwirt.at\/restaurant-gaststube-stoecklwirt\/#primaryimage","url":"https:\/\/www.hotel-stoecklwirt.at\/wp-content\/uploads\/2018\/05\/Stoecklwirt-2018-\u252c\u00aesobietzki-2560px-70-31.jpg","contentUrl":"https:\/\/www.hotel-stoecklwirt.at\/wp-content\/uploads\/2018\/05\/Stoecklwirt-2018-\u252c\u00aesobietzki-2560px-70-31.jpg","width":2560,"height":1709},{"@type":"BreadcrumbList","@id":"https:\/\/www.hotel-stoecklwirt.at\/restaurant-gaststube-stoecklwirt\/#breadcrumb","itemListElement":[{"@type":"ListItem","position":1,"name":"Startseite","item":"https:\/\/www.hotel-stoecklwirt.at\/"},{"@type":"ListItem","position":2,"name":"Restaurant Gaststube Stoecklwirt St.Johann"}]},{"@type":"WebSite","@id":"https:\/\/www.hotel-stoecklwirt.at\/#website","url":"https:\/\/www.hotel-stoecklwirt.at\/","name":"stoecklwirt","description":"Hotel Restaurant Stoecklwirt - Spitzenk\u00fcche und ansprechende Doppelzimmer in TOP Lage","publisher":{"@id":"https:\/\/www.hotel-stoecklwirt.at\/#organization"},"potentialAction":[{"@type":"SearchAction","target":{"@type":"EntryPoint","urlTemplate":"https:\/\/www.hotel-stoecklwirt.at\/?s={search_term_string}"},"query-input":{"@type":"PropertyValueSpecification","valueRequired":true,"valueName":"search_term_string"}}],"inLanguage":"en-US"},{"@type":"Organization","@id":"https:\/\/www.hotel-stoecklwirt.at\/#organization","name":"stoecklwirt","url":"https:\/\/www.hotel-stoecklwirt.at\/","logo":{"@type":"ImageObject","inLanguage":"en-US","@id":"https:\/\/www.hotel-stoecklwirt.at\/#\/schema\/logo\/image\/","url":"https:\/\/www.hotel-stoecklwirt.at\/wp-content\/uploads\/2020\/06\/cropped-stoecklwirt.png","contentUrl":"https:\/\/www.hotel-stoecklwirt.at\/wp-content\/uploads\/2020\/06\/cropped-stoecklwirt.png","width":389,"height":115,"caption":"stoecklwirt"},"image":{"@id":"https:\/\/www.hotel-stoecklwirt.at\/#\/schema\/logo\/image\/"},"sameAs":["https:\/\/www.facebook.com\/Hotel-Restaurant-St\u00f6cklwirt-197773290291251\/?fref=ts"]}]}},"_links":{"self":[{"href":"https:\/\/www.hotel-stoecklwirt.at\/en\/wp-json\/wp\/v2\/pages\/360","targetHints":{"allow":["GET"]}}],"collection":[{"href":"https:\/\/www.hotel-stoecklwirt.at\/en\/wp-json\/wp\/v2\/pages"}],"about":[{"href":"https:\/\/www.hotel-stoecklwirt.at\/en\/wp-json\/wp\/v2\/types\/page"}],"author":[{"embeddable":true,"href":"https:\/\/www.hotel-stoecklwirt.at\/en\/wp-json\/wp\/v2\/users\/1"}],"replies":[{"embeddable":true,"href":"https:\/\/www.hotel-stoecklwirt.at\/en\/wp-json\/wp\/v2\/comments?post=360"}],"version-history":[{"count":27,"href":"https:\/\/www.hotel-stoecklwirt.at\/en\/wp-json\/wp\/v2\/pages\/360\/revisions"}],"predecessor-version":[{"id":3535,"href":"https:\/\/www.hotel-stoecklwirt.at\/en\/wp-json\/wp\/v2\/pages\/360\/revisions\/3535"}],"wp:featuredmedia":[{"embeddable":true,"href":"https:\/\/www.hotel-stoecklwirt.at\/en\/wp-json\/wp\/v2\/media\/1495"}],"wp:attachment":[{"href":"https:\/\/www.hotel-stoecklwirt.at\/en\/wp-json\/wp\/v2\/media?parent=360"}],"curies":[{"name":"wp","href":"https:\/\/api.w.org\/{rel}","templated":true}]}}