{"id":3607,"date":"2021-02-15T09:17:29","date_gmt":"2021-02-15T08:17:29","guid":{"rendered":"https:\/\/www.hotel-stoecklwirt.at\/?page_id=3607"},"modified":"2021-10-30T09:19:29","modified_gmt":"2021-10-30T07:19:29","slug":"deko","status":"publish","type":"page","link":"https:\/\/www.hotel-stoecklwirt.at\/en\/deko\/","title":{"rendered":"Deko"},"content":{"rendered":"<div id=\"pl-3607\"  class=\"panel-layout\" ><div id=\"pg-3607-0\"  class=\"panel-grid panel-no-style\" ><div id=\"pgc-3607-0-0\"  class=\"panel-grid-cell\" ><div id=\"panel-3607-0-0-0\" class=\"so-panel widget widget_black-studio-tinymce widget_black_studio_tinymce panel-first-child panel-last-child\" data-index=\"0\" ><div class=\"textwidget\"><p><img loading=\"lazy\" decoding=\"async\" class=\"alignnone size-medium wp-image-3905\" src=\"https:\/\/www.hotel-stoecklwirt.at\/wp-content\/uploads\/2021\/10\/frosch-225x300.jpg\" alt=\"\" width=\"225\" height=\"300\" srcset=\"https:\/\/www.hotel-stoecklwirt.at\/wp-content\/uploads\/2021\/10\/frosch-225x300.jpg 225w, https:\/\/www.hotel-stoecklwirt.at\/wp-content\/uploads\/2021\/10\/frosch-768x1024.jpg 768w, https:\/\/www.hotel-stoecklwirt.at\/wp-content\/uploads\/2021\/10\/frosch-1152x1536.jpg 1152w, https:\/\/www.hotel-stoecklwirt.at\/wp-content\/uploads\/2021\/10\/frosch-1536x2048.jpg 1536w, https:\/\/www.hotel-stoecklwirt.at\/wp-content\/uploads\/2021\/10\/frosch-scaled.jpg 1920w\" sizes=\"auto, (max-width: 225px) 100vw, 225px\" \/><\/p>\n<\/div><\/div><\/div><div id=\"pgc-3607-0-1\"  class=\"panel-grid-cell\" ><div id=\"panel-3607-0-1-0\" class=\"so-panel widget widget_black-studio-tinymce widget_black_studio_tinymce panel-first-child panel-last-child\" data-index=\"1\" ><div class=\"textwidget\"><h3>Kreative Dekofr\u00f6sche<\/h3>\n<p>19<\/p>\n<\/div><\/div><\/div><div id=\"pgc-3607-0-2\"  class=\"panel-grid-cell\" ><div id=\"panel-3607-0-2-0\" class=\"so-panel widget widget_black-studio-tinymce widget_black_studio_tinymce panel-first-child panel-last-child\" data-index=\"2\" ><div class=\"textwidget\"><p><img loading=\"lazy\" decoding=\"async\" class=\"alignnone wp-image-3767 size-full\" src=\"https:\/\/www.hotel-stoecklwirt.at\/wp-content\/uploads\/2021\/05\/erdbeer-scaled.jpg\" alt=\"\" width=\"1920\" height=\"2560\" srcset=\"https:\/\/www.hotel-stoecklwirt.at\/wp-content\/uploads\/2021\/05\/erdbeer-scaled.jpg 1920w, https:\/\/www.hotel-stoecklwirt.at\/wp-content\/uploads\/2021\/05\/erdbeer-225x300.jpg 225w, https:\/\/www.hotel-stoecklwirt.at\/wp-content\/uploads\/2021\/05\/erdbeer-768x1024.jpg 768w, https:\/\/www.hotel-stoecklwirt.at\/wp-content\/uploads\/2021\/05\/erdbeer-1152x1536.jpg 1152w, https:\/\/www.hotel-stoecklwirt.at\/wp-content\/uploads\/2021\/05\/erdbeer-1536x2048.jpg 1536w\" sizes=\"auto, (max-width: 1920px) 100vw, 1920px\" \/><\/p>\n<\/div><\/div><\/div><div id=\"pgc-3607-0-3\"  class=\"panel-grid-cell\" ><div id=\"panel-3607-0-3-0\" class=\"so-panel widget widget_black-studio-tinymce widget_black_studio_tinymce panel-first-child panel-last-child\" data-index=\"3\" ><div class=\"textwidget\"><h3>Kunststein Skulptur<br \/>\n'Strawberry Seduction' 44x39x28cm<\/h3>\n<p>Erinnert an <strong>fruchtig frische Sommertage<\/strong>.<br \/>\nDas Motiv einer saftig roten Erdbeere ist auf einem eleganten Sockel angebracht.<br \/>\nVerziert Ihr Wohnzimmer mit ihrer <strong>besonderen Ausdrucksst\u00e4rke<\/strong>.<\/p>\n<p>229<\/p>\n<p>&nbsp;<\/p>\n<h3><\/h3>\n<\/div><\/div><\/div><\/div><div id=\"pg-3607-1\"  class=\"panel-grid panel-no-style\" ><div id=\"pgc-3607-1-0\"  class=\"panel-grid-cell\" ><div id=\"panel-3607-1-0-0\" class=\"so-panel widget widget_black-studio-tinymce widget_black_studio_tinymce panel-first-child panel-last-child\" data-index=\"4\" ><div class=\"textwidget\"><h3 class=\"product--title-new\">Kunststein Skulptur<br \/>\n'Puppy Angel' 50x46x18cm<\/h3>\n<p>Sticht in Ihrem B\u00fcro in markantem Gelb umgehend ins Auge<br \/>\nund beweist Ihren Sinn f\u00fcr <strong>extravagante Skulpturen<\/strong>.<br \/>\nDie Signalfarbe Gelb transportiert <strong>Optimismus und Licht<\/strong> .<\/p>\n<p>259<\/p>\n<\/div><\/div><\/div><div id=\"pgc-3607-1-1\"  class=\"panel-grid-cell\" ><div id=\"panel-3607-1-1-0\" class=\"so-panel widget widget_black-studio-tinymce widget_black_studio_tinymce panel-first-child panel-last-child\" data-index=\"5\" ><div class=\"textwidget\"><p><img loading=\"lazy\" decoding=\"async\" class=\"alignnone wp-image-3769 size-full\" src=\"https:\/\/www.hotel-stoecklwirt.at\/wp-content\/uploads\/2021\/05\/hund-gelb-scaled.jpg\" alt=\"\" width=\"1512\" height=\"2560\" srcset=\"https:\/\/www.hotel-stoecklwirt.at\/wp-content\/uploads\/2021\/05\/hund-gelb-scaled.jpg 1512w, https:\/\/www.hotel-stoecklwirt.at\/wp-content\/uploads\/2021\/05\/hund-gelb-177x300.jpg 177w, https:\/\/www.hotel-stoecklwirt.at\/wp-content\/uploads\/2021\/05\/hund-gelb-605x1024.jpg 605w, https:\/\/www.hotel-stoecklwirt.at\/wp-content\/uploads\/2021\/05\/hund-gelb-768x1301.jpg 768w, https:\/\/www.hotel-stoecklwirt.at\/wp-content\/uploads\/2021\/05\/hund-gelb-907x1536.jpg 907w, https:\/\/www.hotel-stoecklwirt.at\/wp-content\/uploads\/2021\/05\/hund-gelb-1209x2048.jpg 1209w\" sizes=\"auto, (max-width: 1512px) 100vw, 1512px\" \/><\/p>\n<\/div><\/div><\/div><div id=\"pgc-3607-1-2\"  class=\"panel-grid-cell\" ><div id=\"panel-3607-1-2-0\" class=\"so-panel widget widget_black-studio-tinymce widget_black_studio_tinymce panel-first-child panel-last-child\" data-index=\"6\" ><div class=\"textwidget\"><h3 id=\"title\" class=\"a-size-large a-spacing-none\"><span id=\"productTitle\" class=\"a-size-large product-title-word-break\">Kunststein Skulptur<br \/>\nMutiger Freund 51x26x23 cm<br \/>\n<\/span><\/h3>\n<p>Jede Sekunde bereit um loszujagen.<br \/>\nDie handgefertigte Kunststein-Skulptur steht f\u00fcr Durchhalteverm\u00f6gen und Zielstrebigkeit<br \/>\nund setzt gleichzeitig Akzente in Ihrem Wohnzimmer, die zu einer stilvollen Umgebung beitragen.<\/p>\n<p>239<\/p>\n<\/div><\/div><\/div><div id=\"pgc-3607-1-3\"  class=\"panel-grid-cell\" ><div id=\"panel-3607-1-3-0\" class=\"so-panel widget widget_black-studio-tinymce widget_black_studio_tinymce panel-first-child panel-last-child\" data-index=\"7\" ><div class=\"textwidget\"><p><img loading=\"lazy\" decoding=\"async\" class=\"alignnone size-medium wp-image-3771\" src=\"https:\/\/www.hotel-stoecklwirt.at\/wp-content\/uploads\/2021\/05\/stier-225x300.jpg\" alt=\"\" width=\"225\" height=\"300\" srcset=\"https:\/\/www.hotel-stoecklwirt.at\/wp-content\/uploads\/2021\/05\/stier-225x300.jpg 225w, https:\/\/www.hotel-stoecklwirt.at\/wp-content\/uploads\/2021\/05\/stier-768x1024.jpg 768w, https:\/\/www.hotel-stoecklwirt.at\/wp-content\/uploads\/2021\/05\/stier-1152x1536.jpg 1152w, https:\/\/www.hotel-stoecklwirt.at\/wp-content\/uploads\/2021\/05\/stier-1536x2048.jpg 1536w, https:\/\/www.hotel-stoecklwirt.at\/wp-content\/uploads\/2021\/05\/stier-scaled.jpg 1920w\" sizes=\"auto, (max-width: 225px) 100vw, 225px\" \/><\/p>\n<\/div><\/div><\/div><\/div><div id=\"pg-3607-2\"  class=\"panel-grid panel-no-style\" ><div id=\"pgc-3607-2-0\"  class=\"panel-grid-cell\" ><div id=\"panel-3607-2-0-0\" class=\"so-panel widget widget_black-studio-tinymce widget_black_studio_tinymce panel-first-child panel-last-child\" data-index=\"8\" ><div class=\"textwidget\"><p><img loading=\"lazy\" decoding=\"async\" class=\"alignnone wp-image-3781 size-full\" src=\"https:\/\/www.hotel-stoecklwirt.at\/wp-content\/uploads\/2021\/05\/buffalo-kare-design-scaled.jpg\" alt=\"\" width=\"2560\" height=\"2560\" srcset=\"https:\/\/www.hotel-stoecklwirt.at\/wp-content\/uploads\/2021\/05\/buffalo-kare-design-scaled.jpg 2560w, https:\/\/www.hotel-stoecklwirt.at\/wp-content\/uploads\/2021\/05\/buffalo-kare-design-300x300.jpg 300w, https:\/\/www.hotel-stoecklwirt.at\/wp-content\/uploads\/2021\/05\/buffalo-kare-design-1024x1024.jpg 1024w, https:\/\/www.hotel-stoecklwirt.at\/wp-content\/uploads\/2021\/05\/buffalo-kare-design-150x150.jpg 150w, https:\/\/www.hotel-stoecklwirt.at\/wp-content\/uploads\/2021\/05\/buffalo-kare-design-768x768.jpg 768w, https:\/\/www.hotel-stoecklwirt.at\/wp-content\/uploads\/2021\/05\/buffalo-kare-design-1536x1536.jpg 1536w, https:\/\/www.hotel-stoecklwirt.at\/wp-content\/uploads\/2021\/05\/buffalo-kare-design-2048x2048.jpg 2048w\" sizes=\"auto, (max-width: 2560px) 100vw, 2560px\" \/><\/p>\n<\/div><\/div><\/div><div id=\"pgc-3607-2-1\"  class=\"panel-grid-cell\" ><div id=\"panel-3607-2-1-0\" class=\"so-panel widget widget_black-studio-tinymce widget_black_studio_tinymce panel-first-child panel-last-child\" data-index=\"9\" ><div class=\"textwidget\"><h5 class=\"md:font-bold md:text-20 font-normal\">Bild Touched<br \/>\nWildlife Buffalo 70x100<\/h5>\n<p><span class=\"flex items-center flex-grow max-w-full overflow-hidden\"><span class=\"flex-grow text-left\">Ein cooler Eyecatcher f\u00fcrs Wohnzimmer \u00fcber der Couch oder<br \/>\nim Schlafzimmer \u00fcber dem Bett.<br \/>\n<\/span><\/span><span class=\"flex items-center flex-grow max-w-full overflow-hidden\"><span class=\"flex-grow text-left\">Das Bild ist an manchen Stellen per Hand veredelt,<br \/>\nsomit ist jedes Design ein Unikat.<\/span><\/span><\/p>\n<p>119,90<\/p>\n<\/div><\/div><\/div><div id=\"pgc-3607-2-2\"  class=\"panel-grid-cell\" ><div id=\"panel-3607-2-2-0\" class=\"so-panel widget widget_black-studio-tinymce widget_black_studio_tinymce panel-first-child panel-last-child\" data-index=\"10\" ><div class=\"textwidget\"><p><img loading=\"lazy\" decoding=\"async\" class=\"alignnone wp-image-3768 size-full\" src=\"https:\/\/www.hotel-stoecklwirt.at\/wp-content\/uploads\/2021\/05\/baer-scaled.jpg\" alt=\"\" width=\"1920\" height=\"2560\" srcset=\"https:\/\/www.hotel-stoecklwirt.at\/wp-content\/uploads\/2021\/05\/baer-scaled.jpg 1920w, https:\/\/www.hotel-stoecklwirt.at\/wp-content\/uploads\/2021\/05\/baer-225x300.jpg 225w, https:\/\/www.hotel-stoecklwirt.at\/wp-content\/uploads\/2021\/05\/baer-768x1024.jpg 768w, https:\/\/www.hotel-stoecklwirt.at\/wp-content\/uploads\/2021\/05\/baer-1152x1536.jpg 1152w, https:\/\/www.hotel-stoecklwirt.at\/wp-content\/uploads\/2021\/05\/baer-1536x2048.jpg 1536w\" sizes=\"auto, (max-width: 1920px) 100vw, 1920px\" \/><\/p>\n<\/div><\/div><\/div><div id=\"pgc-3607-2-3\"  class=\"panel-grid-cell\" ><div id=\"panel-3607-2-3-0\" class=\"so-panel widget widget_black-studio-tinymce widget_black_studio_tinymce panel-first-child panel-last-child\" data-index=\"11\" ><div class=\"textwidget\"><h3 class=\"product--title-new\">Kunststein Skulptur 30x28x23cm<\/h3>\n<p>Ein 'S\u00fc\u00dfer Freund' begr\u00fc\u00dft Ihre G\u00e4ste mit seiner fr\u00f6hlichen Ausstrahlung.<br \/>\nGl\u00e4nzender Kunststein, die ganz ohne Sockel steht.<br \/>\nEin echter Hingucker auch f\u00fcrs Kinderzimmer.<\/p>\n<p>259<\/p>\n<p>&nbsp;<\/p>\n<h3><\/h3>\n<\/div><\/div><\/div><\/div><\/div>","protected":false},"excerpt":{"rendered":"<p>Kreative Dekofr\u00f6sche 19 Kunststein Skulptur &#8216;Strawberry Seduction&#8217; 44x39x28cm Erinnert an fruchtig frische Sommertage. Das Motiv einer saftig roten Erdbeere ist auf einem eleganten Sockel angebracht. Verziert Ihr Wohnzimmer mit ihrer &#8230;<\/p>\n","protected":false},"author":1,"featured_media":0,"parent":0,"menu_order":0,"comment_status":"closed","ping_status":"closed","template":"","meta":{"_monsterinsights_skip_tracking":false,"_monsterinsights_sitenote_active":false,"_monsterinsights_sitenote_note":"","_monsterinsights_sitenote_category":0,"_themeisle_gutenberg_block_has_review":false,"footnotes":""},"class_list":["post-3607","page","type-page","status-publish","hentry"],"yoast_head":"<!-- This site is optimized with the Yoast SEO plugin v26.4 - https:\/\/yoast.com\/wordpress\/plugins\/seo\/ -->\n<title>Deko - stoecklwirt<\/title>\n<meta name=\"robots\" content=\"index, follow, max-snippet:-1, max-image-preview:large, max-video-preview:-1\" \/>\n<link rel=\"canonical\" href=\"https:\/\/www.hotel-stoecklwirt.at\/deko\/\" \/>\n<meta property=\"og:locale\" content=\"en_US\" \/>\n<meta property=\"og:type\" content=\"article\" \/>\n<meta property=\"og:title\" content=\"Deko - stoecklwirt\" \/>\n<meta property=\"og:description\" content=\"Kreative Dekofr\u00f6sche 19 Kunststein Skulptur &#039;Strawberry Seduction&#039; 44x39x28cm Erinnert an fruchtig frische Sommertage. Das Motiv einer saftig roten Erdbeere ist auf einem eleganten Sockel angebracht. Verziert Ihr Wohnzimmer mit ihrer ...\" \/>\n<meta property=\"og:url\" content=\"https:\/\/www.hotel-stoecklwirt.at\/deko\/\" \/>\n<meta property=\"og:site_name\" content=\"stoecklwirt\" \/>\n<meta property=\"article:publisher\" content=\"https:\/\/www.facebook.com\/Hotel-Restaurant-St%c3%b6cklwirt-197773290291251\/?fref=ts\" \/>\n<meta property=\"article:modified_time\" content=\"2021-10-30T07:19:29+00:00\" \/>\n<meta property=\"og:image\" content=\"https:\/\/www.hotel-stoecklwirt.at\/wp-content\/uploads\/2021\/10\/frosch-225x300.jpg\" \/>\n<meta name=\"twitter:card\" content=\"summary_large_image\" \/>\n<meta name=\"twitter:label1\" content=\"Est. reading time\" \/>\n\t<meta name=\"twitter:data1\" content=\"2 minutes\" \/>\n<script type=\"application\/ld+json\" class=\"yoast-schema-graph\">{\"@context\":\"https:\/\/schema.org\",\"@graph\":[{\"@type\":\"WebPage\",\"@id\":\"https:\/\/www.hotel-stoecklwirt.at\/deko\/\",\"url\":\"https:\/\/www.hotel-stoecklwirt.at\/deko\/\",\"name\":\"Deko - stoecklwirt\",\"isPartOf\":{\"@id\":\"https:\/\/www.hotel-stoecklwirt.at\/#website\"},\"primaryImageOfPage\":{\"@id\":\"https:\/\/www.hotel-stoecklwirt.at\/deko\/#primaryimage\"},\"image\":{\"@id\":\"https:\/\/www.hotel-stoecklwirt.at\/deko\/#primaryimage\"},\"thumbnailUrl\":\"https:\/\/www.hotel-stoecklwirt.at\/wp-content\/uploads\/2021\/10\/frosch-225x300.jpg\",\"datePublished\":\"2021-02-15T08:17:29+00:00\",\"dateModified\":\"2021-10-30T07:19:29+00:00\",\"breadcrumb\":{\"@id\":\"https:\/\/www.hotel-stoecklwirt.at\/deko\/#breadcrumb\"},\"inLanguage\":\"en-US\",\"potentialAction\":[{\"@type\":\"ReadAction\",\"target\":[\"https:\/\/www.hotel-stoecklwirt.at\/deko\/\"]}]},{\"@type\":\"ImageObject\",\"inLanguage\":\"en-US\",\"@id\":\"https:\/\/www.hotel-stoecklwirt.at\/deko\/#primaryimage\",\"url\":\"https:\/\/www.hotel-stoecklwirt.at\/wp-content\/uploads\/2021\/10\/frosch-225x300.jpg\",\"contentUrl\":\"https:\/\/www.hotel-stoecklwirt.at\/wp-content\/uploads\/2021\/10\/frosch-225x300.jpg\"},{\"@type\":\"BreadcrumbList\",\"@id\":\"https:\/\/www.hotel-stoecklwirt.at\/deko\/#breadcrumb\",\"itemListElement\":[{\"@type\":\"ListItem\",\"position\":1,\"name\":\"Startseite\",\"item\":\"https:\/\/www.hotel-stoecklwirt.at\/\"},{\"@type\":\"ListItem\",\"position\":2,\"name\":\"Deko\"}]},{\"@type\":\"WebSite\",\"@id\":\"https:\/\/www.hotel-stoecklwirt.at\/#website\",\"url\":\"https:\/\/www.hotel-stoecklwirt.at\/\",\"name\":\"stoecklwirt\",\"description\":\"Hotel Restaurant Stoecklwirt - Spitzenk\u00fcche und ansprechende Doppelzimmer in TOP Lage\",\"publisher\":{\"@id\":\"https:\/\/www.hotel-stoecklwirt.at\/#organization\"},\"potentialAction\":[{\"@type\":\"SearchAction\",\"target\":{\"@type\":\"EntryPoint\",\"urlTemplate\":\"https:\/\/www.hotel-stoecklwirt.at\/?s={search_term_string}\"},\"query-input\":{\"@type\":\"PropertyValueSpecification\",\"valueRequired\":true,\"valueName\":\"search_term_string\"}}],\"inLanguage\":\"en-US\"},{\"@type\":\"Organization\",\"@id\":\"https:\/\/www.hotel-stoecklwirt.at\/#organization\",\"name\":\"stoecklwirt\",\"url\":\"https:\/\/www.hotel-stoecklwirt.at\/\",\"logo\":{\"@type\":\"ImageObject\",\"inLanguage\":\"en-US\",\"@id\":\"https:\/\/www.hotel-stoecklwirt.at\/#\/schema\/logo\/image\/\",\"url\":\"https:\/\/www.hotel-stoecklwirt.at\/wp-content\/uploads\/2020\/06\/cropped-stoecklwirt.png\",\"contentUrl\":\"https:\/\/www.hotel-stoecklwirt.at\/wp-content\/uploads\/2020\/06\/cropped-stoecklwirt.png\",\"width\":389,\"height\":115,\"caption\":\"stoecklwirt\"},\"image\":{\"@id\":\"https:\/\/www.hotel-stoecklwirt.at\/#\/schema\/logo\/image\/\"},\"sameAs\":[\"https:\/\/www.facebook.com\/Hotel-Restaurant-St\u00f6cklwirt-197773290291251\/?fref=ts\"]}]}<\/script>\n<!-- \/ Yoast SEO plugin. -->","yoast_head_json":{"title":"Deko - stoecklwirt","robots":{"index":"index","follow":"follow","max-snippet":"max-snippet:-1","max-image-preview":"max-image-preview:large","max-video-preview":"max-video-preview:-1"},"canonical":"https:\/\/www.hotel-stoecklwirt.at\/deko\/","og_locale":"en_US","og_type":"article","og_title":"Deko - stoecklwirt","og_description":"Kreative Dekofr\u00f6sche 19 Kunststein Skulptur 'Strawberry Seduction' 44x39x28cm Erinnert an fruchtig frische Sommertage. Das Motiv einer saftig roten Erdbeere ist auf einem eleganten Sockel angebracht. Verziert Ihr Wohnzimmer mit ihrer ...","og_url":"https:\/\/www.hotel-stoecklwirt.at\/deko\/","og_site_name":"stoecklwirt","article_publisher":"https:\/\/www.facebook.com\/Hotel-Restaurant-St%c3%b6cklwirt-197773290291251\/?fref=ts","article_modified_time":"2021-10-30T07:19:29+00:00","og_image":[{"url":"https:\/\/www.hotel-stoecklwirt.at\/wp-content\/uploads\/2021\/10\/frosch-225x300.jpg","type":"","width":"","height":""}],"twitter_card":"summary_large_image","twitter_misc":{"Est. reading time":"2 minutes"},"schema":{"@context":"https:\/\/schema.org","@graph":[{"@type":"WebPage","@id":"https:\/\/www.hotel-stoecklwirt.at\/deko\/","url":"https:\/\/www.hotel-stoecklwirt.at\/deko\/","name":"Deko - stoecklwirt","isPartOf":{"@id":"https:\/\/www.hotel-stoecklwirt.at\/#website"},"primaryImageOfPage":{"@id":"https:\/\/www.hotel-stoecklwirt.at\/deko\/#primaryimage"},"image":{"@id":"https:\/\/www.hotel-stoecklwirt.at\/deko\/#primaryimage"},"thumbnailUrl":"https:\/\/www.hotel-stoecklwirt.at\/wp-content\/uploads\/2021\/10\/frosch-225x300.jpg","datePublished":"2021-02-15T08:17:29+00:00","dateModified":"2021-10-30T07:19:29+00:00","breadcrumb":{"@id":"https:\/\/www.hotel-stoecklwirt.at\/deko\/#breadcrumb"},"inLanguage":"en-US","potentialAction":[{"@type":"ReadAction","target":["https:\/\/www.hotel-stoecklwirt.at\/deko\/"]}]},{"@type":"ImageObject","inLanguage":"en-US","@id":"https:\/\/www.hotel-stoecklwirt.at\/deko\/#primaryimage","url":"https:\/\/www.hotel-stoecklwirt.at\/wp-content\/uploads\/2021\/10\/frosch-225x300.jpg","contentUrl":"https:\/\/www.hotel-stoecklwirt.at\/wp-content\/uploads\/2021\/10\/frosch-225x300.jpg"},{"@type":"BreadcrumbList","@id":"https:\/\/www.hotel-stoecklwirt.at\/deko\/#breadcrumb","itemListElement":[{"@type":"ListItem","position":1,"name":"Startseite","item":"https:\/\/www.hotel-stoecklwirt.at\/"},{"@type":"ListItem","position":2,"name":"Deko"}]},{"@type":"WebSite","@id":"https:\/\/www.hotel-stoecklwirt.at\/#website","url":"https:\/\/www.hotel-stoecklwirt.at\/","name":"stoecklwirt","description":"Hotel Restaurant Stoecklwirt - Spitzenk\u00fcche und ansprechende Doppelzimmer in TOP Lage","publisher":{"@id":"https:\/\/www.hotel-stoecklwirt.at\/#organization"},"potentialAction":[{"@type":"SearchAction","target":{"@type":"EntryPoint","urlTemplate":"https:\/\/www.hotel-stoecklwirt.at\/?s={search_term_string}"},"query-input":{"@type":"PropertyValueSpecification","valueRequired":true,"valueName":"search_term_string"}}],"inLanguage":"en-US"},{"@type":"Organization","@id":"https:\/\/www.hotel-stoecklwirt.at\/#organization","name":"stoecklwirt","url":"https:\/\/www.hotel-stoecklwirt.at\/","logo":{"@type":"ImageObject","inLanguage":"en-US","@id":"https:\/\/www.hotel-stoecklwirt.at\/#\/schema\/logo\/image\/","url":"https:\/\/www.hotel-stoecklwirt.at\/wp-content\/uploads\/2020\/06\/cropped-stoecklwirt.png","contentUrl":"https:\/\/www.hotel-stoecklwirt.at\/wp-content\/uploads\/2020\/06\/cropped-stoecklwirt.png","width":389,"height":115,"caption":"stoecklwirt"},"image":{"@id":"https:\/\/www.hotel-stoecklwirt.at\/#\/schema\/logo\/image\/"},"sameAs":["https:\/\/www.facebook.com\/Hotel-Restaurant-St\u00f6cklwirt-197773290291251\/?fref=ts"]}]}},"_links":{"self":[{"href":"https:\/\/www.hotel-stoecklwirt.at\/en\/wp-json\/wp\/v2\/pages\/3607","targetHints":{"allow":["GET"]}}],"collection":[{"href":"https:\/\/www.hotel-stoecklwirt.at\/en\/wp-json\/wp\/v2\/pages"}],"about":[{"href":"https:\/\/www.hotel-stoecklwirt.at\/en\/wp-json\/wp\/v2\/types\/page"}],"author":[{"embeddable":true,"href":"https:\/\/www.hotel-stoecklwirt.at\/en\/wp-json\/wp\/v2\/users\/1"}],"replies":[{"embeddable":true,"href":"https:\/\/www.hotel-stoecklwirt.at\/en\/wp-json\/wp\/v2\/comments?post=3607"}],"version-history":[{"count":23,"href":"https:\/\/www.hotel-stoecklwirt.at\/en\/wp-json\/wp\/v2\/pages\/3607\/revisions"}],"predecessor-version":[{"id":3907,"href":"https:\/\/www.hotel-stoecklwirt.at\/en\/wp-json\/wp\/v2\/pages\/3607\/revisions\/3907"}],"wp:attachment":[{"href":"https:\/\/www.hotel-stoecklwirt.at\/en\/wp-json\/wp\/v2\/media?parent=3607"}],"curies":[{"name":"wp","href":"https:\/\/api.w.org\/{rel}","templated":true}]}}