{"id":364,"date":"2016-11-22T10:31:57","date_gmt":"2016-11-22T09:31:57","guid":{"rendered":"http:\/\/www.hotel-stoecklwirt.at\/?page_id=364"},"modified":"2021-02-16T13:11:18","modified_gmt":"2021-02-16T12:11:18","slug":"veranstaltungen-kleiner-rahmen","status":"publish","type":"page","link":"https:\/\/www.hotel-stoecklwirt.at\/en\/veranstaltungen-kleiner-rahmen\/","title":{"rendered":"reception parlor"},"content":{"rendered":"<div id=\"pl-364\"  class=\"panel-layout\" ><div id=\"pg-364-0\"  class=\"panel-grid panel-no-style\" ><div id=\"pgc-364-0-0\"  class=\"panel-grid-cell\" ><div id=\"panel-364-0-0-0\" class=\"so-panel widget widget_black-studio-tinymce widget_black_studio_tinymce panel-first-child panel-last-child\" data-index=\"0\" ><div class=\"textwidget\"><p>\n\t\t<!-- MasterSlider -->\n\t\t<div id=\"P_MS6a05fff2baed4\" class=\"master-slider-parent msl ms-parent-id-6\" style=\"\">\n\n\t\t\t\n\t\t\t<!-- MasterSlider Main -->\n\t\t\t<div id=\"MS6a05fff2baed4\" class=\"master-slider ms-skin-light-6 round-skin\" >\n\t\t\t\t \t\t\t\t \n\t\t\t\t<div  class=\"ms-slide\" data-delay=\"3\" data-fill-mode=\"fill\"  >\n\t\t\t\t\t<img decoding=\"async\" src=\"https:\/\/www.hotel-stoecklwirt.at\/wp-content\/plugins\/master-slider\/public\/assets\/css\/blank.gif\" alt=\"Veranstaltungen Hotel Restaurant Zimmer Appartement Stoecklwirt Alpendorf St. Johann Wagrain\" title=\"\" data-src=\"https:\/\/www.hotel-stoecklwirt.at\/wp-content\/uploads\/2016\/12\/hotel-steocklwirt-alpendorf-1.jpg\" \/>\n\n\n\t<div class=\"ms-thumb\" ><div class=\"ms-tab-context\"><div class=\"&quot;ms-tab-context&quot;\"><\/div><\/div>\n<\/div>\n\t\t\t\t<\/div>\n\n\t\t\t<\/div>\n\t\t\t<!-- END MasterSlider Main -->\n\n\t\t\t \n\t\t<\/div>\n\t\t<!-- END MasterSlider -->\n\n\t\t<script>\n\t\t(function ( $ ) {\n\t\t\t\"use strict\";\n\n\t\t\t$(function () {\n\t\t\t\tvar masterslider_aed4 = new MasterSlider();\n\n\t\t\t\t\/\/ slider controls\n\t\t\t\tmasterslider_aed4.control('arrows'     ,{ autohide:true, overVideo:true  });\t\t\t\tmasterslider_aed4.control('bullets'    ,{ autohide:true, overVideo:true, dir:'h', align:'bottom' , margin:10  });\n\n\t\t\t\tmasterslider_aed4.control('scrollbar'  ,{ autohide:true, overVideo:true, dir:'h', inset:true, align:'top', color:'#404040' , margin:10  , width:4 });\n\t\t\t\t\/\/ slider setup\n\t\t\t\tmasterslider_aed4.setup(\"MS6a05fff2baed4\", {\n\t\t\t\t\t\twidth           : 800,\n\t\t\t\t\t\theight          : 800,\n\t\t\t\t\t\tminHeight       : 0,\n\t\t\t\t\t\tspace           : 0,\n\t\t\t\t\t\tstart           : 1,\n\t\t\t\t\t\tgrabCursor      : true,\n\t\t\t\t\t\tswipe           : true,\n\t\t\t\t\t\tmouse           : true,\n\t\t\t\t\t\tlayout          : \"fullwidth\",\n\t\t\t\t\t\twheel           : false,\n\t\t\t\t\t\tautoplay        : false,\n\t\t\t\t\t\tinstantStartLayers:false,\n\t\t\t\t\t\tloop            : false,\n\t\t\t\t\t\tshuffle         : false,\n\t\t\t\t\t\tpreload         : 0,\n\t\t\t\t\t\theightLimit     : true,\n\t\t\t\t\t\tautoHeight      : true,\n\t\t\t\t\t\tsmoothHeight    : true,\n\t\t\t\t\t\tendPause        : false,\n\t\t\t\t\t\toverPause       : true,\n\t\t\t\t\t\tfillMode        : \"fill\",\n\t\t\t\t\t\tcenterControls  : false,\n\t\t\t\t\t\tstartOnAppear   : false,\n\t\t\t\t\t\tlayersMode      : \"center\",\n\t\t\t\t\t\thideLayers      : false,\n\t\t\t\t\t\tfullscreenMargin: 0,\n\t\t\t\t\t\tspeed           : 20,\n\t\t\t\t\t\tdir             : \"h\",\n\t\t\t\t\t\tparallaxMode    : 'swipe',\n\t\t\t\t\t\tview            : \"basic\"\n\t\t\t\t});\n\n\t\t\t\t\n\t\t\t\twindow.masterslider_instances = window.masterslider_instances || [];\n\t\t\t\twindow.masterslider_instances.push( masterslider_aed4 );\n\t\t\t });\n\n\t\t})(jQuery);\n\t\t<\/script>\n\n<\/p>\n<\/div><\/div><\/div><\/div><div id=\"pg-364-1\"  class=\"panel-grid panel-no-style\" ><div id=\"pgc-364-1-0\"  class=\"panel-grid-cell\" ><div id=\"panel-364-1-0-0\" class=\"so-panel widget widget_black-studio-tinymce widget_black_studio_tinymce panel-first-child panel-last-child\" data-index=\"1\" ><div class=\"textwidget\"><p><div id='gallery-1' class='gallery galleryid-364 gallery-columns-1 gallery-size-full'><figure class='gallery-item'>\n\t\t\t<div class='gallery-icon landscape'>\n\t\t\t\t<a href='https:\/\/www.hotel-stoecklwirt.at\/wp-content\/uploads\/2016\/12\/hotel-steocklwirt-alpendorf.jpg' title=\"\" data-rl_title=\"\" class=\"rl-gallery-link\" data-rl_caption=\"\" data-rel=\"lightbox-gallery-1\"><img loading=\"lazy\" decoding=\"async\" width=\"2048\" height=\"1371\" src=\"https:\/\/www.hotel-stoecklwirt.at\/wp-content\/uploads\/2016\/12\/hotel-steocklwirt-alpendorf.jpg\" class=\"attachment-full size-full\" alt=\"Veranstaltungen Hotel Restaurant Zimmer Appartement Stoecklwirt Alpendorf St. Johann Wagrain\" srcset=\"https:\/\/www.hotel-stoecklwirt.at\/wp-content\/uploads\/2016\/12\/hotel-steocklwirt-alpendorf.jpg 2048w, https:\/\/www.hotel-stoecklwirt.at\/wp-content\/uploads\/2016\/12\/hotel-steocklwirt-alpendorf-300x201.jpg 300w, https:\/\/www.hotel-stoecklwirt.at\/wp-content\/uploads\/2016\/12\/hotel-steocklwirt-alpendorf-768x514.jpg 768w, https:\/\/www.hotel-stoecklwirt.at\/wp-content\/uploads\/2016\/12\/hotel-steocklwirt-alpendorf-1024x686.jpg 1024w, https:\/\/www.hotel-stoecklwirt.at\/wp-content\/uploads\/2016\/12\/hotel-steocklwirt-alpendorf-272x182.jpg 272w\" sizes=\"auto, (max-width: 2048px) 100vw, 2048px\" \/><\/a>\n\t\t\t<\/div><\/figure>\n\t\t<\/div>\n<\/p>\n<\/div><\/div><\/div><div id=\"pgc-364-1-1\"  class=\"panel-grid-cell\" ><div id=\"panel-364-1-1-0\" class=\"so-panel widget widget_black-studio-tinymce widget_black_studio_tinymce panel-first-child panel-last-child\" data-index=\"2\" ><div class=\"textwidget\"><h3><span class=\"\" style=\"display:block;clear:both;height: 0px;padding-top: 20px;border-top-width:0px;border-bottom-width:0px;\"><\/span>Our reception parlor<span class=\"\" style=\"display:block;clear:both;height: 0px;padding-top: 20px;border-top-width:0px;border-bottom-width:0px;\"><\/span><\/h3>\n<h3>...to relax for our house guests.<\/h3>\n<p>Here you can read a book during the day, play comfortably or simply relax.<br \/>\n.<\/p>\n<\/div><\/div><\/div><\/div><\/div>","protected":false},"excerpt":{"rendered":"<p>Our reception parlor &#8230;to relax for our house guests. Here you can read a book during the day, play comfortably or simply relax. .<\/p>\n","protected":false},"author":1,"featured_media":0,"parent":0,"menu_order":0,"comment_status":"closed","ping_status":"closed","template":"","meta":{"_monsterinsights_skip_tracking":false,"_monsterinsights_sitenote_active":false,"_monsterinsights_sitenote_note":"","_monsterinsights_sitenote_category":0,"_themeisle_gutenberg_block_has_review":false,"footnotes":""},"class_list":["post-364","page","type-page","status-publish","hentry"],"yoast_head":"<!-- This site is optimized with the Yoast SEO plugin v26.4 - https:\/\/yoast.com\/wordpress\/plugins\/seo\/ -->\n<title>Veranstaltungen Rezeptionsstueberl kleiner Rahmen<\/title>\n<meta name=\"description\" content=\"Veranstaltungen in kleinem Ramen gef\u00e4llig? Durch seine famili\u00e4re Gr\u00f6\u00dfe bekommt man auch bei wenigen G\u00e4sten das Gef\u00fchl, den Raum angenehm gef\u00fcllt zu haben.\" \/>\n<meta name=\"robots\" content=\"index, follow, max-snippet:-1, max-image-preview:large, max-video-preview:-1\" \/>\n<link rel=\"canonical\" href=\"https:\/\/www.hotel-stoecklwirt.at\/veranstaltungen-kleiner-rahmen\/\" \/>\n<meta property=\"og:locale\" content=\"en_US\" \/>\n<meta property=\"og:type\" content=\"article\" \/>\n<meta property=\"og:title\" content=\"Veranstaltungen Rezeptionsstueberl kleiner Rahmen\" \/>\n<meta property=\"og:description\" content=\"Veranstaltungen in kleinem Ramen gef\u00e4llig? Durch seine famili\u00e4re Gr\u00f6\u00dfe bekommt man auch bei wenigen G\u00e4sten das Gef\u00fchl, den Raum angenehm gef\u00fcllt zu haben.\" \/>\n<meta property=\"og:url\" content=\"https:\/\/www.hotel-stoecklwirt.at\/veranstaltungen-kleiner-rahmen\/\" \/>\n<meta property=\"og:site_name\" content=\"stoecklwirt\" \/>\n<meta property=\"article:publisher\" content=\"https:\/\/www.facebook.com\/Hotel-Restaurant-St%c3%b6cklwirt-197773290291251\/?fref=ts\" \/>\n<meta property=\"article:modified_time\" content=\"2021-02-16T12:11:18+00:00\" \/>\n<meta property=\"og:image\" content=\"https:\/\/www.hotel-stoecklwirt.at\/wp-content\/plugins\/master-slider\/public\/assets\/css\/blank.gif\" \/>\n<meta name=\"twitter:card\" content=\"summary_large_image\" \/>\n<script type=\"application\/ld+json\" class=\"yoast-schema-graph\">{\"@context\":\"https:\/\/schema.org\",\"@graph\":[{\"@type\":\"WebPage\",\"@id\":\"https:\/\/www.hotel-stoecklwirt.at\/veranstaltungen-kleiner-rahmen\/\",\"url\":\"https:\/\/www.hotel-stoecklwirt.at\/veranstaltungen-kleiner-rahmen\/\",\"name\":\"Veranstaltungen Rezeptionsstueberl kleiner Rahmen\",\"isPartOf\":{\"@id\":\"https:\/\/www.hotel-stoecklwirt.at\/#website\"},\"primaryImageOfPage\":{\"@id\":\"https:\/\/www.hotel-stoecklwirt.at\/veranstaltungen-kleiner-rahmen\/#primaryimage\"},\"image\":{\"@id\":\"https:\/\/www.hotel-stoecklwirt.at\/veranstaltungen-kleiner-rahmen\/#primaryimage\"},\"thumbnailUrl\":\"https:\/\/www.hotel-stoecklwirt.at\/wp-content\/plugins\/master-slider\/public\/assets\/css\/blank.gif\",\"datePublished\":\"2016-11-22T09:31:57+00:00\",\"dateModified\":\"2021-02-16T12:11:18+00:00\",\"description\":\"Veranstaltungen in kleinem Ramen gef\u00e4llig? Durch seine famili\u00e4re Gr\u00f6\u00dfe bekommt man auch bei wenigen G\u00e4sten das Gef\u00fchl, den Raum angenehm gef\u00fcllt zu haben.\",\"breadcrumb\":{\"@id\":\"https:\/\/www.hotel-stoecklwirt.at\/veranstaltungen-kleiner-rahmen\/#breadcrumb\"},\"inLanguage\":\"en-US\",\"potentialAction\":[{\"@type\":\"ReadAction\",\"target\":[\"https:\/\/www.hotel-stoecklwirt.at\/veranstaltungen-kleiner-rahmen\/\"]}]},{\"@type\":\"ImageObject\",\"inLanguage\":\"en-US\",\"@id\":\"https:\/\/www.hotel-stoecklwirt.at\/veranstaltungen-kleiner-rahmen\/#primaryimage\",\"url\":\"https:\/\/www.hotel-stoecklwirt.at\/wp-content\/plugins\/master-slider\/public\/assets\/css\/blank.gif\",\"contentUrl\":\"https:\/\/www.hotel-stoecklwirt.at\/wp-content\/plugins\/master-slider\/public\/assets\/css\/blank.gif\"},{\"@type\":\"BreadcrumbList\",\"@id\":\"https:\/\/www.hotel-stoecklwirt.at\/veranstaltungen-kleiner-rahmen\/#breadcrumb\",\"itemListElement\":[{\"@type\":\"ListItem\",\"position\":1,\"name\":\"Startseite\",\"item\":\"https:\/\/www.hotel-stoecklwirt.at\/\"},{\"@type\":\"ListItem\",\"position\":2,\"name\":\"Rezeptionsst\u00fcberl Veranstaltungen kleiner Rahmen\"}]},{\"@type\":\"WebSite\",\"@id\":\"https:\/\/www.hotel-stoecklwirt.at\/#website\",\"url\":\"https:\/\/www.hotel-stoecklwirt.at\/\",\"name\":\"stoecklwirt\",\"description\":\"Hotel Restaurant Stoecklwirt - Spitzenk\u00fcche und ansprechende Doppelzimmer in TOP Lage\",\"publisher\":{\"@id\":\"https:\/\/www.hotel-stoecklwirt.at\/#organization\"},\"potentialAction\":[{\"@type\":\"SearchAction\",\"target\":{\"@type\":\"EntryPoint\",\"urlTemplate\":\"https:\/\/www.hotel-stoecklwirt.at\/?s={search_term_string}\"},\"query-input\":{\"@type\":\"PropertyValueSpecification\",\"valueRequired\":true,\"valueName\":\"search_term_string\"}}],\"inLanguage\":\"en-US\"},{\"@type\":\"Organization\",\"@id\":\"https:\/\/www.hotel-stoecklwirt.at\/#organization\",\"name\":\"stoecklwirt\",\"url\":\"https:\/\/www.hotel-stoecklwirt.at\/\",\"logo\":{\"@type\":\"ImageObject\",\"inLanguage\":\"en-US\",\"@id\":\"https:\/\/www.hotel-stoecklwirt.at\/#\/schema\/logo\/image\/\",\"url\":\"https:\/\/www.hotel-stoecklwirt.at\/wp-content\/uploads\/2020\/06\/cropped-stoecklwirt.png\",\"contentUrl\":\"https:\/\/www.hotel-stoecklwirt.at\/wp-content\/uploads\/2020\/06\/cropped-stoecklwirt.png\",\"width\":389,\"height\":115,\"caption\":\"stoecklwirt\"},\"image\":{\"@id\":\"https:\/\/www.hotel-stoecklwirt.at\/#\/schema\/logo\/image\/\"},\"sameAs\":[\"https:\/\/www.facebook.com\/Hotel-Restaurant-St\u00f6cklwirt-197773290291251\/?fref=ts\"]}]}<\/script>\n<!-- \/ Yoast SEO plugin. -->","yoast_head_json":{"title":"Veranstaltungen Rezeptionsstueberl kleiner Rahmen","description":"Veranstaltungen in kleinem Ramen gef\u00e4llig? Durch seine famili\u00e4re Gr\u00f6\u00dfe bekommt man auch bei wenigen G\u00e4sten das Gef\u00fchl, den Raum angenehm gef\u00fcllt zu haben.","robots":{"index":"index","follow":"follow","max-snippet":"max-snippet:-1","max-image-preview":"max-image-preview:large","max-video-preview":"max-video-preview:-1"},"canonical":"https:\/\/www.hotel-stoecklwirt.at\/veranstaltungen-kleiner-rahmen\/","og_locale":"en_US","og_type":"article","og_title":"Veranstaltungen Rezeptionsstueberl kleiner Rahmen","og_description":"Veranstaltungen in kleinem Ramen gef\u00e4llig? Durch seine famili\u00e4re Gr\u00f6\u00dfe bekommt man auch bei wenigen G\u00e4sten das Gef\u00fchl, den Raum angenehm gef\u00fcllt zu haben.","og_url":"https:\/\/www.hotel-stoecklwirt.at\/veranstaltungen-kleiner-rahmen\/","og_site_name":"stoecklwirt","article_publisher":"https:\/\/www.facebook.com\/Hotel-Restaurant-St%c3%b6cklwirt-197773290291251\/?fref=ts","article_modified_time":"2021-02-16T12:11:18+00:00","og_image":[{"url":"https:\/\/www.hotel-stoecklwirt.at\/wp-content\/plugins\/master-slider\/public\/assets\/css\/blank.gif","type":"","width":"","height":""}],"twitter_card":"summary_large_image","schema":{"@context":"https:\/\/schema.org","@graph":[{"@type":"WebPage","@id":"https:\/\/www.hotel-stoecklwirt.at\/veranstaltungen-kleiner-rahmen\/","url":"https:\/\/www.hotel-stoecklwirt.at\/veranstaltungen-kleiner-rahmen\/","name":"Veranstaltungen Rezeptionsstueberl kleiner Rahmen","isPartOf":{"@id":"https:\/\/www.hotel-stoecklwirt.at\/#website"},"primaryImageOfPage":{"@id":"https:\/\/www.hotel-stoecklwirt.at\/veranstaltungen-kleiner-rahmen\/#primaryimage"},"image":{"@id":"https:\/\/www.hotel-stoecklwirt.at\/veranstaltungen-kleiner-rahmen\/#primaryimage"},"thumbnailUrl":"https:\/\/www.hotel-stoecklwirt.at\/wp-content\/plugins\/master-slider\/public\/assets\/css\/blank.gif","datePublished":"2016-11-22T09:31:57+00:00","dateModified":"2021-02-16T12:11:18+00:00","description":"Veranstaltungen in kleinem Ramen gef\u00e4llig? Durch seine famili\u00e4re Gr\u00f6\u00dfe bekommt man auch bei wenigen G\u00e4sten das Gef\u00fchl, den Raum angenehm gef\u00fcllt zu haben.","breadcrumb":{"@id":"https:\/\/www.hotel-stoecklwirt.at\/veranstaltungen-kleiner-rahmen\/#breadcrumb"},"inLanguage":"en-US","potentialAction":[{"@type":"ReadAction","target":["https:\/\/www.hotel-stoecklwirt.at\/veranstaltungen-kleiner-rahmen\/"]}]},{"@type":"ImageObject","inLanguage":"en-US","@id":"https:\/\/www.hotel-stoecklwirt.at\/veranstaltungen-kleiner-rahmen\/#primaryimage","url":"https:\/\/www.hotel-stoecklwirt.at\/wp-content\/plugins\/master-slider\/public\/assets\/css\/blank.gif","contentUrl":"https:\/\/www.hotel-stoecklwirt.at\/wp-content\/plugins\/master-slider\/public\/assets\/css\/blank.gif"},{"@type":"BreadcrumbList","@id":"https:\/\/www.hotel-stoecklwirt.at\/veranstaltungen-kleiner-rahmen\/#breadcrumb","itemListElement":[{"@type":"ListItem","position":1,"name":"Startseite","item":"https:\/\/www.hotel-stoecklwirt.at\/"},{"@type":"ListItem","position":2,"name":"Rezeptionsst\u00fcberl Veranstaltungen kleiner Rahmen"}]},{"@type":"WebSite","@id":"https:\/\/www.hotel-stoecklwirt.at\/#website","url":"https:\/\/www.hotel-stoecklwirt.at\/","name":"stoecklwirt","description":"Hotel Restaurant Stoecklwirt - Spitzenk\u00fcche und ansprechende Doppelzimmer in TOP Lage","publisher":{"@id":"https:\/\/www.hotel-stoecklwirt.at\/#organization"},"potentialAction":[{"@type":"SearchAction","target":{"@type":"EntryPoint","urlTemplate":"https:\/\/www.hotel-stoecklwirt.at\/?s={search_term_string}"},"query-input":{"@type":"PropertyValueSpecification","valueRequired":true,"valueName":"search_term_string"}}],"inLanguage":"en-US"},{"@type":"Organization","@id":"https:\/\/www.hotel-stoecklwirt.at\/#organization","name":"stoecklwirt","url":"https:\/\/www.hotel-stoecklwirt.at\/","logo":{"@type":"ImageObject","inLanguage":"en-US","@id":"https:\/\/www.hotel-stoecklwirt.at\/#\/schema\/logo\/image\/","url":"https:\/\/www.hotel-stoecklwirt.at\/wp-content\/uploads\/2020\/06\/cropped-stoecklwirt.png","contentUrl":"https:\/\/www.hotel-stoecklwirt.at\/wp-content\/uploads\/2020\/06\/cropped-stoecklwirt.png","width":389,"height":115,"caption":"stoecklwirt"},"image":{"@id":"https:\/\/www.hotel-stoecklwirt.at\/#\/schema\/logo\/image\/"},"sameAs":["https:\/\/www.facebook.com\/Hotel-Restaurant-St\u00f6cklwirt-197773290291251\/?fref=ts"]}]}},"_links":{"self":[{"href":"https:\/\/www.hotel-stoecklwirt.at\/en\/wp-json\/wp\/v2\/pages\/364","targetHints":{"allow":["GET"]}}],"collection":[{"href":"https:\/\/www.hotel-stoecklwirt.at\/en\/wp-json\/wp\/v2\/pages"}],"about":[{"href":"https:\/\/www.hotel-stoecklwirt.at\/en\/wp-json\/wp\/v2\/types\/page"}],"author":[{"embeddable":true,"href":"https:\/\/www.hotel-stoecklwirt.at\/en\/wp-json\/wp\/v2\/users\/1"}],"replies":[{"embeddable":true,"href":"https:\/\/www.hotel-stoecklwirt.at\/en\/wp-json\/wp\/v2\/comments?post=364"}],"version-history":[{"count":21,"href":"https:\/\/www.hotel-stoecklwirt.at\/en\/wp-json\/wp\/v2\/pages\/364\/revisions"}],"predecessor-version":[{"id":3632,"href":"https:\/\/www.hotel-stoecklwirt.at\/en\/wp-json\/wp\/v2\/pages\/364\/revisions\/3632"}],"wp:attachment":[{"href":"https:\/\/www.hotel-stoecklwirt.at\/en\/wp-json\/wp\/v2\/media?parent=364"}],"curies":[{"name":"wp","href":"https:\/\/api.w.org\/{rel}","templated":true}]}}