{"id":366,"date":"2016-11-22T10:32:18","date_gmt":"2016-11-22T09:32:18","guid":{"rendered":"http:\/\/www.hotel-stoecklwirt.at\/?page_id=366"},"modified":"2024-08-02T23:07:47","modified_gmt":"2024-08-02T21:07:47","slug":"veranstaltungssaal-st-johann-zentral","status":"publish","type":"page","link":"https:\/\/www.hotel-stoecklwirt.at\/en\/veranstaltungssaal-st-johann-zentral\/","title":{"rendered":"event hall"},"content":{"rendered":"<div id=\"pl-366\"  class=\"panel-layout\" ><div id=\"pg-366-0\"  class=\"panel-grid panel-no-style\" ><div id=\"pgc-366-0-0\"  class=\"panel-grid-cell\" ><div id=\"panel-366-0-0-0\" class=\"so-panel widget widget_black-studio-tinymce widget_black_studio_tinymce panel-first-child panel-last-child\" data-index=\"0\" ><div class=\"textwidget\"><p>\n\t\t<!-- MasterSlider -->\n\t\t<div id=\"P_MS69fc749e7463d\" class=\"master-slider-parent msl ms-parent-id-7\" style=\"\">\n\n\t\t\t\n\t\t\t<!-- MasterSlider Main -->\n\t\t\t<div id=\"MS69fc749e7463d\" class=\"master-slider ms-skin-light-6 round-skin\" >\n\t\t\t\t \t\t\t\t \n\t\t\t\t<div  class=\"ms-slide\" data-delay=\"3\" data-fill-mode=\"fill\"  >\n\t\t\t\t\t<img decoding=\"async\" src=\"https:\/\/www.hotel-stoecklwirt.at\/wp-content\/plugins\/master-slider\/public\/assets\/css\/blank.gif\" alt=\"Festsaal perfekt f\u00fcr Hochzeiten, Taufen, etc.\" title=\"\" data-src=\"https:\/\/www.hotel-stoecklwirt.at\/wp-content\/uploads\/2016\/12\/Veranstaltungssaal-Hochzeiten-St.jpg\" \/>\n\n\n\t<div class=\"ms-thumb\" ><div class=\"ms-tab-context\"><div class=\"&quot;ms-tab-context&quot;\"><\/div><\/div>\n<\/div>\n\t\t\t\t<\/div>\n\t\t\t\t<div  class=\"ms-slide\" data-delay=\"3\" data-fill-mode=\"fill\"  >\n\t\t\t\t\t<img decoding=\"async\" src=\"https:\/\/www.hotel-stoecklwirt.at\/wp-content\/plugins\/master-slider\/public\/assets\/css\/blank.gif\" alt=\"Festsaal perfekt f\u00fcr Hochzeiten, Taufen, etc.\" title=\"\" data-src=\"https:\/\/www.hotel-stoecklwirt.at\/wp-content\/uploads\/2016\/12\/restaurant-stoecklwirt-hotel-1.jpg\" \/>\n\n\n\t<div class=\"ms-thumb\" ><div class=\"ms-tab-context\"><div class=\"&quot;ms-tab-context&quot;\"><\/div><\/div>\n<\/div>\n\t\t\t\t<\/div>\n\t\t\t\t<div  class=\"ms-slide\" data-delay=\"3\" data-fill-mode=\"fill\"  >\n\t\t\t\t\t<img decoding=\"async\" src=\"https:\/\/www.hotel-stoecklwirt.at\/wp-content\/plugins\/master-slider\/public\/assets\/css\/blank.gif\" alt=\"Festsaal perfekt f\u00fcr Hochzeiten, Taufen, etc.\" title=\"\" data-src=\"https:\/\/www.hotel-stoecklwirt.at\/wp-content\/uploads\/2016\/12\/festsaal-hochzeiten-taufen-1.jpg\" \/>\n\n\n\t<div class=\"ms-thumb\" ><div class=\"ms-tab-context\"><div class=\"&quot;ms-tab-context&quot;\"><\/div><\/div>\n<\/div>\n\t\t\t\t<\/div>\n\n\t\t\t<\/div>\n\t\t\t<!-- END MasterSlider Main -->\n\n\t\t\t \n\t\t<\/div>\n\t\t<!-- END MasterSlider -->\n\n\t\t<script>\n\t\t(function ( $ ) {\n\t\t\t\"use strict\";\n\n\t\t\t$(function () {\n\t\t\t\tvar masterslider_463d = new MasterSlider();\n\n\t\t\t\t\/\/ slider controls\n\t\t\t\tmasterslider_463d.control('arrows'     ,{ autohide:true, overVideo:true  });\t\t\t\tmasterslider_463d.control('bullets'    ,{ autohide:true, overVideo:true, dir:'h', align:'bottom' , margin:10  });\n\n\t\t\t\tmasterslider_463d.control('scrollbar'  ,{ autohide:true, overVideo:true, dir:'h', inset:true, align:'top', color:'#404040' , margin:10  , width:4 });\n\t\t\t\t\/\/ slider setup\n\t\t\t\tmasterslider_463d.setup(\"MS69fc749e7463d\", {\n\t\t\t\t\t\twidth           : 800,\n\t\t\t\t\t\theight          : 800,\n\t\t\t\t\t\tminHeight       : 0,\n\t\t\t\t\t\tspace           : 0,\n\t\t\t\t\t\tstart           : 1,\n\t\t\t\t\t\tgrabCursor      : true,\n\t\t\t\t\t\tswipe           : true,\n\t\t\t\t\t\tmouse           : true,\n\t\t\t\t\t\tlayout          : \"fullwidth\",\n\t\t\t\t\t\twheel           : false,\n\t\t\t\t\t\tautoplay        : false,\n\t\t\t\t\t\tinstantStartLayers:false,\n\t\t\t\t\t\tloop            : false,\n\t\t\t\t\t\tshuffle         : false,\n\t\t\t\t\t\tpreload         : 0,\n\t\t\t\t\t\theightLimit     : true,\n\t\t\t\t\t\tautoHeight      : true,\n\t\t\t\t\t\tsmoothHeight    : true,\n\t\t\t\t\t\tendPause        : false,\n\t\t\t\t\t\toverPause       : true,\n\t\t\t\t\t\tfillMode        : \"fill\",\n\t\t\t\t\t\tcenterControls  : false,\n\t\t\t\t\t\tstartOnAppear   : false,\n\t\t\t\t\t\tlayersMode      : \"center\",\n\t\t\t\t\t\thideLayers      : false,\n\t\t\t\t\t\tfullscreenMargin: 0,\n\t\t\t\t\t\tspeed           : 20,\n\t\t\t\t\t\tdir             : \"h\",\n\t\t\t\t\t\tparallaxMode    : 'swipe',\n\t\t\t\t\t\tview            : \"basic\"\n\t\t\t\t});\n\n\t\t\t\t\n\t\t\t\twindow.masterslider_instances = window.masterslider_instances || [];\n\t\t\t\twindow.masterslider_instances.push( masterslider_463d );\n\t\t\t });\n\n\t\t})(jQuery);\n\t\t<\/script>\n\n<\/p>\n<\/div><\/div><\/div><\/div><div id=\"pg-366-1\"  class=\"panel-grid panel-no-style\" ><div id=\"pgc-366-1-0\"  class=\"panel-grid-cell panel-grid-cell-empty\" ><\/div><div id=\"pgc-366-1-1\"  class=\"panel-grid-cell\" ><div id=\"panel-366-1-1-0\" class=\"so-panel widget widget_black-studio-tinymce widget_black_studio_tinymce panel-first-child panel-last-child\" data-index=\"1\" ><div class=\"textwidget\"><p><div id='gallery-1' class='gallery galleryid-366 gallery-columns-1 gallery-size-full'><figure class='gallery-item'>\n\t\t\t<div class='gallery-icon landscape'>\n\t\t\t\t<a href='https:\/\/www.hotel-stoecklwirt.at\/wp-content\/uploads\/2016\/12\/Veranstaltungssaal-Hochzeiten-St.Johann.jpg' title=\"\" data-rl_title=\"\" class=\"rl-gallery-link\" data-rl_caption=\"\" data-rel=\"lightbox-gallery-1\"><img loading=\"lazy\" decoding=\"async\" width=\"3085\" height=\"2058\" src=\"https:\/\/www.hotel-stoecklwirt.at\/wp-content\/uploads\/2016\/12\/Veranstaltungssaal-Hochzeiten-St.Johann.jpg\" class=\"attachment-full size-full\" alt=\"Festsaal Restaurant St\u00f6cklwirt\" srcset=\"https:\/\/www.hotel-stoecklwirt.at\/wp-content\/uploads\/2016\/12\/Veranstaltungssaal-Hochzeiten-St.Johann.jpg 3085w, https:\/\/www.hotel-stoecklwirt.at\/wp-content\/uploads\/2016\/12\/Veranstaltungssaal-Hochzeiten-St.Johann-300x200.jpg 300w, https:\/\/www.hotel-stoecklwirt.at\/wp-content\/uploads\/2016\/12\/Veranstaltungssaal-Hochzeiten-St.Johann-768x512.jpg 768w, https:\/\/www.hotel-stoecklwirt.at\/wp-content\/uploads\/2016\/12\/Veranstaltungssaal-Hochzeiten-St.Johann-1024x683.jpg 1024w, https:\/\/www.hotel-stoecklwirt.at\/wp-content\/uploads\/2016\/12\/Veranstaltungssaal-Hochzeiten-St.Johann-272x182.jpg 272w\" sizes=\"auto, (max-width: 3085px) 100vw, 3085px\" \/><\/a>\n\t\t\t<\/div><\/figure>\n\t\t<\/div>\n<\/p>\n<\/div><\/div><\/div><div id=\"pgc-366-1-2\"  class=\"panel-grid-cell\" ><div id=\"panel-366-1-2-0\" class=\"so-panel widget widget_black-studio-tinymce widget_black_studio_tinymce panel-first-child panel-last-child\" data-index=\"2\" ><div class=\"textwidget\"><h3 style=\"text-align: left;\"><span class=\"\" style=\"display:block;clear:both;height: 0px;padding-top: 40px;border-top-width:0px;border-bottom-width:0px;\"><\/span>Our event hall<\/h3>\n<p style=\"text-align: left;\">Our hotel guests gather for breakfast and dinner here in this friendly-bright atmosphere.<\/p>\n<\/div><\/div><\/div><\/div><div id=\"pg-366-2\"  class=\"panel-grid panel-no-style\" ><div id=\"pgc-366-2-0\"  class=\"panel-grid-cell panel-grid-cell-empty\" ><\/div><div id=\"pgc-366-2-1\"  class=\"panel-grid-cell\" ><div id=\"panel-366-2-1-0\" class=\"so-panel widget widget_black-studio-tinymce widget_black_studio_tinymce panel-first-child panel-last-child\" data-index=\"3\" ><div class=\"textwidget\"><ul>\n<li>Kidnapping of the bride<\/li>\n<li>Funerals<\/li>\n<\/ul>\n<\/div><\/div><\/div><div id=\"pgc-366-2-2\"  class=\"panel-grid-cell\" ><div id=\"panel-366-2-2-0\" class=\"so-panel widget widget_black-studio-tinymce widget_black_studio_tinymce panel-first-child panel-last-child\" data-index=\"4\" ><div class=\"textwidget\"><ul>\n<li>Seminars<\/li>\n<li>Other special occasions...<\/li>\n<\/ul>\n<\/div><\/div><\/div><\/div><div id=\"pg-366-3\"  class=\"panel-grid panel-no-style\" ><div id=\"pgc-366-3-0\"  class=\"panel-grid-cell\" ><div id=\"panel-366-3-0-0\" class=\"so-panel widget widget_black-studio-tinymce widget_black_studio_tinymce panel-first-child panel-last-child\" data-index=\"5\" ><div class=\"textwidget\"><p><div id=\"vfb-form-2\" class=\"visual-form-builder-container\"><form id=\"veranstaltungssaal-2\" class=\"visual-form-builder vfb-form-2 \" method=\"post\" enctype=\"multipart\/form-data\">\n\t  \t<input type=\"hidden\" name=\"form_id\" value=\"2\" \/><fieldset class=\"vfb-fieldset vfb-fieldset-1 jetzt-reservieren \" id=\"item-vfb-14\"><div class=\"vfb-legend\"><h3>Book now<\/h3><\/div><ul class=\"vfb-section vfb-section-1\"><li class=\"vfb-item vfb-item-text  \" id=\"item-vfb-18\"><label for=\"vfb-18\" class=\"vfb-desc\">First name, last name  <span class=\"vfb-required-asterisk\">*<\/span><\/label><input type=\"text\" name=\"vfb-18\" id=\"vfb-18\" value=\"\" class=\"vfb-text  vfb-large  required  \" \/><\/li><li class=\"vfb-item vfb-item-text  \" id=\"item-vfb-22\"><label for=\"vfb-22\" class=\"vfb-desc\">Address, ZIP\/postal code, City <\/label><input type=\"text\" name=\"vfb-22\" id=\"vfb-22\" value=\"\" class=\"vfb-text  vfb-large   \" \/><\/li><li class=\"vfb-item vfb-item-phone  \" id=\"item-vfb-25\"><label for=\"vfb-25\" class=\"vfb-desc\">Phone  <span class=\"vfb-required-asterisk\">*<\/span><\/label><input type=\"tel\" name=\"vfb-25\" id=\"vfb-25\" value=\"\" class=\"vfb-text  vfb-large  required  phone \" \/><\/li><li class=\"vfb-item vfb-item-email  \" id=\"item-vfb-19\"><label for=\"vfb-19\" class=\"vfb-desc\">E-mail address  <span class=\"vfb-required-asterisk\">*<\/span><\/label><input type=\"email\" name=\"vfb-19\" id=\"vfb-19\" value=\"\" class=\"vfb-text  vfb-large  required  email \" \/><\/li><li class=\"vfb-item vfb-item-select  \" id=\"item-vfb-23\"><label for=\"vfb-23\" class=\"vfb-desc\">Please select  <span class=\"vfb-required-asterisk\">*<\/span><\/label><select name=\"vfb-23\" id=\"vfb-23\" class=\"vfb-select  vfb-large  required \"><option value=\"I would like to reserve a table\">I would like to reserve a table<\/option><option value=\"I would like to get in contact with the planning of a celebration\">I would like to get in contact with the planning of a celebration<\/option><option value=\"Other reason\">Other reason<\/option><\/select><\/li><li class=\"vfb-item vfb-item-number  \" id=\"item-vfb-26\"><label for=\"vfb-26\" class=\"vfb-desc\">Number of people  <span class=\"vfb-required-asterisk\">*<\/span><\/label><input type=\"text\" name=\"vfb-26\" id=\"vfb-26\" value=\"\" class=\"vfb-text  vfb-large  required  digits \" \/><\/li><li class=\"vfb-item vfb-item-textarea  \" id=\"item-vfb-24\"><label for=\"vfb-24\" class=\"vfb-desc\">Comment <\/label><div><textarea name=\"vfb-24\" id=\"vfb-24\" class=\"vfb-textarea  vfb-medium  \"><\/textarea><\/div><\/li><\/ul>&nbsp;<\/fieldset><fieldset class=\"vfb-fieldset vfb-fieldset-2 spamschutz \" id=\"item-vfb-15\" style=\"display:block\"><div class=\"vfb-legend\"><h3>Spam protection<\/h3><\/div><ul class=\"vfb-section vfb-section-2\"><li class=\"vfb-item vfb-item-secret\"  style=\"display:block\"><label for=\"vfb-16\" class=\"vfb-desc\">Please enter two digits <span class=\"vfb-required-asterisk\">*<\/span><\/label><input type=\"hidden\" name=\"_vfb-secret\" value=\"vfb-16\" \/><span class=\"vfb-span\"><input type=\"text\" name=\"vfb-16\" id=\"vfb-16\" value=\"\" class=\"vfb-text  vfb-medium  required {digits:true,maxlength:2,minlength:2} \" style=\"display:block\" \/><label>Example: 12<\/label><\/span><li style=\"display:none;\"><label>This box is for spam protection - &lt;strong&gt;please leave it blank&lt;\/strong&gt;:<\/label><div><input name=\"vfb-spam\" \/><\/div><\/li>\n\t\t\t<li class=\"vfb-item vfb-item-submit\" id=\"item-vfb-17\">\n\t\t\t\t<input type=\"submit\" name=\"vfb-submit\" id=\"vfb-17\" value=\"submit\" class=\"vfb-submit \" \/>\n\t\t\t\t<\/li><\/ul>\n\t\t\t<\/fieldset><input type=\"hidden\" name=\"_wp_http_referer\" value=\"\/en\/wp-json\/wp\/v2\/pages\/366\" \/><\/form><\/div> <!-- .visual-form-builder-container --><\/p><\/div><\/div><\/div><div id=\"pgc-366-3-1\"  class=\"panel-grid-cell\" ><div id=\"panel-366-3-1-0\" class=\"so-panel widget widget_black-studio-tinymce widget_black_studio_tinymce panel-first-child panel-last-child\" data-index=\"6\" ><div class=\"textwidget\"><h3><span class=\"\" style=\"display:block;clear:both;height: 0px;padding-top: 50px;border-top-width:0px;border-bottom-width:0px;\"><\/span>Organize your Celebration Online<span class=\"\" style=\"display:block;clear:both;height: 0px;padding-top: 20px;border-top-width:0px;border-bottom-width:0px;\"><\/span><\/h3>\n<p>You can reserve our special event room on request. We will contact you as soon as possible with a written confirmation.<span class=\"\" style=\"display:block;clear:both;height: 0px;padding-top: 20px;border-top-width:0px;border-bottom-width:0px;\"><\/span><\/p>\n<p>Reservations are only valid after a written confirmation.<span class=\"\" style=\"display:block;clear:both;height: 0px;padding-top: 30px;border-top-width:0px;border-bottom-width:0px;\"><\/span><\/p>\n<hr \/>\n<p><span class=\"\" style=\"display:block;clear:both;height: 0px;padding-top: 20px;border-top-width:0px;border-bottom-width:0px;\"><\/span><\/p>\n<p><img loading=\"lazy\" decoding=\"async\" class=\"alignnone size-full wp-image-556\" src=\"https:\/\/hotel-stoecklwirt.at\/wp-content\/uploads\/2016\/11\/speisesaal.jpg\" alt=\"Veranstaltungssaal\" width=\"800\" height=\"532\" srcset=\"https:\/\/www.hotel-stoecklwirt.at\/wp-content\/uploads\/2016\/11\/speisesaal.jpg 800w, https:\/\/www.hotel-stoecklwirt.at\/wp-content\/uploads\/2016\/11\/speisesaal-300x200.jpg 300w, https:\/\/www.hotel-stoecklwirt.at\/wp-content\/uploads\/2016\/11\/speisesaal-768x511.jpg 768w, https:\/\/www.hotel-stoecklwirt.at\/wp-content\/uploads\/2016\/11\/speisesaal-272x182.jpg 272w\" sizes=\"auto, (max-width: 800px) 100vw, 800px\" \/><\/p>\n<\/div><\/div><\/div><\/div><\/div>","protected":false},"excerpt":{"rendered":"<p>Our event hall Our hotel guests gather for breakfast and dinner here in this friendly-bright atmosphere.<\/p>\n","protected":false},"author":1,"featured_media":0,"parent":0,"menu_order":0,"comment_status":"closed","ping_status":"closed","template":"","meta":{"_monsterinsights_skip_tracking":false,"_monsterinsights_sitenote_active":false,"_monsterinsights_sitenote_note":"","_monsterinsights_sitenote_category":0,"_themeisle_gutenberg_block_has_review":false,"footnotes":""},"class_list":["post-366","page","type-page","status-publish","hentry"],"yoast_head":"<!-- This site is optimized with the Yoast SEO plugin v26.4 - https:\/\/yoast.com\/wordpress\/plugins\/seo\/ -->\n<title>event hall - stoecklwirt<\/title>\n<meta name=\"description\" content=\"Veranstaltungssaal; Mit Platz f\u00fcr ca. 120 G\u00e4sten ist unser Saal zudem eine ideale R\u00e4umlichkeit f\u00fcr diverse Feierlichkeiten.\" \/>\n<meta name=\"robots\" content=\"index, follow, max-snippet:-1, max-image-preview:large, max-video-preview:-1\" \/>\n<link rel=\"canonical\" href=\"https:\/\/www.hotel-stoecklwirt.at\/veranstaltungssaal-st-johann-zentral\/\" \/>\n<meta property=\"og:locale\" content=\"en_US\" \/>\n<meta property=\"og:type\" content=\"article\" \/>\n<meta property=\"og:title\" content=\"event hall - stoecklwirt\" \/>\n<meta property=\"og:description\" content=\"{:de}Veranstaltungssaal; Mit Platz f\u00fcr ca. 120 G\u00e4sten ist unser Saal zudem eine ideale R\u00e4umlichkeit f\u00fcr diverse Feierlichkeiten.{:}\" \/>\n<meta property=\"og:url\" content=\"https:\/\/www.hotel-stoecklwirt.at\/veranstaltungssaal-st-johann-zentral\/\" \/>\n<meta property=\"og:site_name\" content=\"stoecklwirt\" \/>\n<meta property=\"article:publisher\" content=\"https:\/\/www.facebook.com\/Hotel-Restaurant-St%c3%b6cklwirt-197773290291251\/?fref=ts\" \/>\n<meta property=\"article:modified_time\" content=\"2024-08-02T21:07:47+00:00\" \/>\n<meta property=\"og:image\" content=\"https:\/\/www.hotel-stoecklwirt.at\/wp-content\/plugins\/master-slider\/public\/assets\/css\/blank.gif\" \/>\n<meta name=\"twitter:card\" content=\"summary_large_image\" \/>\n<meta name=\"twitter:label1\" content=\"Est. reading time\" \/>\n\t<meta name=\"twitter:data1\" content=\"3 minutes\" \/>\n<script type=\"application\/ld+json\" class=\"yoast-schema-graph\">{\"@context\":\"https:\/\/schema.org\",\"@graph\":[{\"@type\":\"WebPage\",\"@id\":\"https:\/\/www.hotel-stoecklwirt.at\/veranstaltungssaal-st-johann-zentral\/\",\"url\":\"https:\/\/www.hotel-stoecklwirt.at\/veranstaltungssaal-st-johann-zentral\/\",\"name\":\"event hall - stoecklwirt\",\"isPartOf\":{\"@id\":\"https:\/\/www.hotel-stoecklwirt.at\/#website\"},\"primaryImageOfPage\":{\"@id\":\"https:\/\/www.hotel-stoecklwirt.at\/veranstaltungssaal-st-johann-zentral\/#primaryimage\"},\"image\":{\"@id\":\"https:\/\/www.hotel-stoecklwirt.at\/veranstaltungssaal-st-johann-zentral\/#primaryimage\"},\"thumbnailUrl\":\"https:\/\/www.hotel-stoecklwirt.at\/wp-content\/plugins\/master-slider\/public\/assets\/css\/blank.gif\",\"datePublished\":\"2016-11-22T09:32:18+00:00\",\"dateModified\":\"2024-08-02T21:07:47+00:00\",\"description\":\"{:de}Veranstaltungssaal; Mit Platz f\u00fcr ca. 120 G\u00e4sten ist unser Saal zudem eine ideale R\u00e4umlichkeit f\u00fcr diverse Feierlichkeiten.{:}\",\"breadcrumb\":{\"@id\":\"https:\/\/www.hotel-stoecklwirt.at\/veranstaltungssaal-st-johann-zentral\/#breadcrumb\"},\"inLanguage\":\"en-US\",\"potentialAction\":[{\"@type\":\"ReadAction\",\"target\":[\"https:\/\/www.hotel-stoecklwirt.at\/veranstaltungssaal-st-johann-zentral\/\"]}]},{\"@type\":\"ImageObject\",\"inLanguage\":\"en-US\",\"@id\":\"https:\/\/www.hotel-stoecklwirt.at\/veranstaltungssaal-st-johann-zentral\/#primaryimage\",\"url\":\"https:\/\/www.hotel-stoecklwirt.at\/wp-content\/plugins\/master-slider\/public\/assets\/css\/blank.gif\",\"contentUrl\":\"https:\/\/www.hotel-stoecklwirt.at\/wp-content\/plugins\/master-slider\/public\/assets\/css\/blank.gif\"},{\"@type\":\"BreadcrumbList\",\"@id\":\"https:\/\/www.hotel-stoecklwirt.at\/veranstaltungssaal-st-johann-zentral\/#breadcrumb\",\"itemListElement\":[{\"@type\":\"ListItem\",\"position\":1,\"name\":\"Startseite\",\"item\":\"https:\/\/www.hotel-stoecklwirt.at\/\"},{\"@type\":\"ListItem\",\"position\":2,\"name\":\"Saal St.Johann Zentrale Lage\"}]},{\"@type\":\"WebSite\",\"@id\":\"https:\/\/www.hotel-stoecklwirt.at\/#website\",\"url\":\"https:\/\/www.hotel-stoecklwirt.at\/\",\"name\":\"stoecklwirt\",\"description\":\"Hotel Restaurant Stoecklwirt - Spitzenk\u00fcche und ansprechende Doppelzimmer in TOP Lage\",\"publisher\":{\"@id\":\"https:\/\/www.hotel-stoecklwirt.at\/#organization\"},\"potentialAction\":[{\"@type\":\"SearchAction\",\"target\":{\"@type\":\"EntryPoint\",\"urlTemplate\":\"https:\/\/www.hotel-stoecklwirt.at\/?s={search_term_string}\"},\"query-input\":{\"@type\":\"PropertyValueSpecification\",\"valueRequired\":true,\"valueName\":\"search_term_string\"}}],\"inLanguage\":\"en-US\"},{\"@type\":\"Organization\",\"@id\":\"https:\/\/www.hotel-stoecklwirt.at\/#organization\",\"name\":\"stoecklwirt\",\"url\":\"https:\/\/www.hotel-stoecklwirt.at\/\",\"logo\":{\"@type\":\"ImageObject\",\"inLanguage\":\"en-US\",\"@id\":\"https:\/\/www.hotel-stoecklwirt.at\/#\/schema\/logo\/image\/\",\"url\":\"https:\/\/www.hotel-stoecklwirt.at\/wp-content\/uploads\/2020\/06\/cropped-stoecklwirt.png\",\"contentUrl\":\"https:\/\/www.hotel-stoecklwirt.at\/wp-content\/uploads\/2020\/06\/cropped-stoecklwirt.png\",\"width\":389,\"height\":115,\"caption\":\"stoecklwirt\"},\"image\":{\"@id\":\"https:\/\/www.hotel-stoecklwirt.at\/#\/schema\/logo\/image\/\"},\"sameAs\":[\"https:\/\/www.facebook.com\/Hotel-Restaurant-St\u00f6cklwirt-197773290291251\/?fref=ts\"]}]}<\/script>\n<!-- \/ Yoast SEO plugin. -->","yoast_head_json":{"title":"event hall - stoecklwirt","description":"Veranstaltungssaal; Mit Platz f\u00fcr ca. 120 G\u00e4sten ist unser Saal zudem eine ideale R\u00e4umlichkeit f\u00fcr diverse Feierlichkeiten.","robots":{"index":"index","follow":"follow","max-snippet":"max-snippet:-1","max-image-preview":"max-image-preview:large","max-video-preview":"max-video-preview:-1"},"canonical":"https:\/\/www.hotel-stoecklwirt.at\/veranstaltungssaal-st-johann-zentral\/","og_locale":"en_US","og_type":"article","og_title":"event hall - stoecklwirt","og_description":"{:de}Veranstaltungssaal; Mit Platz f\u00fcr ca. 120 G\u00e4sten ist unser Saal zudem eine ideale R\u00e4umlichkeit f\u00fcr diverse Feierlichkeiten.{:}","og_url":"https:\/\/www.hotel-stoecklwirt.at\/veranstaltungssaal-st-johann-zentral\/","og_site_name":"stoecklwirt","article_publisher":"https:\/\/www.facebook.com\/Hotel-Restaurant-St%c3%b6cklwirt-197773290291251\/?fref=ts","article_modified_time":"2024-08-02T21:07:47+00:00","og_image":[{"url":"https:\/\/www.hotel-stoecklwirt.at\/wp-content\/plugins\/master-slider\/public\/assets\/css\/blank.gif","type":"","width":"","height":""}],"twitter_card":"summary_large_image","twitter_misc":{"Est. reading time":"3 minutes"},"schema":{"@context":"https:\/\/schema.org","@graph":[{"@type":"WebPage","@id":"https:\/\/www.hotel-stoecklwirt.at\/veranstaltungssaal-st-johann-zentral\/","url":"https:\/\/www.hotel-stoecklwirt.at\/veranstaltungssaal-st-johann-zentral\/","name":"event hall - stoecklwirt","isPartOf":{"@id":"https:\/\/www.hotel-stoecklwirt.at\/#website"},"primaryImageOfPage":{"@id":"https:\/\/www.hotel-stoecklwirt.at\/veranstaltungssaal-st-johann-zentral\/#primaryimage"},"image":{"@id":"https:\/\/www.hotel-stoecklwirt.at\/veranstaltungssaal-st-johann-zentral\/#primaryimage"},"thumbnailUrl":"https:\/\/www.hotel-stoecklwirt.at\/wp-content\/plugins\/master-slider\/public\/assets\/css\/blank.gif","datePublished":"2016-11-22T09:32:18+00:00","dateModified":"2024-08-02T21:07:47+00:00","description":"{:de}Veranstaltungssaal; Mit Platz f\u00fcr ca. 120 G\u00e4sten ist unser Saal zudem eine ideale R\u00e4umlichkeit f\u00fcr diverse Feierlichkeiten.{:}","breadcrumb":{"@id":"https:\/\/www.hotel-stoecklwirt.at\/veranstaltungssaal-st-johann-zentral\/#breadcrumb"},"inLanguage":"en-US","potentialAction":[{"@type":"ReadAction","target":["https:\/\/www.hotel-stoecklwirt.at\/veranstaltungssaal-st-johann-zentral\/"]}]},{"@type":"ImageObject","inLanguage":"en-US","@id":"https:\/\/www.hotel-stoecklwirt.at\/veranstaltungssaal-st-johann-zentral\/#primaryimage","url":"https:\/\/www.hotel-stoecklwirt.at\/wp-content\/plugins\/master-slider\/public\/assets\/css\/blank.gif","contentUrl":"https:\/\/www.hotel-stoecklwirt.at\/wp-content\/plugins\/master-slider\/public\/assets\/css\/blank.gif"},{"@type":"BreadcrumbList","@id":"https:\/\/www.hotel-stoecklwirt.at\/veranstaltungssaal-st-johann-zentral\/#breadcrumb","itemListElement":[{"@type":"ListItem","position":1,"name":"Startseite","item":"https:\/\/www.hotel-stoecklwirt.at\/"},{"@type":"ListItem","position":2,"name":"Saal St.Johann Zentrale Lage"}]},{"@type":"WebSite","@id":"https:\/\/www.hotel-stoecklwirt.at\/#website","url":"https:\/\/www.hotel-stoecklwirt.at\/","name":"stoecklwirt","description":"Hotel Restaurant Stoecklwirt - Spitzenk\u00fcche und ansprechende Doppelzimmer in TOP Lage","publisher":{"@id":"https:\/\/www.hotel-stoecklwirt.at\/#organization"},"potentialAction":[{"@type":"SearchAction","target":{"@type":"EntryPoint","urlTemplate":"https:\/\/www.hotel-stoecklwirt.at\/?s={search_term_string}"},"query-input":{"@type":"PropertyValueSpecification","valueRequired":true,"valueName":"search_term_string"}}],"inLanguage":"en-US"},{"@type":"Organization","@id":"https:\/\/www.hotel-stoecklwirt.at\/#organization","name":"stoecklwirt","url":"https:\/\/www.hotel-stoecklwirt.at\/","logo":{"@type":"ImageObject","inLanguage":"en-US","@id":"https:\/\/www.hotel-stoecklwirt.at\/#\/schema\/logo\/image\/","url":"https:\/\/www.hotel-stoecklwirt.at\/wp-content\/uploads\/2020\/06\/cropped-stoecklwirt.png","contentUrl":"https:\/\/www.hotel-stoecklwirt.at\/wp-content\/uploads\/2020\/06\/cropped-stoecklwirt.png","width":389,"height":115,"caption":"stoecklwirt"},"image":{"@id":"https:\/\/www.hotel-stoecklwirt.at\/#\/schema\/logo\/image\/"},"sameAs":["https:\/\/www.facebook.com\/Hotel-Restaurant-St\u00f6cklwirt-197773290291251\/?fref=ts"]}]}},"_links":{"self":[{"href":"https:\/\/www.hotel-stoecklwirt.at\/en\/wp-json\/wp\/v2\/pages\/366","targetHints":{"allow":["GET"]}}],"collection":[{"href":"https:\/\/www.hotel-stoecklwirt.at\/en\/wp-json\/wp\/v2\/pages"}],"about":[{"href":"https:\/\/www.hotel-stoecklwirt.at\/en\/wp-json\/wp\/v2\/types\/page"}],"author":[{"embeddable":true,"href":"https:\/\/www.hotel-stoecklwirt.at\/en\/wp-json\/wp\/v2\/users\/1"}],"replies":[{"embeddable":true,"href":"https:\/\/www.hotel-stoecklwirt.at\/en\/wp-json\/wp\/v2\/comments?post=366"}],"version-history":[{"count":54,"href":"https:\/\/www.hotel-stoecklwirt.at\/en\/wp-json\/wp\/v2\/pages\/366\/revisions"}],"predecessor-version":[{"id":4284,"href":"https:\/\/www.hotel-stoecklwirt.at\/en\/wp-json\/wp\/v2\/pages\/366\/revisions\/4284"}],"wp:attachment":[{"href":"https:\/\/www.hotel-stoecklwirt.at\/en\/wp-json\/wp\/v2\/media?parent=366"}],"curies":[{"name":"wp","href":"https:\/\/api.w.org\/{rel}","templated":true}]}}