{"id":3690,"date":"2021-02-17T13:57:07","date_gmt":"2021-02-17T12:57:07","guid":{"rendered":"https:\/\/www.hotel-stoecklwirt.at\/?page_id=3690"},"modified":"2021-10-30T09:02:31","modified_gmt":"2021-10-30T07:02:31","slug":"gewuerze","status":"publish","type":"page","link":"https:\/\/www.hotel-stoecklwirt.at\/en\/gewuerze\/","title":{"rendered":"Gew\u00fcrze"},"content":{"rendered":"<div id=\"pl-3690\"  class=\"panel-layout\" ><div id=\"pg-3690-0\"  class=\"panel-grid panel-no-style\" ><div id=\"pgc-3690-0-0\"  class=\"panel-grid-cell\" ><div id=\"panel-3690-0-0-0\" class=\"so-panel widget widget_black-studio-tinymce widget_black_studio_tinymce panel-first-child panel-last-child\" data-index=\"0\" ><div class=\"textwidget\"><p><img loading=\"lazy\" decoding=\"async\" class=\"alignnone wp-image-3760 size-full\" src=\"https:\/\/www.hotel-stoecklwirt.at\/wp-content\/uploads\/2021\/05\/stay-spiced-turm-scaled.jpg\" alt=\"\" width=\"1920\" height=\"2560\" srcset=\"https:\/\/www.hotel-stoecklwirt.at\/wp-content\/uploads\/2021\/05\/stay-spiced-turm-scaled.jpg 1920w, https:\/\/www.hotel-stoecklwirt.at\/wp-content\/uploads\/2021\/05\/stay-spiced-turm-225x300.jpg 225w, https:\/\/www.hotel-stoecklwirt.at\/wp-content\/uploads\/2021\/05\/stay-spiced-turm-768x1024.jpg 768w, https:\/\/www.hotel-stoecklwirt.at\/wp-content\/uploads\/2021\/05\/stay-spiced-turm-1152x1536.jpg 1152w, https:\/\/www.hotel-stoecklwirt.at\/wp-content\/uploads\/2021\/05\/stay-spiced-turm-1536x2048.jpg 1536w\" sizes=\"auto, (max-width: 1920px) 100vw, 1920px\" \/><\/p>\n<\/div><\/div><\/div><div id=\"pgc-3690-0-1\"  class=\"panel-grid-cell\" ><div id=\"panel-3690-0-1-0\" class=\"so-panel widget widget_black-studio-tinymce widget_black_studio_tinymce panel-first-child panel-last-child\" data-index=\"1\" ><div class=\"textwidget\"><h3>STAY SPICED!<\/h3>\n<h6>100 % Qualit\u00e4t &amp; Geschmack<br \/>\nUnser Sortiment:<\/h6>\n<ul>\n<li>\u00dcber 60 Gew\u00fcrze zur Auswahl<\/li>\n<li>Holzboxen mit 6, 15 und 25 Gew\u00fcrzen - LIMITED<\/li>\n<li>3er, 4er, 6er Karton zum Selbstbest\u00fccken mit Banderole<\/li>\n<li>Grillbox mit 6 Gew\u00fcrzen - LIMITED EDITION<\/li>\n<li>Tischaufsteller<\/li>\n<li>Personalisieren mit <strong>Gravur<\/strong><\/li>\n<\/ul>\n<\/div><\/div><\/div><\/div><\/div>","protected":false},"excerpt":{"rendered":"<p>STAY SPICED! 100 % Qualit\u00e4t &amp; Geschmack Unser Sortiment: \u00dcber 60 Gew\u00fcrze zur Auswahl Holzboxen mit 6, 15 und 25 Gew\u00fcrzen &#8211; LIMITED 3er, 4er, 6er Karton zum Selbstbest\u00fccken mit &#8230;<\/p>\n","protected":false},"author":1,"featured_media":3760,"parent":0,"menu_order":0,"comment_status":"closed","ping_status":"closed","template":"","meta":{"_monsterinsights_skip_tracking":false,"_monsterinsights_sitenote_active":false,"_monsterinsights_sitenote_note":"","_monsterinsights_sitenote_category":0,"_themeisle_gutenberg_block_has_review":false,"footnotes":""},"class_list":["post-3690","page","type-page","status-publish","has-post-thumbnail","hentry"],"yoast_head":"<!-- This site is optimized with the Yoast SEO plugin v26.4 - https:\/\/yoast.com\/wordpress\/plugins\/seo\/ -->\n<title>Gew\u00fcrze - stoecklwirt<\/title>\n<meta name=\"robots\" content=\"index, follow, max-snippet:-1, max-image-preview:large, max-video-preview:-1\" \/>\n<link rel=\"canonical\" href=\"https:\/\/www.hotel-stoecklwirt.at\/en\/gewuerze\/\" \/>\n<meta property=\"og:locale\" content=\"en_US\" \/>\n<meta property=\"og:type\" content=\"article\" \/>\n<meta property=\"og:title\" content=\"Gew\u00fcrze - stoecklwirt\" \/>\n<meta property=\"og:description\" content=\"STAY SPICED! 100 % Qualit\u00e4t &amp; Geschmack Unser Sortiment: \u00dcber 60 Gew\u00fcrze zur Auswahl Holzboxen mit 6, 15 und 25 Gew\u00fcrzen - LIMITED 3er, 4er, 6er Karton zum Selbstbest\u00fccken mit ...\" \/>\n<meta property=\"og:url\" content=\"https:\/\/www.hotel-stoecklwirt.at\/en\/gewuerze\/\" \/>\n<meta property=\"og:site_name\" content=\"stoecklwirt\" \/>\n<meta property=\"article:publisher\" content=\"https:\/\/www.facebook.com\/Hotel-Restaurant-St%c3%b6cklwirt-197773290291251\/?fref=ts\" \/>\n<meta property=\"article:modified_time\" content=\"2021-10-30T07:02:31+00:00\" \/>\n<meta property=\"og:image\" content=\"https:\/\/www.hotel-stoecklwirt.at\/wp-content\/uploads\/2021\/05\/stay-spiced-turm-scaled.jpg\" \/>\n\t<meta property=\"og:image:width\" content=\"1920\" \/>\n\t<meta property=\"og:image:height\" content=\"2560\" \/>\n\t<meta property=\"og:image:type\" content=\"image\/jpeg\" \/>\n<meta name=\"twitter:card\" content=\"summary_large_image\" \/>\n<meta name=\"twitter:label1\" content=\"Est. reading time\" \/>\n\t<meta name=\"twitter:data1\" content=\"1 minute\" \/>\n<script type=\"application\/ld+json\" class=\"yoast-schema-graph\">{\"@context\":\"https:\/\/schema.org\",\"@graph\":[{\"@type\":\"WebPage\",\"@id\":\"https:\/\/www.hotel-stoecklwirt.at\/en\/gewuerze\/\",\"url\":\"https:\/\/www.hotel-stoecklwirt.at\/en\/gewuerze\/\",\"name\":\"Gew\u00fcrze - stoecklwirt\",\"isPartOf\":{\"@id\":\"https:\/\/www.hotel-stoecklwirt.at\/#website\"},\"primaryImageOfPage\":{\"@id\":\"https:\/\/www.hotel-stoecklwirt.at\/en\/gewuerze\/#primaryimage\"},\"image\":{\"@id\":\"https:\/\/www.hotel-stoecklwirt.at\/en\/gewuerze\/#primaryimage\"},\"thumbnailUrl\":\"https:\/\/www.hotel-stoecklwirt.at\/wp-content\/uploads\/2021\/05\/stay-spiced-turm-scaled.jpg\",\"datePublished\":\"2021-02-17T12:57:07+00:00\",\"dateModified\":\"2021-10-30T07:02:31+00:00\",\"breadcrumb\":{\"@id\":\"https:\/\/www.hotel-stoecklwirt.at\/en\/gewuerze\/#breadcrumb\"},\"inLanguage\":\"en-US\",\"potentialAction\":[{\"@type\":\"ReadAction\",\"target\":[\"https:\/\/www.hotel-stoecklwirt.at\/en\/gewuerze\/\"]}]},{\"@type\":\"ImageObject\",\"inLanguage\":\"en-US\",\"@id\":\"https:\/\/www.hotel-stoecklwirt.at\/en\/gewuerze\/#primaryimage\",\"url\":\"https:\/\/www.hotel-stoecklwirt.at\/wp-content\/uploads\/2021\/05\/stay-spiced-turm-scaled.jpg\",\"contentUrl\":\"https:\/\/www.hotel-stoecklwirt.at\/wp-content\/uploads\/2021\/05\/stay-spiced-turm-scaled.jpg\",\"width\":1920,\"height\":2560},{\"@type\":\"BreadcrumbList\",\"@id\":\"https:\/\/www.hotel-stoecklwirt.at\/en\/gewuerze\/#breadcrumb\",\"itemListElement\":[{\"@type\":\"ListItem\",\"position\":1,\"name\":\"Startseite\",\"item\":\"https:\/\/www.hotel-stoecklwirt.at\/\"},{\"@type\":\"ListItem\",\"position\":2,\"name\":\"Gew\u00fcrze\"}]},{\"@type\":\"WebSite\",\"@id\":\"https:\/\/www.hotel-stoecklwirt.at\/#website\",\"url\":\"https:\/\/www.hotel-stoecklwirt.at\/\",\"name\":\"stoecklwirt\",\"description\":\"Hotel Restaurant Stoecklwirt - Spitzenk\u00fcche und ansprechende Doppelzimmer in TOP Lage\",\"publisher\":{\"@id\":\"https:\/\/www.hotel-stoecklwirt.at\/#organization\"},\"potentialAction\":[{\"@type\":\"SearchAction\",\"target\":{\"@type\":\"EntryPoint\",\"urlTemplate\":\"https:\/\/www.hotel-stoecklwirt.at\/?s={search_term_string}\"},\"query-input\":{\"@type\":\"PropertyValueSpecification\",\"valueRequired\":true,\"valueName\":\"search_term_string\"}}],\"inLanguage\":\"en-US\"},{\"@type\":\"Organization\",\"@id\":\"https:\/\/www.hotel-stoecklwirt.at\/#organization\",\"name\":\"stoecklwirt\",\"url\":\"https:\/\/www.hotel-stoecklwirt.at\/\",\"logo\":{\"@type\":\"ImageObject\",\"inLanguage\":\"en-US\",\"@id\":\"https:\/\/www.hotel-stoecklwirt.at\/#\/schema\/logo\/image\/\",\"url\":\"https:\/\/www.hotel-stoecklwirt.at\/wp-content\/uploads\/2020\/06\/cropped-stoecklwirt.png\",\"contentUrl\":\"https:\/\/www.hotel-stoecklwirt.at\/wp-content\/uploads\/2020\/06\/cropped-stoecklwirt.png\",\"width\":389,\"height\":115,\"caption\":\"stoecklwirt\"},\"image\":{\"@id\":\"https:\/\/www.hotel-stoecklwirt.at\/#\/schema\/logo\/image\/\"},\"sameAs\":[\"https:\/\/www.facebook.com\/Hotel-Restaurant-St\u00f6cklwirt-197773290291251\/?fref=ts\"]}]}<\/script>\n<!-- \/ Yoast SEO plugin. -->","yoast_head_json":{"title":"Gew\u00fcrze - stoecklwirt","robots":{"index":"index","follow":"follow","max-snippet":"max-snippet:-1","max-image-preview":"max-image-preview:large","max-video-preview":"max-video-preview:-1"},"canonical":"https:\/\/www.hotel-stoecklwirt.at\/en\/gewuerze\/","og_locale":"en_US","og_type":"article","og_title":"Gew\u00fcrze - stoecklwirt","og_description":"STAY SPICED! 100 % Qualit\u00e4t &amp; Geschmack Unser Sortiment: \u00dcber 60 Gew\u00fcrze zur Auswahl Holzboxen mit 6, 15 und 25 Gew\u00fcrzen - LIMITED 3er, 4er, 6er Karton zum Selbstbest\u00fccken mit ...","og_url":"https:\/\/www.hotel-stoecklwirt.at\/en\/gewuerze\/","og_site_name":"stoecklwirt","article_publisher":"https:\/\/www.facebook.com\/Hotel-Restaurant-St%c3%b6cklwirt-197773290291251\/?fref=ts","article_modified_time":"2021-10-30T07:02:31+00:00","og_image":[{"width":1920,"height":2560,"url":"https:\/\/www.hotel-stoecklwirt.at\/wp-content\/uploads\/2021\/05\/stay-spiced-turm-scaled.jpg","type":"image\/jpeg"}],"twitter_card":"summary_large_image","twitter_misc":{"Est. reading time":"1 minute"},"schema":{"@context":"https:\/\/schema.org","@graph":[{"@type":"WebPage","@id":"https:\/\/www.hotel-stoecklwirt.at\/en\/gewuerze\/","url":"https:\/\/www.hotel-stoecklwirt.at\/en\/gewuerze\/","name":"Gew\u00fcrze - stoecklwirt","isPartOf":{"@id":"https:\/\/www.hotel-stoecklwirt.at\/#website"},"primaryImageOfPage":{"@id":"https:\/\/www.hotel-stoecklwirt.at\/en\/gewuerze\/#primaryimage"},"image":{"@id":"https:\/\/www.hotel-stoecklwirt.at\/en\/gewuerze\/#primaryimage"},"thumbnailUrl":"https:\/\/www.hotel-stoecklwirt.at\/wp-content\/uploads\/2021\/05\/stay-spiced-turm-scaled.jpg","datePublished":"2021-02-17T12:57:07+00:00","dateModified":"2021-10-30T07:02:31+00:00","breadcrumb":{"@id":"https:\/\/www.hotel-stoecklwirt.at\/en\/gewuerze\/#breadcrumb"},"inLanguage":"en-US","potentialAction":[{"@type":"ReadAction","target":["https:\/\/www.hotel-stoecklwirt.at\/en\/gewuerze\/"]}]},{"@type":"ImageObject","inLanguage":"en-US","@id":"https:\/\/www.hotel-stoecklwirt.at\/en\/gewuerze\/#primaryimage","url":"https:\/\/www.hotel-stoecklwirt.at\/wp-content\/uploads\/2021\/05\/stay-spiced-turm-scaled.jpg","contentUrl":"https:\/\/www.hotel-stoecklwirt.at\/wp-content\/uploads\/2021\/05\/stay-spiced-turm-scaled.jpg","width":1920,"height":2560},{"@type":"BreadcrumbList","@id":"https:\/\/www.hotel-stoecklwirt.at\/en\/gewuerze\/#breadcrumb","itemListElement":[{"@type":"ListItem","position":1,"name":"Startseite","item":"https:\/\/www.hotel-stoecklwirt.at\/"},{"@type":"ListItem","position":2,"name":"Gew\u00fcrze"}]},{"@type":"WebSite","@id":"https:\/\/www.hotel-stoecklwirt.at\/#website","url":"https:\/\/www.hotel-stoecklwirt.at\/","name":"stoecklwirt","description":"Hotel Restaurant Stoecklwirt - Spitzenk\u00fcche und ansprechende Doppelzimmer in TOP Lage","publisher":{"@id":"https:\/\/www.hotel-stoecklwirt.at\/#organization"},"potentialAction":[{"@type":"SearchAction","target":{"@type":"EntryPoint","urlTemplate":"https:\/\/www.hotel-stoecklwirt.at\/?s={search_term_string}"},"query-input":{"@type":"PropertyValueSpecification","valueRequired":true,"valueName":"search_term_string"}}],"inLanguage":"en-US"},{"@type":"Organization","@id":"https:\/\/www.hotel-stoecklwirt.at\/#organization","name":"stoecklwirt","url":"https:\/\/www.hotel-stoecklwirt.at\/","logo":{"@type":"ImageObject","inLanguage":"en-US","@id":"https:\/\/www.hotel-stoecklwirt.at\/#\/schema\/logo\/image\/","url":"https:\/\/www.hotel-stoecklwirt.at\/wp-content\/uploads\/2020\/06\/cropped-stoecklwirt.png","contentUrl":"https:\/\/www.hotel-stoecklwirt.at\/wp-content\/uploads\/2020\/06\/cropped-stoecklwirt.png","width":389,"height":115,"caption":"stoecklwirt"},"image":{"@id":"https:\/\/www.hotel-stoecklwirt.at\/#\/schema\/logo\/image\/"},"sameAs":["https:\/\/www.facebook.com\/Hotel-Restaurant-St\u00f6cklwirt-197773290291251\/?fref=ts"]}]}},"_links":{"self":[{"href":"https:\/\/www.hotel-stoecklwirt.at\/en\/wp-json\/wp\/v2\/pages\/3690","targetHints":{"allow":["GET"]}}],"collection":[{"href":"https:\/\/www.hotel-stoecklwirt.at\/en\/wp-json\/wp\/v2\/pages"}],"about":[{"href":"https:\/\/www.hotel-stoecklwirt.at\/en\/wp-json\/wp\/v2\/types\/page"}],"author":[{"embeddable":true,"href":"https:\/\/www.hotel-stoecklwirt.at\/en\/wp-json\/wp\/v2\/users\/1"}],"replies":[{"embeddable":true,"href":"https:\/\/www.hotel-stoecklwirt.at\/en\/wp-json\/wp\/v2\/comments?post=3690"}],"version-history":[{"count":9,"href":"https:\/\/www.hotel-stoecklwirt.at\/en\/wp-json\/wp\/v2\/pages\/3690\/revisions"}],"predecessor-version":[{"id":3900,"href":"https:\/\/www.hotel-stoecklwirt.at\/en\/wp-json\/wp\/v2\/pages\/3690\/revisions\/3900"}],"wp:featuredmedia":[{"embeddable":true,"href":"https:\/\/www.hotel-stoecklwirt.at\/en\/wp-json\/wp\/v2\/media\/3760"}],"wp:attachment":[{"href":"https:\/\/www.hotel-stoecklwirt.at\/en\/wp-json\/wp\/v2\/media?parent=3690"}],"curies":[{"name":"wp","href":"https:\/\/api.w.org\/{rel}","templated":true}]}}