{"id":3696,"date":"2021-02-17T14:01:51","date_gmt":"2021-02-17T13:01:51","guid":{"rendered":"https:\/\/www.hotel-stoecklwirt.at\/?page_id=3696"},"modified":"2021-05-15T14:34:52","modified_gmt":"2021-05-15T12:34:52","slug":"accessoires","status":"publish","type":"page","link":"https:\/\/www.hotel-stoecklwirt.at\/en\/accessoires\/","title":{"rendered":"Highlights und NEWS"},"content":{"rendered":"<div id=\"pl-3696\"  class=\"panel-layout\" ><div id=\"pg-3696-0\"  class=\"panel-grid panel-no-style\" ><div id=\"pgc-3696-0-0\"  class=\"panel-grid-cell\" ><div id=\"panel-3696-0-0-0\" class=\"so-panel widget widget_black-studio-tinymce widget_black_studio_tinymce panel-first-child panel-last-child\" data-index=\"0\" ><div class=\"textwidget\"><p><img loading=\"lazy\" decoding=\"async\" class=\"alignnone wp-image-3785 size-full\" src=\"https:\/\/www.hotel-stoecklwirt.at\/wp-content\/uploads\/2021\/05\/chandon-garden-spritz.jpg\" alt=\"\" width=\"480\" height=\"640\" srcset=\"https:\/\/www.hotel-stoecklwirt.at\/wp-content\/uploads\/2021\/05\/chandon-garden-spritz.jpg 480w, https:\/\/www.hotel-stoecklwirt.at\/wp-content\/uploads\/2021\/05\/chandon-garden-spritz-225x300.jpg 225w\" sizes=\"auto, (max-width: 480px) 100vw, 480px\" \/><\/p>\n<\/div><\/div><\/div><div id=\"pgc-3696-0-1\"  class=\"panel-grid-cell\" ><div id=\"panel-3696-0-1-0\" class=\"so-panel widget widget_black-studio-tinymce widget_black_studio_tinymce panel-first-child panel-last-child\" data-index=\"1\" ><div class=\"textwidget\"><h3>Chandon Garden Spritz<\/h3>\n<p>Ein Hauch Sommer, am besten eisgek\u00fchlt<br \/>\nmit einer getrockneten Orangenscheibe und Rosmarin<br \/>\ngenie\u00dfen.<\/p>\n<p>Perfekte Balance aus S\u00fc\u00dfe, S\u00e4ure und Bitternoten.<br \/>\nSpritzig und reichhaltig mit starken Aromen von Orange!<\/p>\n<p>19<\/p>\n<\/div><\/div><\/div><div id=\"pgc-3696-0-2\"  class=\"panel-grid-cell\" ><div id=\"panel-3696-0-2-0\" class=\"so-panel widget widget_black-studio-tinymce widget_black_studio_tinymce panel-first-child panel-last-child\" data-index=\"2\" ><div class=\"textwidget\"><p><img loading=\"lazy\" decoding=\"async\" class=\"alignnone wp-image-3787 size-full\" src=\"https:\/\/www.hotel-stoecklwirt.at\/wp-content\/uploads\/2021\/05\/italienische-jause.jpg\" alt=\"\" width=\"480\" height=\"640\" srcset=\"https:\/\/www.hotel-stoecklwirt.at\/wp-content\/uploads\/2021\/05\/italienische-jause.jpg 480w, https:\/\/www.hotel-stoecklwirt.at\/wp-content\/uploads\/2021\/05\/italienische-jause-225x300.jpg 225w\" sizes=\"auto, (max-width: 480px) 100vw, 480px\" \/><\/p>\n<\/div><\/div><\/div><div id=\"pgc-3696-0-3\"  class=\"panel-grid-cell\" ><div id=\"panel-3696-0-3-0\" class=\"so-panel widget widget_black-studio-tinymce widget_black_studio_tinymce panel-first-child panel-last-child\" data-index=\"3\" ><div class=\"textwidget\"><h3>Italienische Jause<\/h3>\n<p>&nbsp;<\/p>\n<\/div><\/div><\/div><\/div><\/div>","protected":false},"excerpt":{"rendered":"<p>Chandon Garden Spritz Ein Hauch Sommer, am besten eisgek\u00fchlt mit einer getrockneten Orangenscheibe und Rosmarin genie\u00dfen. Perfekte Balance aus S\u00fc\u00dfe, S\u00e4ure und Bitternoten. Spritzig und reichhaltig mit starken Aromen von &#8230;<\/p>\n","protected":false},"author":1,"featured_media":0,"parent":0,"menu_order":0,"comment_status":"closed","ping_status":"closed","template":"","meta":{"_monsterinsights_skip_tracking":false,"_monsterinsights_sitenote_active":false,"_monsterinsights_sitenote_note":"","_monsterinsights_sitenote_category":0,"_themeisle_gutenberg_block_has_review":false,"footnotes":""},"class_list":["post-3696","page","type-page","status-publish","hentry"],"yoast_head":"<!-- This site is optimized with the Yoast SEO plugin v26.4 - https:\/\/yoast.com\/wordpress\/plugins\/seo\/ -->\n<title>Highlights und NEWS - stoecklwirt<\/title>\n<meta name=\"robots\" content=\"index, follow, max-snippet:-1, max-image-preview:large, max-video-preview:-1\" \/>\n<link rel=\"canonical\" href=\"https:\/\/www.hotel-stoecklwirt.at\/accessoires\/\" \/>\n<meta property=\"og:locale\" content=\"en_US\" \/>\n<meta property=\"og:type\" content=\"article\" \/>\n<meta property=\"og:title\" content=\"Highlights und NEWS - stoecklwirt\" \/>\n<meta property=\"og:description\" content=\"Chandon Garden Spritz Ein Hauch Sommer, am besten eisgek\u00fchlt mit einer getrockneten Orangenscheibe und Rosmarin genie\u00dfen. Perfekte Balance aus S\u00fc\u00dfe, S\u00e4ure und Bitternoten. Spritzig und reichhaltig mit starken Aromen von ...\" \/>\n<meta property=\"og:url\" content=\"https:\/\/www.hotel-stoecklwirt.at\/accessoires\/\" \/>\n<meta property=\"og:site_name\" content=\"stoecklwirt\" \/>\n<meta property=\"article:publisher\" content=\"https:\/\/www.facebook.com\/Hotel-Restaurant-St%c3%b6cklwirt-197773290291251\/?fref=ts\" \/>\n<meta property=\"article:modified_time\" content=\"2021-05-15T12:34:52+00:00\" \/>\n<meta property=\"og:image\" content=\"https:\/\/www.hotel-stoecklwirt.at\/wp-content\/uploads\/2021\/05\/chandon-garden-spritz.jpg\" \/>\n<meta name=\"twitter:card\" content=\"summary_large_image\" \/>\n<meta name=\"twitter:label1\" content=\"Est. reading time\" \/>\n\t<meta name=\"twitter:data1\" content=\"1 minute\" \/>\n<script type=\"application\/ld+json\" class=\"yoast-schema-graph\">{\"@context\":\"https:\/\/schema.org\",\"@graph\":[{\"@type\":\"WebPage\",\"@id\":\"https:\/\/www.hotel-stoecklwirt.at\/accessoires\/\",\"url\":\"https:\/\/www.hotel-stoecklwirt.at\/accessoires\/\",\"name\":\"Highlights und NEWS - stoecklwirt\",\"isPartOf\":{\"@id\":\"https:\/\/www.hotel-stoecklwirt.at\/#website\"},\"primaryImageOfPage\":{\"@id\":\"https:\/\/www.hotel-stoecklwirt.at\/accessoires\/#primaryimage\"},\"image\":{\"@id\":\"https:\/\/www.hotel-stoecklwirt.at\/accessoires\/#primaryimage\"},\"thumbnailUrl\":\"https:\/\/www.hotel-stoecklwirt.at\/wp-content\/uploads\/2021\/05\/chandon-garden-spritz.jpg\",\"datePublished\":\"2021-02-17T13:01:51+00:00\",\"dateModified\":\"2021-05-15T12:34:52+00:00\",\"breadcrumb\":{\"@id\":\"https:\/\/www.hotel-stoecklwirt.at\/accessoires\/#breadcrumb\"},\"inLanguage\":\"en-US\",\"potentialAction\":[{\"@type\":\"ReadAction\",\"target\":[\"https:\/\/www.hotel-stoecklwirt.at\/accessoires\/\"]}]},{\"@type\":\"ImageObject\",\"inLanguage\":\"en-US\",\"@id\":\"https:\/\/www.hotel-stoecklwirt.at\/accessoires\/#primaryimage\",\"url\":\"https:\/\/www.hotel-stoecklwirt.at\/wp-content\/uploads\/2021\/05\/chandon-garden-spritz.jpg\",\"contentUrl\":\"https:\/\/www.hotel-stoecklwirt.at\/wp-content\/uploads\/2021\/05\/chandon-garden-spritz.jpg\"},{\"@type\":\"BreadcrumbList\",\"@id\":\"https:\/\/www.hotel-stoecklwirt.at\/accessoires\/#breadcrumb\",\"itemListElement\":[{\"@type\":\"ListItem\",\"position\":1,\"name\":\"Startseite\",\"item\":\"https:\/\/www.hotel-stoecklwirt.at\/\"},{\"@type\":\"ListItem\",\"position\":2,\"name\":\"Highlights und NEWS\"}]},{\"@type\":\"WebSite\",\"@id\":\"https:\/\/www.hotel-stoecklwirt.at\/#website\",\"url\":\"https:\/\/www.hotel-stoecklwirt.at\/\",\"name\":\"stoecklwirt\",\"description\":\"Hotel Restaurant Stoecklwirt - Spitzenk\u00fcche und ansprechende Doppelzimmer in TOP Lage\",\"publisher\":{\"@id\":\"https:\/\/www.hotel-stoecklwirt.at\/#organization\"},\"potentialAction\":[{\"@type\":\"SearchAction\",\"target\":{\"@type\":\"EntryPoint\",\"urlTemplate\":\"https:\/\/www.hotel-stoecklwirt.at\/?s={search_term_string}\"},\"query-input\":{\"@type\":\"PropertyValueSpecification\",\"valueRequired\":true,\"valueName\":\"search_term_string\"}}],\"inLanguage\":\"en-US\"},{\"@type\":\"Organization\",\"@id\":\"https:\/\/www.hotel-stoecklwirt.at\/#organization\",\"name\":\"stoecklwirt\",\"url\":\"https:\/\/www.hotel-stoecklwirt.at\/\",\"logo\":{\"@type\":\"ImageObject\",\"inLanguage\":\"en-US\",\"@id\":\"https:\/\/www.hotel-stoecklwirt.at\/#\/schema\/logo\/image\/\",\"url\":\"https:\/\/www.hotel-stoecklwirt.at\/wp-content\/uploads\/2020\/06\/cropped-stoecklwirt.png\",\"contentUrl\":\"https:\/\/www.hotel-stoecklwirt.at\/wp-content\/uploads\/2020\/06\/cropped-stoecklwirt.png\",\"width\":389,\"height\":115,\"caption\":\"stoecklwirt\"},\"image\":{\"@id\":\"https:\/\/www.hotel-stoecklwirt.at\/#\/schema\/logo\/image\/\"},\"sameAs\":[\"https:\/\/www.facebook.com\/Hotel-Restaurant-St\u00f6cklwirt-197773290291251\/?fref=ts\"]}]}<\/script>\n<!-- \/ Yoast SEO plugin. -->","yoast_head_json":{"title":"Highlights und NEWS - stoecklwirt","robots":{"index":"index","follow":"follow","max-snippet":"max-snippet:-1","max-image-preview":"max-image-preview:large","max-video-preview":"max-video-preview:-1"},"canonical":"https:\/\/www.hotel-stoecklwirt.at\/accessoires\/","og_locale":"en_US","og_type":"article","og_title":"Highlights und NEWS - stoecklwirt","og_description":"Chandon Garden Spritz Ein Hauch Sommer, am besten eisgek\u00fchlt mit einer getrockneten Orangenscheibe und Rosmarin genie\u00dfen. Perfekte Balance aus S\u00fc\u00dfe, S\u00e4ure und Bitternoten. Spritzig und reichhaltig mit starken Aromen von ...","og_url":"https:\/\/www.hotel-stoecklwirt.at\/accessoires\/","og_site_name":"stoecklwirt","article_publisher":"https:\/\/www.facebook.com\/Hotel-Restaurant-St%c3%b6cklwirt-197773290291251\/?fref=ts","article_modified_time":"2021-05-15T12:34:52+00:00","og_image":[{"url":"https:\/\/www.hotel-stoecklwirt.at\/wp-content\/uploads\/2021\/05\/chandon-garden-spritz.jpg","type":"","width":"","height":""}],"twitter_card":"summary_large_image","twitter_misc":{"Est. reading time":"1 minute"},"schema":{"@context":"https:\/\/schema.org","@graph":[{"@type":"WebPage","@id":"https:\/\/www.hotel-stoecklwirt.at\/accessoires\/","url":"https:\/\/www.hotel-stoecklwirt.at\/accessoires\/","name":"Highlights und NEWS - stoecklwirt","isPartOf":{"@id":"https:\/\/www.hotel-stoecklwirt.at\/#website"},"primaryImageOfPage":{"@id":"https:\/\/www.hotel-stoecklwirt.at\/accessoires\/#primaryimage"},"image":{"@id":"https:\/\/www.hotel-stoecklwirt.at\/accessoires\/#primaryimage"},"thumbnailUrl":"https:\/\/www.hotel-stoecklwirt.at\/wp-content\/uploads\/2021\/05\/chandon-garden-spritz.jpg","datePublished":"2021-02-17T13:01:51+00:00","dateModified":"2021-05-15T12:34:52+00:00","breadcrumb":{"@id":"https:\/\/www.hotel-stoecklwirt.at\/accessoires\/#breadcrumb"},"inLanguage":"en-US","potentialAction":[{"@type":"ReadAction","target":["https:\/\/www.hotel-stoecklwirt.at\/accessoires\/"]}]},{"@type":"ImageObject","inLanguage":"en-US","@id":"https:\/\/www.hotel-stoecklwirt.at\/accessoires\/#primaryimage","url":"https:\/\/www.hotel-stoecklwirt.at\/wp-content\/uploads\/2021\/05\/chandon-garden-spritz.jpg","contentUrl":"https:\/\/www.hotel-stoecklwirt.at\/wp-content\/uploads\/2021\/05\/chandon-garden-spritz.jpg"},{"@type":"BreadcrumbList","@id":"https:\/\/www.hotel-stoecklwirt.at\/accessoires\/#breadcrumb","itemListElement":[{"@type":"ListItem","position":1,"name":"Startseite","item":"https:\/\/www.hotel-stoecklwirt.at\/"},{"@type":"ListItem","position":2,"name":"Highlights und NEWS"}]},{"@type":"WebSite","@id":"https:\/\/www.hotel-stoecklwirt.at\/#website","url":"https:\/\/www.hotel-stoecklwirt.at\/","name":"stoecklwirt","description":"Hotel Restaurant Stoecklwirt - Spitzenk\u00fcche und ansprechende Doppelzimmer in TOP Lage","publisher":{"@id":"https:\/\/www.hotel-stoecklwirt.at\/#organization"},"potentialAction":[{"@type":"SearchAction","target":{"@type":"EntryPoint","urlTemplate":"https:\/\/www.hotel-stoecklwirt.at\/?s={search_term_string}"},"query-input":{"@type":"PropertyValueSpecification","valueRequired":true,"valueName":"search_term_string"}}],"inLanguage":"en-US"},{"@type":"Organization","@id":"https:\/\/www.hotel-stoecklwirt.at\/#organization","name":"stoecklwirt","url":"https:\/\/www.hotel-stoecklwirt.at\/","logo":{"@type":"ImageObject","inLanguage":"en-US","@id":"https:\/\/www.hotel-stoecklwirt.at\/#\/schema\/logo\/image\/","url":"https:\/\/www.hotel-stoecklwirt.at\/wp-content\/uploads\/2020\/06\/cropped-stoecklwirt.png","contentUrl":"https:\/\/www.hotel-stoecklwirt.at\/wp-content\/uploads\/2020\/06\/cropped-stoecklwirt.png","width":389,"height":115,"caption":"stoecklwirt"},"image":{"@id":"https:\/\/www.hotel-stoecklwirt.at\/#\/schema\/logo\/image\/"},"sameAs":["https:\/\/www.facebook.com\/Hotel-Restaurant-St\u00f6cklwirt-197773290291251\/?fref=ts"]}]}},"_links":{"self":[{"href":"https:\/\/www.hotel-stoecklwirt.at\/en\/wp-json\/wp\/v2\/pages\/3696","targetHints":{"allow":["GET"]}}],"collection":[{"href":"https:\/\/www.hotel-stoecklwirt.at\/en\/wp-json\/wp\/v2\/pages"}],"about":[{"href":"https:\/\/www.hotel-stoecklwirt.at\/en\/wp-json\/wp\/v2\/types\/page"}],"author":[{"embeddable":true,"href":"https:\/\/www.hotel-stoecklwirt.at\/en\/wp-json\/wp\/v2\/users\/1"}],"replies":[{"embeddable":true,"href":"https:\/\/www.hotel-stoecklwirt.at\/en\/wp-json\/wp\/v2\/comments?post=3696"}],"version-history":[{"count":9,"href":"https:\/\/www.hotel-stoecklwirt.at\/en\/wp-json\/wp\/v2\/pages\/3696\/revisions"}],"predecessor-version":[{"id":3788,"href":"https:\/\/www.hotel-stoecklwirt.at\/en\/wp-json\/wp\/v2\/pages\/3696\/revisions\/3788"}],"wp:attachment":[{"href":"https:\/\/www.hotel-stoecklwirt.at\/en\/wp-json\/wp\/v2\/media?parent=3696"}],"curies":[{"name":"wp","href":"https:\/\/api.w.org\/{rel}","templated":true}]}}