{"id":376,"date":"2016-11-22T10:34:15","date_gmt":"2016-11-22T09:34:15","guid":{"rendered":"http:\/\/www.hotel-stoecklwirt.at\/?page_id=376"},"modified":"2025-10-14T13:19:54","modified_gmt":"2025-10-14T11:19:54","slug":"komfort-plus-doppelzimmer-wanderparadies","status":"publish","type":"page","link":"https:\/\/www.hotel-stoecklwirt.at\/en\/komfort-plus-doppelzimmer-wanderparadies\/","title":{"rendered":"Comfort Double Room"},"content":{"rendered":"<div id=\"pl-376\"  class=\"panel-layout\" ><div id=\"pg-376-0\"  class=\"panel-grid panel-no-style\" ><div id=\"pgc-376-0-0\"  class=\"panel-grid-cell\" ><div id=\"panel-376-0-0-0\" class=\"so-panel widget widget_black-studio-tinymce widget_black_studio_tinymce panel-first-child panel-last-child\" data-index=\"0\" ><div class=\"textwidget\"><p>\n\t\t<!-- MasterSlider -->\n\t\t<div id=\"P_MS69fc7497366cd\" class=\"master-slider-parent msl ms-parent-id-18\" style=\"\">\n\n\t\t\t\n\t\t\t<!-- MasterSlider Main -->\n\t\t\t<div id=\"MS69fc7497366cd\" class=\"master-slider ms-skin-light-6 round-skin\" >\n\t\t\t\t \t\t\t\t \n\t\t\t\t<div  class=\"ms-slide\" data-delay=\"3\" data-fill-mode=\"fill\"  >\n\t\t\t\t\t<img decoding=\"async\" src=\"https:\/\/www.hotel-stoecklwirt.at\/wp-content\/plugins\/master-slider\/public\/assets\/css\/blank.gif\" alt=\"\" title=\"\" data-src=\"https:\/\/www.hotel-stoecklwirt.at\/wp-content\/uploads\/2016\/12\/komfortzimmer-stoecklwirt-1.jpg\" \/>\n\n\n\t<div class=\"ms-thumb\" ><div class=\"ms-tab-context\"><div class=\"&quot;ms-tab-context&quot;\"><\/div><\/div>\n<\/div>\n\t\t\t\t<\/div>\n\t\t\t\t<div  class=\"ms-slide\" data-delay=\"3\" data-fill-mode=\"fill\"  >\n\t\t\t\t\t<img decoding=\"async\" src=\"https:\/\/www.hotel-stoecklwirt.at\/wp-content\/plugins\/master-slider\/public\/assets\/css\/blank.gif\" alt=\"\" title=\"\" data-src=\"https:\/\/www.hotel-stoecklwirt.at\/wp-content\/uploads\/2016\/12\/doppelzimmer-komfort-plus-2.jpg\" \/>\n\n\n\t<div class=\"ms-thumb\" ><div class=\"ms-tab-context\"><div class=\"&quot;ms-tab-context&quot;\"><\/div><\/div>\n<\/div>\n\t\t\t\t<\/div>\n\t\t\t\t<div  class=\"ms-slide\" data-delay=\"3\" data-fill-mode=\"fill\"  >\n\t\t\t\t\t<img decoding=\"async\" src=\"https:\/\/www.hotel-stoecklwirt.at\/wp-content\/plugins\/master-slider\/public\/assets\/css\/blank.gif\" alt=\"\" title=\"\" data-src=\"https:\/\/www.hotel-stoecklwirt.at\/wp-content\/uploads\/2016\/12\/badezimmer-kofort-plus-stoecklwirt-2.jpg\" \/>\n\n\n\t<div class=\"ms-thumb\" ><div class=\"ms-tab-context\"><div class=\"&quot;ms-tab-context&quot;\"><\/div><\/div>\n<\/div>\n\t\t\t\t<\/div>\n\n\t\t\t<\/div>\n\t\t\t<!-- END MasterSlider Main -->\n\n\t\t\t \n\t\t<\/div>\n\t\t<!-- END MasterSlider -->\n\n\t\t<script>\n\t\t(function ( $ ) {\n\t\t\t\"use strict\";\n\n\t\t\t$(function () {\n\t\t\t\tvar masterslider_66cd = new MasterSlider();\n\n\t\t\t\t\/\/ slider controls\n\t\t\t\tmasterslider_66cd.control('arrows'     ,{ autohide:true, overVideo:true  });\t\t\t\tmasterslider_66cd.control('bullets'    ,{ autohide:true, overVideo:true, dir:'h', align:'bottom' , margin:10  });\n\n\t\t\t\tmasterslider_66cd.control('scrollbar'  ,{ autohide:true, overVideo:true, dir:'h', inset:true, align:'top', color:'#404040' , margin:10  , width:4 });\n\t\t\t\t\/\/ slider setup\n\t\t\t\tmasterslider_66cd.setup(\"MS69fc7497366cd\", {\n\t\t\t\t\t\twidth           : 800,\n\t\t\t\t\t\theight          : 480,\n\t\t\t\t\t\tminHeight       : 0,\n\t\t\t\t\t\tspace           : 0,\n\t\t\t\t\t\tstart           : 1,\n\t\t\t\t\t\tgrabCursor      : true,\n\t\t\t\t\t\tswipe           : true,\n\t\t\t\t\t\tmouse           : true,\n\t\t\t\t\t\tlayout          : \"fullwidth\",\n\t\t\t\t\t\twheel           : false,\n\t\t\t\t\t\tautoplay        : true,\n\t\t\t\t\t\tinstantStartLayers:false,\n\t\t\t\t\t\tloop            : false,\n\t\t\t\t\t\tshuffle         : false,\n\t\t\t\t\t\tpreload         : 0,\n\t\t\t\t\t\theightLimit     : true,\n\t\t\t\t\t\tautoHeight      : true,\n\t\t\t\t\t\tsmoothHeight    : true,\n\t\t\t\t\t\tendPause        : false,\n\t\t\t\t\t\toverPause       : true,\n\t\t\t\t\t\tfillMode        : \"fill\",\n\t\t\t\t\t\tcenterControls  : false,\n\t\t\t\t\t\tstartOnAppear   : false,\n\t\t\t\t\t\tlayersMode      : \"center\",\n\t\t\t\t\t\thideLayers      : false,\n\t\t\t\t\t\tfullscreenMargin: 0,\n\t\t\t\t\t\tspeed           : 20,\n\t\t\t\t\t\tdir             : \"h\",\n\t\t\t\t\t\tparallaxMode    : 'swipe',\n\t\t\t\t\t\tview            : \"basic\"\n\t\t\t\t});\n\n\t\t\t\t\n\t\t\t\twindow.masterslider_instances = window.masterslider_instances || [];\n\t\t\t\twindow.masterslider_instances.push( masterslider_66cd );\n\t\t\t });\n\n\t\t})(jQuery);\n\t\t<\/script>\n\n<\/p>\n<\/div><\/div><\/div><\/div><div id=\"pg-376-1\"  class=\"panel-grid panel-no-style\" ><div id=\"pgc-376-1-0\"  class=\"panel-grid-cell\" ><div id=\"panel-376-1-0-0\" class=\"so-panel widget widget_black-studio-tinymce widget_black_studio_tinymce panel-first-child panel-last-child\" data-index=\"1\" ><div class=\"textwidget\"><h3>Comfort Double Room<\/h3>\n<p>Our spacious Comfort Rooms for 2 to 4 guests are equipped with:<\/p>\n<ul>\n<li>Shower<\/li>\n<li>Separate lavatory<\/li>\n<li>Double sinks<\/li>\n<li>Blow dryer<\/li>\n<li>Desk<\/li>\n<li>Flat screen TV<\/li>\n<li>Seating accommodation or 3sofa bed<\/li>\n<li>Balcony or roof terrace<\/li>\n<\/ul>\n<\/div><\/div><\/div><div id=\"pgc-376-1-1\"  class=\"panel-grid-cell\" ><div id=\"panel-376-1-1-0\" class=\"so-panel widget widget_black-studio-tinymce widget_black_studio_tinymce panel-first-child panel-last-child\" data-index=\"2\" ><div class=\"textwidget\"><p><iframe loading=\"lazy\" src=\"https:\/\/www.google.com\/maps\/embed?pb=!1m0!3m2!1sde!2sat!4v1480358208854!6m8!1m7!1sAffAGscHmYAAAAQvvJL5SA!2m2!1d47.34946500592205!2d13.20337473366169!3f269!4f0!5f0.7820865974627469\" width=\"700\" height=\"450\" frameborder=\"0\" style=\"border:0\" allowfullscreen><\/iframe><\/p>\n<\/div><\/div><\/div><\/div><div id=\"pg-376-2\"  class=\"panel-grid panel-no-style\" ><div id=\"pgc-376-2-0\"  class=\"panel-grid-cell\" ><div id=\"panel-376-2-0-0\" class=\"so-panel widget widget_black-studio-tinymce widget_black_studio_tinymce panel-first-child panel-last-child\" data-index=\"3\" ><div class=\"textwidget\"><\/p>\n<h3 style=\"text-align: center;\"><a href=\"https:\/\/hotel-stoecklwirt.at\/kontakt-und-anfrage-stoecklwirt\/\">Book now<\/a><\/h3><\/p>\n<\/div><\/div><\/div><\/div><\/div>","protected":false},"excerpt":{"rendered":"<p>Comfort Double Room Our spacious Comfort Rooms for 2 to 4 guests are equipped with: Shower Separate lavatory Double sinks Blow dryer Desk Flat screen TV Seating accommodation or 3sofa &#8230;<\/p>\n","protected":false},"author":1,"featured_media":0,"parent":0,"menu_order":0,"comment_status":"closed","ping_status":"closed","template":"","meta":{"_monsterinsights_skip_tracking":false,"_monsterinsights_sitenote_active":false,"_monsterinsights_sitenote_note":"","_monsterinsights_sitenote_category":0,"_themeisle_gutenberg_block_has_review":false,"footnotes":""},"class_list":["post-376","page","type-page","status-publish","hentry"],"yoast_head":"<!-- This site is optimized with the Yoast SEO plugin v26.4 - https:\/\/yoast.com\/wordpress\/plugins\/seo\/ -->\n<title>Comfort Double Room - stoecklwirt<\/title>\n<meta name=\"description\" content=\"Komfort-Plus Doppelzimmer Unsere ger\u00e4umigen Komfort-Zimmer f\u00fcr 2 bis 4 Personen sind ausgestattet mit: Dusche, WC extra, Doppelwaschbecken, uvm.Komfort Doppelzimmer Unsere ger\u00e4umigen Komfort-Zimmer f\u00fcr 2 bis 4 Personen sind ausgestattet mit: Dusche, WC extra, Doppelwaschbecken, uvm.\" \/>\n<meta name=\"robots\" content=\"index, follow, max-snippet:-1, max-image-preview:large, max-video-preview:-1\" \/>\n<link rel=\"canonical\" href=\"https:\/\/www.hotel-stoecklwirt.at\/komfort-plus-doppelzimmer-wanderparadies\/\" \/>\n<meta property=\"og:locale\" content=\"en_US\" \/>\n<meta property=\"og:type\" content=\"article\" \/>\n<meta property=\"og:title\" content=\"Comfort Double Room - stoecklwirt\" \/>\n<meta property=\"og:description\" content=\"{:de}Komfort-Plus Doppelzimmer Unsere ger\u00e4umigen Komfort-Zimmer f\u00fcr 2 bis 4 Personen sind ausgestattet mit: Dusche, WC extra, Doppelwaschbecken, uvm.{:en}{:de}Komfort Doppelzimmer Unsere ger\u00e4umigen Komfort-Zimmer f\u00fcr 2 bis 4 Personen sind ausgestattet mit: Dusche, WC extra, Doppelwaschbecken, uvm.{:}{:}\" \/>\n<meta property=\"og:url\" content=\"https:\/\/www.hotel-stoecklwirt.at\/komfort-plus-doppelzimmer-wanderparadies\/\" \/>\n<meta property=\"og:site_name\" content=\"stoecklwirt\" \/>\n<meta property=\"article:publisher\" content=\"https:\/\/www.facebook.com\/Hotel-Restaurant-St%c3%b6cklwirt-197773290291251\/?fref=ts\" \/>\n<meta property=\"article:modified_time\" content=\"2025-10-14T11:19:54+00:00\" \/>\n<meta property=\"og:image\" content=\"https:\/\/www.hotel-stoecklwirt.at\/wp-content\/plugins\/master-slider\/public\/assets\/css\/blank.gif\" \/>\n<meta name=\"twitter:card\" content=\"summary_large_image\" \/>\n<meta name=\"twitter:label1\" content=\"Est. reading time\" \/>\n\t<meta name=\"twitter:data1\" content=\"1 minute\" \/>\n<script type=\"application\/ld+json\" class=\"yoast-schema-graph\">{\"@context\":\"https:\/\/schema.org\",\"@graph\":[{\"@type\":\"WebPage\",\"@id\":\"https:\/\/www.hotel-stoecklwirt.at\/komfort-plus-doppelzimmer-wanderparadies\/\",\"url\":\"https:\/\/www.hotel-stoecklwirt.at\/komfort-plus-doppelzimmer-wanderparadies\/\",\"name\":\"Comfort Double Room - stoecklwirt\",\"isPartOf\":{\"@id\":\"https:\/\/www.hotel-stoecklwirt.at\/#website\"},\"primaryImageOfPage\":{\"@id\":\"https:\/\/www.hotel-stoecklwirt.at\/komfort-plus-doppelzimmer-wanderparadies\/#primaryimage\"},\"image\":{\"@id\":\"https:\/\/www.hotel-stoecklwirt.at\/komfort-plus-doppelzimmer-wanderparadies\/#primaryimage\"},\"thumbnailUrl\":\"https:\/\/www.hotel-stoecklwirt.at\/wp-content\/plugins\/master-slider\/public\/assets\/css\/blank.gif\",\"datePublished\":\"2016-11-22T09:34:15+00:00\",\"dateModified\":\"2025-10-14T11:19:54+00:00\",\"description\":\"{:de}Komfort-Plus Doppelzimmer Unsere ger\u00e4umigen Komfort-Zimmer f\u00fcr 2 bis 4 Personen sind ausgestattet mit: Dusche, WC extra, Doppelwaschbecken, uvm.{:en}{:de}Komfort Doppelzimmer Unsere ger\u00e4umigen Komfort-Zimmer f\u00fcr 2 bis 4 Personen sind ausgestattet mit: Dusche, WC extra, Doppelwaschbecken, uvm.{:}{:}\",\"breadcrumb\":{\"@id\":\"https:\/\/www.hotel-stoecklwirt.at\/komfort-plus-doppelzimmer-wanderparadies\/#breadcrumb\"},\"inLanguage\":\"en-US\",\"potentialAction\":[{\"@type\":\"ReadAction\",\"target\":[\"https:\/\/www.hotel-stoecklwirt.at\/komfort-plus-doppelzimmer-wanderparadies\/\"]}]},{\"@type\":\"ImageObject\",\"inLanguage\":\"en-US\",\"@id\":\"https:\/\/www.hotel-stoecklwirt.at\/komfort-plus-doppelzimmer-wanderparadies\/#primaryimage\",\"url\":\"https:\/\/www.hotel-stoecklwirt.at\/wp-content\/plugins\/master-slider\/public\/assets\/css\/blank.gif\",\"contentUrl\":\"https:\/\/www.hotel-stoecklwirt.at\/wp-content\/plugins\/master-slider\/public\/assets\/css\/blank.gif\"},{\"@type\":\"BreadcrumbList\",\"@id\":\"https:\/\/www.hotel-stoecklwirt.at\/komfort-plus-doppelzimmer-wanderparadies\/#breadcrumb\",\"itemListElement\":[{\"@type\":\"ListItem\",\"position\":1,\"name\":\"Startseite\",\"item\":\"https:\/\/www.hotel-stoecklwirt.at\/\"},{\"@type\":\"ListItem\",\"position\":2,\"name\":\"Komfort Doppelzimmer im Wanderparadies St.Johann\"}]},{\"@type\":\"WebSite\",\"@id\":\"https:\/\/www.hotel-stoecklwirt.at\/#website\",\"url\":\"https:\/\/www.hotel-stoecklwirt.at\/\",\"name\":\"stoecklwirt\",\"description\":\"Hotel Restaurant Stoecklwirt - Spitzenk\u00fcche und ansprechende Doppelzimmer in TOP Lage\",\"publisher\":{\"@id\":\"https:\/\/www.hotel-stoecklwirt.at\/#organization\"},\"potentialAction\":[{\"@type\":\"SearchAction\",\"target\":{\"@type\":\"EntryPoint\",\"urlTemplate\":\"https:\/\/www.hotel-stoecklwirt.at\/?s={search_term_string}\"},\"query-input\":{\"@type\":\"PropertyValueSpecification\",\"valueRequired\":true,\"valueName\":\"search_term_string\"}}],\"inLanguage\":\"en-US\"},{\"@type\":\"Organization\",\"@id\":\"https:\/\/www.hotel-stoecklwirt.at\/#organization\",\"name\":\"stoecklwirt\",\"url\":\"https:\/\/www.hotel-stoecklwirt.at\/\",\"logo\":{\"@type\":\"ImageObject\",\"inLanguage\":\"en-US\",\"@id\":\"https:\/\/www.hotel-stoecklwirt.at\/#\/schema\/logo\/image\/\",\"url\":\"https:\/\/www.hotel-stoecklwirt.at\/wp-content\/uploads\/2020\/06\/cropped-stoecklwirt.png\",\"contentUrl\":\"https:\/\/www.hotel-stoecklwirt.at\/wp-content\/uploads\/2020\/06\/cropped-stoecklwirt.png\",\"width\":389,\"height\":115,\"caption\":\"stoecklwirt\"},\"image\":{\"@id\":\"https:\/\/www.hotel-stoecklwirt.at\/#\/schema\/logo\/image\/\"},\"sameAs\":[\"https:\/\/www.facebook.com\/Hotel-Restaurant-St\u00f6cklwirt-197773290291251\/?fref=ts\"]}]}<\/script>\n<!-- \/ Yoast SEO plugin. -->","yoast_head_json":{"title":"Comfort Double Room - stoecklwirt","description":"Komfort-Plus Doppelzimmer Unsere ger\u00e4umigen Komfort-Zimmer f\u00fcr 2 bis 4 Personen sind ausgestattet mit: Dusche, WC extra, Doppelwaschbecken, uvm.Komfort Doppelzimmer Unsere ger\u00e4umigen Komfort-Zimmer f\u00fcr 2 bis 4 Personen sind ausgestattet mit: Dusche, WC extra, Doppelwaschbecken, uvm.","robots":{"index":"index","follow":"follow","max-snippet":"max-snippet:-1","max-image-preview":"max-image-preview:large","max-video-preview":"max-video-preview:-1"},"canonical":"https:\/\/www.hotel-stoecklwirt.at\/komfort-plus-doppelzimmer-wanderparadies\/","og_locale":"en_US","og_type":"article","og_title":"Comfort Double Room - stoecklwirt","og_description":"{:de}Komfort-Plus Doppelzimmer Unsere ger\u00e4umigen Komfort-Zimmer f\u00fcr 2 bis 4 Personen sind ausgestattet mit: Dusche, WC extra, Doppelwaschbecken, uvm.{:en}{:de}Komfort Doppelzimmer Unsere ger\u00e4umigen Komfort-Zimmer f\u00fcr 2 bis 4 Personen sind ausgestattet mit: Dusche, WC extra, Doppelwaschbecken, uvm.{:}{:}","og_url":"https:\/\/www.hotel-stoecklwirt.at\/komfort-plus-doppelzimmer-wanderparadies\/","og_site_name":"stoecklwirt","article_publisher":"https:\/\/www.facebook.com\/Hotel-Restaurant-St%c3%b6cklwirt-197773290291251\/?fref=ts","article_modified_time":"2025-10-14T11:19:54+00:00","og_image":[{"url":"https:\/\/www.hotel-stoecklwirt.at\/wp-content\/plugins\/master-slider\/public\/assets\/css\/blank.gif","type":"","width":"","height":""}],"twitter_card":"summary_large_image","twitter_misc":{"Est. reading time":"1 minute"},"schema":{"@context":"https:\/\/schema.org","@graph":[{"@type":"WebPage","@id":"https:\/\/www.hotel-stoecklwirt.at\/komfort-plus-doppelzimmer-wanderparadies\/","url":"https:\/\/www.hotel-stoecklwirt.at\/komfort-plus-doppelzimmer-wanderparadies\/","name":"Comfort Double Room - stoecklwirt","isPartOf":{"@id":"https:\/\/www.hotel-stoecklwirt.at\/#website"},"primaryImageOfPage":{"@id":"https:\/\/www.hotel-stoecklwirt.at\/komfort-plus-doppelzimmer-wanderparadies\/#primaryimage"},"image":{"@id":"https:\/\/www.hotel-stoecklwirt.at\/komfort-plus-doppelzimmer-wanderparadies\/#primaryimage"},"thumbnailUrl":"https:\/\/www.hotel-stoecklwirt.at\/wp-content\/plugins\/master-slider\/public\/assets\/css\/blank.gif","datePublished":"2016-11-22T09:34:15+00:00","dateModified":"2025-10-14T11:19:54+00:00","description":"{:de}Komfort-Plus Doppelzimmer Unsere ger\u00e4umigen Komfort-Zimmer f\u00fcr 2 bis 4 Personen sind ausgestattet mit: Dusche, WC extra, Doppelwaschbecken, uvm.{:en}{:de}Komfort Doppelzimmer Unsere ger\u00e4umigen Komfort-Zimmer f\u00fcr 2 bis 4 Personen sind ausgestattet mit: Dusche, WC extra, Doppelwaschbecken, uvm.{:}{:}","breadcrumb":{"@id":"https:\/\/www.hotel-stoecklwirt.at\/komfort-plus-doppelzimmer-wanderparadies\/#breadcrumb"},"inLanguage":"en-US","potentialAction":[{"@type":"ReadAction","target":["https:\/\/www.hotel-stoecklwirt.at\/komfort-plus-doppelzimmer-wanderparadies\/"]}]},{"@type":"ImageObject","inLanguage":"en-US","@id":"https:\/\/www.hotel-stoecklwirt.at\/komfort-plus-doppelzimmer-wanderparadies\/#primaryimage","url":"https:\/\/www.hotel-stoecklwirt.at\/wp-content\/plugins\/master-slider\/public\/assets\/css\/blank.gif","contentUrl":"https:\/\/www.hotel-stoecklwirt.at\/wp-content\/plugins\/master-slider\/public\/assets\/css\/blank.gif"},{"@type":"BreadcrumbList","@id":"https:\/\/www.hotel-stoecklwirt.at\/komfort-plus-doppelzimmer-wanderparadies\/#breadcrumb","itemListElement":[{"@type":"ListItem","position":1,"name":"Startseite","item":"https:\/\/www.hotel-stoecklwirt.at\/"},{"@type":"ListItem","position":2,"name":"Komfort Doppelzimmer im Wanderparadies St.Johann"}]},{"@type":"WebSite","@id":"https:\/\/www.hotel-stoecklwirt.at\/#website","url":"https:\/\/www.hotel-stoecklwirt.at\/","name":"stoecklwirt","description":"Hotel Restaurant Stoecklwirt - Spitzenk\u00fcche und ansprechende Doppelzimmer in TOP Lage","publisher":{"@id":"https:\/\/www.hotel-stoecklwirt.at\/#organization"},"potentialAction":[{"@type":"SearchAction","target":{"@type":"EntryPoint","urlTemplate":"https:\/\/www.hotel-stoecklwirt.at\/?s={search_term_string}"},"query-input":{"@type":"PropertyValueSpecification","valueRequired":true,"valueName":"search_term_string"}}],"inLanguage":"en-US"},{"@type":"Organization","@id":"https:\/\/www.hotel-stoecklwirt.at\/#organization","name":"stoecklwirt","url":"https:\/\/www.hotel-stoecklwirt.at\/","logo":{"@type":"ImageObject","inLanguage":"en-US","@id":"https:\/\/www.hotel-stoecklwirt.at\/#\/schema\/logo\/image\/","url":"https:\/\/www.hotel-stoecklwirt.at\/wp-content\/uploads\/2020\/06\/cropped-stoecklwirt.png","contentUrl":"https:\/\/www.hotel-stoecklwirt.at\/wp-content\/uploads\/2020\/06\/cropped-stoecklwirt.png","width":389,"height":115,"caption":"stoecklwirt"},"image":{"@id":"https:\/\/www.hotel-stoecklwirt.at\/#\/schema\/logo\/image\/"},"sameAs":["https:\/\/www.facebook.com\/Hotel-Restaurant-St\u00f6cklwirt-197773290291251\/?fref=ts"]}]}},"_links":{"self":[{"href":"https:\/\/www.hotel-stoecklwirt.at\/en\/wp-json\/wp\/v2\/pages\/376","targetHints":{"allow":["GET"]}}],"collection":[{"href":"https:\/\/www.hotel-stoecklwirt.at\/en\/wp-json\/wp\/v2\/pages"}],"about":[{"href":"https:\/\/www.hotel-stoecklwirt.at\/en\/wp-json\/wp\/v2\/types\/page"}],"author":[{"embeddable":true,"href":"https:\/\/www.hotel-stoecklwirt.at\/en\/wp-json\/wp\/v2\/users\/1"}],"replies":[{"embeddable":true,"href":"https:\/\/www.hotel-stoecklwirt.at\/en\/wp-json\/wp\/v2\/comments?post=376"}],"version-history":[{"count":26,"href":"https:\/\/www.hotel-stoecklwirt.at\/en\/wp-json\/wp\/v2\/pages\/376\/revisions"}],"predecessor-version":[{"id":4333,"href":"https:\/\/www.hotel-stoecklwirt.at\/en\/wp-json\/wp\/v2\/pages\/376\/revisions\/4333"}],"wp:attachment":[{"href":"https:\/\/www.hotel-stoecklwirt.at\/en\/wp-json\/wp\/v2\/media?parent=376"}],"curies":[{"name":"wp","href":"https:\/\/api.w.org\/{rel}","templated":true}]}}