{"id":384,"date":"2016-11-22T10:35:33","date_gmt":"2016-11-22T09:35:33","guid":{"rendered":"http:\/\/www.hotel-stoecklwirt.at\/?page_id=384"},"modified":"2025-12-14T20:11:19","modified_gmt":"2025-12-14T19:11:19","slug":"buchungsinformationen","status":"publish","type":"page","link":"https:\/\/www.hotel-stoecklwirt.at\/en\/buchungsinformationen\/","title":{"rendered":"Booking information"},"content":{"rendered":"<div id=\"pl-384\"  class=\"panel-layout\" ><div id=\"pg-384-0\"  class=\"panel-grid panel-no-style\" ><div id=\"pgc-384-0-0\"  class=\"panel-grid-cell\" ><div id=\"panel-384-0-0-0\" class=\"so-panel widget widget_black-studio-tinymce widget_black_studio_tinymce panel-first-child panel-last-child\" data-index=\"0\" ><div class=\"textwidget\"><p><strong><span class=\"\" style=\"display:block;clear:both;height: 0px;padding-top: 40px;border-top-width:0px;border-bottom-width:0px;\"><\/span>Opening times hotel:<\/strong><\/p>\n<p>Open the whole year.<span class=\"\" style=\"display:block;clear:both;height: 0px;padding-top: 20px;border-top-width:0px;border-bottom-width:0px;\"><\/span><\/p>\n<p><strong>Opening times restaurant<\/strong><\/p>\n<p>Wednesday to Monday from 11.30 am on.<br \/>\nTuesday closed.<br \/>\n<strong><\/strong><br \/>\nspacer height=\"20px\"]<\/p>\n<p><strong>Front desk:<\/strong><\/p>\n<p>We are available daily from 9am to 9pm.<span class=\"\" style=\"display:block;clear:both;height: 0px;padding-top: 20px;border-top-width:0px;border-bottom-width:0px;\"><\/span><\/p>\n<p><strong>Sauna area:<\/strong><\/p>\n<p>Open in winter (22.12.-20.03.) daily from 3pm to 7pm.<br \/>\nOur wellness area is a quiet zone and therefore reserved exclusively for adults (16 years and older)<span class=\"\" style=\"display:block;clear:both;height: 0px;padding-top: 20px;border-top-width:0px;border-bottom-width:0px;\"><\/span><\/p>\n<p><strong>Arrival\/departure:<\/strong><\/p>\n<p>Check In from 3 pm to 6 pm and Check out until 10 am.<br \/>\nEarly check in or late check out available on request and for an extra charge.<span class=\"\" style=\"display:block;clear:both;height: 0px;padding-top: 20px;border-top-width:0px;border-bottom-width:0px;\"><\/span><\/p>\n<p><strong>Double room for single occupancy:<\/strong><\/p>\n<p>When booking a double room for a single guest, there is a surcharge of 20.00 EUR per day for each category.<span class=\"\" style=\"display:block;clear:both;height: 0px;padding-top: 20px;border-top-width:0px;border-bottom-width:0px;\"><\/span><\/p>\n<p><strong>Child discount:<\/strong><\/p>\n<p>Children accommodated in your room receive a discount of 10%. (up to 14 years)<br \/>\nValid only for children staying in their parents' room incl. children's menu.<span class=\"\" style=\"display:block;clear:both;height: 0px;padding-top: 20px;border-top-width:0px;border-bottom-width:0px;\"><\/span><\/p>\n<p><strong>Payment options:<\/strong><\/p>\n<ul>\n<li>Cash (Euro)<\/li>\n<li>Maestro\/EC-card<\/li>\n<li>Visa<\/li>\n<li>Euro-\/Mastercard.<span class=\"\" style=\"display:block;clear:both;height: 0px;padding-top: 20px;border-top-width:0px;border-bottom-width:0px;\"><\/span><\/li>\n<\/ul>\n<p><strong>Non smoking rooms:<\/strong><\/p>\n<p>Smoking is prohibited in all guest rooms, as well as in all public areas. The hotel is a non-smoking hotel.<span class=\"\" style=\"display:block;clear:both;height: 0px;padding-top: 20px;border-top-width:0px;border-bottom-width:0px;\"><\/span><\/p>\n<p><strong>Pet policy:<\/strong><\/p>\n<p>Pets are not allowed in our hotel.<span class=\"\" style=\"display:block;clear:both;height: 0px;padding-top: 20px;border-top-width:0px;border-bottom-width:0px;\"><\/span><\/p>\n<p><strong>Cancellation policy:<\/strong><\/p>\n<p>Please understand that we can accept room cancellations in writing only. Cancellations or early departures are subject to the  <a href=\"http:\/\/www.hotelverband.at\/down\/AGBH_061115.pdf\" target=\"_blank\">Austrian Hotel Regulations.<\/a>.<\/p>\n<p>On the <a href=\"https:\/\/www.europaeische.at\/privatreisen\/reisen-ins-ausland\/komplett-schutz.html?gclid=Cj0KEQiAsf_BBRDMpoOHw4aSq4QBEiQAPm7DLymMTwePzQALP3j9QTc74B6350guGDznMuT3m7o6fSwaAqaf8P8HAQ\" target=\"_blank\">European Travel Insurance<\/a> website, you may take out insurance directly to insure yourself against possible expenses in case of cancellations.<\/p>\n<p><a href=\"https:\/\/www.europaeische.at\/privatreisen\/reisen-ins-ausland\/komplett-schutz.html?gclid=Cj0KEQiAsf_BBRDMpoOHw4aSq4QBEiQAPm7DLymMTwePzQALP3j9QTc74B6350guGDznMuT3m7o6fSwaAqaf8P8HAQ\" target=\"_blank\">Direct link to European Travel Insurance<\/a><\/p>\n<\/div><\/div><\/div><\/div><\/div>","protected":false},"excerpt":{"rendered":"<p>Opening times hotel: Open the whole year. Opening times restaurant Wednesday to Monday from 11.30 am on. Tuesday closed. spacer height=&#8221;20px&#8221;] Front desk: We are available daily from 9am to &#8230;<\/p>\n","protected":false},"author":1,"featured_media":0,"parent":0,"menu_order":0,"comment_status":"closed","ping_status":"closed","template":"","meta":{"_monsterinsights_skip_tracking":false,"_monsterinsights_sitenote_active":false,"_monsterinsights_sitenote_note":"","_monsterinsights_sitenote_category":0,"_themeisle_gutenberg_block_has_review":false,"footnotes":""},"class_list":["post-384","page","type-page","status-publish","hentry"],"yoast_head":"<!-- This site is optimized with the Yoast SEO plugin v26.4 - https:\/\/yoast.com\/wordpress\/plugins\/seo\/ -->\n<title>Buchungsinformationen Hotel Restaurant St\u00f6cklwirt<\/title>\n<meta name=\"description\" content=\"Buchungsinformationen Hotel Restaurant St\u00f6cklwirt. Unser Wohlf\u00fchlbereich ist eine Ruhezone und daher ausschlie\u00dflich Erwachsenen vorbehalten\" \/>\n<meta name=\"robots\" content=\"index, follow, max-snippet:-1, max-image-preview:large, max-video-preview:-1\" \/>\n<link rel=\"canonical\" href=\"https:\/\/www.hotel-stoecklwirt.at\/buchungsinformationen\/\" \/>\n<meta property=\"og:locale\" content=\"en_US\" \/>\n<meta property=\"og:type\" content=\"article\" \/>\n<meta property=\"og:title\" content=\"[:de]Buchungsinformationen Hotel Restaurant St\u00f6cklwirt [:]\" \/>\n<meta property=\"og:description\" content=\"{:de}Buchungsinformationen Hotel Restaurant St\u00f6cklwirt. Unser Wohlf\u00fchlbereich ist eine Ruhezone und daher ausschlie\u00dflich Erwachsenen vorbehalten{:}\" \/>\n<meta property=\"og:url\" content=\"https:\/\/www.hotel-stoecklwirt.at\/buchungsinformationen\/\" \/>\n<meta property=\"og:site_name\" content=\"stoecklwirt\" \/>\n<meta property=\"article:publisher\" content=\"https:\/\/www.facebook.com\/Hotel-Restaurant-St%c3%b6cklwirt-197773290291251\/?fref=ts\" \/>\n<meta property=\"article:modified_time\" content=\"2025-12-14T19:11:19+00:00\" \/>\n<meta property=\"og:image\" content=\"https:\/\/www.hotel-stoecklwirt.at\/wp-content\/uploads\/2016\/12\/weinstube-stoecklwirt.jpg\" \/>\n\t<meta property=\"og:image:width\" content=\"2048\" \/>\n\t<meta property=\"og:image:height\" content=\"1366\" \/>\n\t<meta property=\"og:image:type\" content=\"image\/jpeg\" \/>\n<meta name=\"twitter:card\" content=\"summary_large_image\" \/>\n<meta name=\"twitter:label1\" content=\"Est. reading time\" \/>\n\t<meta name=\"twitter:data1\" content=\"3 minutes\" \/>\n<script type=\"application\/ld+json\" class=\"yoast-schema-graph\">{\"@context\":\"https:\/\/schema.org\",\"@graph\":[{\"@type\":\"WebPage\",\"@id\":\"https:\/\/www.hotel-stoecklwirt.at\/buchungsinformationen\/\",\"url\":\"https:\/\/www.hotel-stoecklwirt.at\/buchungsinformationen\/\",\"name\":\"[:de]Buchungsinformationen Hotel Restaurant St\u00f6cklwirt [:]\",\"isPartOf\":{\"@id\":\"https:\/\/www.hotel-stoecklwirt.at\/#website\"},\"datePublished\":\"2016-11-22T09:35:33+00:00\",\"dateModified\":\"2025-12-14T19:11:19+00:00\",\"description\":\"{:de}Buchungsinformationen Hotel Restaurant St\u00f6cklwirt. Unser Wohlf\u00fchlbereich ist eine Ruhezone und daher ausschlie\u00dflich Erwachsenen vorbehalten{:}\",\"breadcrumb\":{\"@id\":\"https:\/\/www.hotel-stoecklwirt.at\/buchungsinformationen\/#breadcrumb\"},\"inLanguage\":\"en-US\",\"potentialAction\":[{\"@type\":\"ReadAction\",\"target\":[\"https:\/\/www.hotel-stoecklwirt.at\/buchungsinformationen\/\"]}]},{\"@type\":\"BreadcrumbList\",\"@id\":\"https:\/\/www.hotel-stoecklwirt.at\/buchungsinformationen\/#breadcrumb\",\"itemListElement\":[{\"@type\":\"ListItem\",\"position\":1,\"name\":\"Startseite\",\"item\":\"https:\/\/www.hotel-stoecklwirt.at\/\"},{\"@type\":\"ListItem\",\"position\":2,\"name\":\"Buchungsinformationen\"}]},{\"@type\":\"WebSite\",\"@id\":\"https:\/\/www.hotel-stoecklwirt.at\/#website\",\"url\":\"https:\/\/www.hotel-stoecklwirt.at\/\",\"name\":\"stoecklwirt\",\"description\":\"Hotel Restaurant Stoecklwirt - Spitzenk\u00fcche und ansprechende Doppelzimmer in TOP Lage\",\"publisher\":{\"@id\":\"https:\/\/www.hotel-stoecklwirt.at\/#organization\"},\"potentialAction\":[{\"@type\":\"SearchAction\",\"target\":{\"@type\":\"EntryPoint\",\"urlTemplate\":\"https:\/\/www.hotel-stoecklwirt.at\/?s={search_term_string}\"},\"query-input\":{\"@type\":\"PropertyValueSpecification\",\"valueRequired\":true,\"valueName\":\"search_term_string\"}}],\"inLanguage\":\"en-US\"},{\"@type\":\"Organization\",\"@id\":\"https:\/\/www.hotel-stoecklwirt.at\/#organization\",\"name\":\"stoecklwirt\",\"url\":\"https:\/\/www.hotel-stoecklwirt.at\/\",\"logo\":{\"@type\":\"ImageObject\",\"inLanguage\":\"en-US\",\"@id\":\"https:\/\/www.hotel-stoecklwirt.at\/#\/schema\/logo\/image\/\",\"url\":\"https:\/\/www.hotel-stoecklwirt.at\/wp-content\/uploads\/2020\/06\/cropped-stoecklwirt.png\",\"contentUrl\":\"https:\/\/www.hotel-stoecklwirt.at\/wp-content\/uploads\/2020\/06\/cropped-stoecklwirt.png\",\"width\":389,\"height\":115,\"caption\":\"stoecklwirt\"},\"image\":{\"@id\":\"https:\/\/www.hotel-stoecklwirt.at\/#\/schema\/logo\/image\/\"},\"sameAs\":[\"https:\/\/www.facebook.com\/Hotel-Restaurant-St\u00f6cklwirt-197773290291251\/?fref=ts\"]}]}<\/script>\n<!-- \/ Yoast SEO plugin. -->","yoast_head_json":{"title":"Buchungsinformationen Hotel Restaurant St\u00f6cklwirt","description":"Buchungsinformationen Hotel Restaurant St\u00f6cklwirt. Unser Wohlf\u00fchlbereich ist eine Ruhezone und daher ausschlie\u00dflich Erwachsenen vorbehalten","robots":{"index":"index","follow":"follow","max-snippet":"max-snippet:-1","max-image-preview":"max-image-preview:large","max-video-preview":"max-video-preview:-1"},"canonical":"https:\/\/www.hotel-stoecklwirt.at\/buchungsinformationen\/","og_locale":"en_US","og_type":"article","og_title":"[:de]Buchungsinformationen Hotel Restaurant St\u00f6cklwirt [:]","og_description":"{:de}Buchungsinformationen Hotel Restaurant St\u00f6cklwirt. Unser Wohlf\u00fchlbereich ist eine Ruhezone und daher ausschlie\u00dflich Erwachsenen vorbehalten{:}","og_url":"https:\/\/www.hotel-stoecklwirt.at\/buchungsinformationen\/","og_site_name":"stoecklwirt","article_publisher":"https:\/\/www.facebook.com\/Hotel-Restaurant-St%c3%b6cklwirt-197773290291251\/?fref=ts","article_modified_time":"2025-12-14T19:11:19+00:00","og_image":[{"width":2048,"height":1366,"url":"https:\/\/www.hotel-stoecklwirt.at\/wp-content\/uploads\/2016\/12\/weinstube-stoecklwirt.jpg","type":"image\/jpeg"}],"twitter_card":"summary_large_image","twitter_misc":{"Est. reading time":"3 minutes"},"schema":{"@context":"https:\/\/schema.org","@graph":[{"@type":"WebPage","@id":"https:\/\/www.hotel-stoecklwirt.at\/buchungsinformationen\/","url":"https:\/\/www.hotel-stoecklwirt.at\/buchungsinformationen\/","name":"[:de]Buchungsinformationen Hotel Restaurant St\u00f6cklwirt [:]","isPartOf":{"@id":"https:\/\/www.hotel-stoecklwirt.at\/#website"},"datePublished":"2016-11-22T09:35:33+00:00","dateModified":"2025-12-14T19:11:19+00:00","description":"{:de}Buchungsinformationen Hotel Restaurant St\u00f6cklwirt. Unser Wohlf\u00fchlbereich ist eine Ruhezone und daher ausschlie\u00dflich Erwachsenen vorbehalten{:}","breadcrumb":{"@id":"https:\/\/www.hotel-stoecklwirt.at\/buchungsinformationen\/#breadcrumb"},"inLanguage":"en-US","potentialAction":[{"@type":"ReadAction","target":["https:\/\/www.hotel-stoecklwirt.at\/buchungsinformationen\/"]}]},{"@type":"BreadcrumbList","@id":"https:\/\/www.hotel-stoecklwirt.at\/buchungsinformationen\/#breadcrumb","itemListElement":[{"@type":"ListItem","position":1,"name":"Startseite","item":"https:\/\/www.hotel-stoecklwirt.at\/"},{"@type":"ListItem","position":2,"name":"Buchungsinformationen"}]},{"@type":"WebSite","@id":"https:\/\/www.hotel-stoecklwirt.at\/#website","url":"https:\/\/www.hotel-stoecklwirt.at\/","name":"stoecklwirt","description":"Hotel Restaurant Stoecklwirt - Spitzenk\u00fcche und ansprechende Doppelzimmer in TOP Lage","publisher":{"@id":"https:\/\/www.hotel-stoecklwirt.at\/#organization"},"potentialAction":[{"@type":"SearchAction","target":{"@type":"EntryPoint","urlTemplate":"https:\/\/www.hotel-stoecklwirt.at\/?s={search_term_string}"},"query-input":{"@type":"PropertyValueSpecification","valueRequired":true,"valueName":"search_term_string"}}],"inLanguage":"en-US"},{"@type":"Organization","@id":"https:\/\/www.hotel-stoecklwirt.at\/#organization","name":"stoecklwirt","url":"https:\/\/www.hotel-stoecklwirt.at\/","logo":{"@type":"ImageObject","inLanguage":"en-US","@id":"https:\/\/www.hotel-stoecklwirt.at\/#\/schema\/logo\/image\/","url":"https:\/\/www.hotel-stoecklwirt.at\/wp-content\/uploads\/2020\/06\/cropped-stoecklwirt.png","contentUrl":"https:\/\/www.hotel-stoecklwirt.at\/wp-content\/uploads\/2020\/06\/cropped-stoecklwirt.png","width":389,"height":115,"caption":"stoecklwirt"},"image":{"@id":"https:\/\/www.hotel-stoecklwirt.at\/#\/schema\/logo\/image\/"},"sameAs":["https:\/\/www.facebook.com\/Hotel-Restaurant-St\u00f6cklwirt-197773290291251\/?fref=ts"]}]}},"_links":{"self":[{"href":"https:\/\/www.hotel-stoecklwirt.at\/en\/wp-json\/wp\/v2\/pages\/384","targetHints":{"allow":["GET"]}}],"collection":[{"href":"https:\/\/www.hotel-stoecklwirt.at\/en\/wp-json\/wp\/v2\/pages"}],"about":[{"href":"https:\/\/www.hotel-stoecklwirt.at\/en\/wp-json\/wp\/v2\/types\/page"}],"author":[{"embeddable":true,"href":"https:\/\/www.hotel-stoecklwirt.at\/en\/wp-json\/wp\/v2\/users\/1"}],"replies":[{"embeddable":true,"href":"https:\/\/www.hotel-stoecklwirt.at\/en\/wp-json\/wp\/v2\/comments?post=384"}],"version-history":[{"count":112,"href":"https:\/\/www.hotel-stoecklwirt.at\/en\/wp-json\/wp\/v2\/pages\/384\/revisions"}],"predecessor-version":[{"id":4344,"href":"https:\/\/www.hotel-stoecklwirt.at\/en\/wp-json\/wp\/v2\/pages\/384\/revisions\/4344"}],"wp:attachment":[{"href":"https:\/\/www.hotel-stoecklwirt.at\/en\/wp-json\/wp\/v2\/media?parent=384"}],"curies":[{"name":"wp","href":"https:\/\/api.w.org\/{rel}","templated":true}]}}